{"id":4517,"date":"2023-12-15T09:46:34","date_gmt":"2023-12-15T08:46:34","guid":{"rendered":"https:\/\/lnx.babolapp.com\/unser-engagement\/"},"modified":"2025-03-25T15:54:50","modified_gmt":"2025-03-25T14:54:50","slug":"unser-engagement","status":"publish","type":"page","link":"https:\/\/tubopress.it\/de\/unser-engagement\/","title":{"rendered":"Unser Engagement"},"content":{"rendered":"<section  class=\"section-hero bg-primary position-relative alta\" style=\"background-image: url(https:\/\/tubopress.it\/wp-content\/uploads\/2024\/01\/mission-hero.jpg)\">\n            <div class=\"overlay-color\"><\/div>\n        <div class=\"container h-100\">\n        <div class=\"row h-100 align-items-center\">\n            <div class=\"col-12 z-1\">\n                <h1 class=\"text-white title-big-light tubopress-animate tubopress-animation-slide-up mb-20 text-center \">Unser Engagement<\/h1>\n            <\/div>\n            <div class=\"text-info text-center\">\n                <p class=\"text-white txt-regular tubopress-animate tubopress-animation-slide-up tubopress-animation-delay-50\">Unser Standpunkt?<\/p>\n                <p class=\"text-white txt-regular tubopress-animate tubopress-animation-slide-up tubopress-animation-delay-100\">Erfolg erzielt man durch Teamarbeit und wir sind ein Team!<\/p>\n            <\/div>\n        <\/div>\n    <\/div>\n<\/section>\n\n<section  class=\"section-titolo-testo bg-white\">\n    <div class=\"container\">\n        <h2 class=\"text-center text-primary title-s-regular mb-25 mb-lg-40 tubopress-animate tubopress-animation-slide-up\">\n            Unsere Mission        <\/h2>\n        <div class=\"text-center text-primary txt-regular tubopress-animate tubopress-animation-slide-up tubopress-animation-delay-50\">\n            <p style=\"text-align: center;\">Die Hauptakteure von Tubopress Italia sind <strong>Galileo Pellegrini<\/strong>, der 1992 seinen Abschluss als Elektroingenieur am Polytechnikum Mailand absolvierte, und <strong>Giovanna Pellegrini<\/strong>, die 1989 ihre Ausbildung als Dolmetscherin und \u00dcbersetzerin am Gymnasium &#8222;Silvio Pellico&#8220; in Mailand vollzog und 1992 ihren Studienabschluss in Fremdsprachen und Literaturen an der IULM-Universit\u00e4t Mailand erlangte.<\/p>\n<p style=\"text-align: center;\">\u201cUnser Standpunkt\u201c? <strong>Erfolg ist ein gemeinsames Ergebnis, das wir als Team erreichen.<\/strong> Wir haben immer an unsere F\u00e4higkeiten geglaubt und mit Mut sowie Ausdauer unsere Ziele verfolgt. Durch den Einsatz modernster Technologien und unerm\u00fcdlichen Einsatz haben wir gro\u00dfe Erfolge erzielt. Wir achten darauf, keine M\u00f6glichkeiten ungenutzt zu lassen. Erfolg ist kein Zufall: Es ist der Moment, in dem Talent und Hartn\u00e4ckigkeit auf ertragreiche Chancen treffen.   <\/p>\n<p style=\"text-align: center;\">Wir haben uns entschlossen, uns durch besondere Verpackungen von anderen Unternehmen zu unterscheiden. Diese Verpackungen basieren auf unserer Erfahrung und erm\u00f6glichen es uns, den hohen Anspr\u00fcchen unserer Kunden gerecht zu werden.<\/p>\n        <\/div>\n    <\/div>\n<\/section>\n\n<section  class=\"section-team bg-white position-relative\">\n   <div class=\"container position-relative z-1\">\n        <div class=\"row justify-content-around\">\n                                                <div class=\"col-12 col-lg-4 mt-10 mb-10 mt-lg-0 mb-lg-0\">\n                        <div class=\"mb-20 mb-lg-15 tubopress-animate tubopress-animation-slide-up\">\n                            <img decoding=\"async\" src=\"\" alt=\"\" class=\"img-fluid w-100\">\n                        <\/div>\n                        <div class=\"text-center\">\n                            <p class=\"name txt-regular mb-0 tubopress-animate tubopress-animation-slide-up tubopress-animation-delay-50\"><\/p>\n                            <p class=\"text-secondary txt-bold text-uppercase mb-0 tubopress-animate tubopress-animation-slide-up tubopress-animation-delay-100\"><\/p>\n                        <\/div>\n                    <\/div>\n                                    <div class=\"col-12 col-lg-4 mt-10 mb-10 mt-lg-0 mb-lg-0\">\n                        <div class=\"mb-20 mb-lg-15 tubopress-animate tubopress-animation-slide-up\">\n                            <img decoding=\"async\" src=\"\" alt=\"\" class=\"img-fluid w-100\">\n                        <\/div>\n                        <div class=\"text-center\">\n                            <p class=\"name txt-regular mb-0 tubopress-animate tubopress-animation-slide-up tubopress-animation-delay-50\"><\/p>\n                            <p class=\"text-secondary txt-bold text-uppercase mb-0 tubopress-animate tubopress-animation-slide-up tubopress-animation-delay-100\"><\/p>\n                        <\/div>\n                    <\/div>\n                                    <\/div>\n   <\/div>\n   <div class=\"overlay-color d-none d-lg-block\"><\/div>\n<\/section>\n\n<section  class=\"section-numeri bg-secondary\">\n    <div class=\"container\">\n        <div class=\"row\">\n            <div class=\"col-12 col-lg-6\">\n                <h2 class=\"text-white mb-20 mb-lg-50 title-s-regular tubopress-animate tubopress-animation-slide-up\">Fachgebiete<\/h2>\n                                                            <p class=\"text-white mb-5 mb-lg-15 title-xs-regular tubopress-animate tubopress-animation-slide-up tubopress-animation-delay-50\">Kosmetik<\/p>\n                                            <p class=\"text-white mb-5 mb-lg-15 title-xs-regular tubopress-animate tubopress-animation-slide-up tubopress-animation-delay-50\">Parf\u00fcmerie<\/p>\n                                            <p class=\"text-white mb-5 mb-lg-15 title-xs-regular tubopress-animate tubopress-animation-slide-up tubopress-animation-delay-50\">Kr\u00e4uterkundler<\/p>\n                                            <p class=\"text-white mb-5 mb-lg-15 title-xs-regular tubopress-animate tubopress-animation-slide-up tubopress-animation-delay-50\">Pharma<\/p>\n                                            <p class=\"text-white mb-5 mb-lg-15 title-xs-regular tubopress-animate tubopress-animation-slide-up tubopress-animation-delay-50\">Chemikalien<\/p>\n                                                <\/div>\n            <div class=\"col-12 col-lg-6 text-center d-flex flex-column justify-content-between\">\n                                                           <div class=\"text-white mt-30 mt-lg-0\">\n                            <span class=\"font-number tubopress-animate tubopress-animation-slide-up tubopress-animation-delay-100\">+<\/span>\n                            <span class=\"font-number number number-count tubopress-animate tubopress-animation-slide-up tubopress-animation-delay-100\" data-target-value=\"60\">0<\/span>\n                            <span class=\"font-number tubopress-animate tubopress-animation-slide-up tubopress-animation-delay-100\"><\/span>\n                            <p class=\"eyelet-regular tubopress-animate tubopress-animation-slide-up tubopress-animation-delay-150\">Jahre Erfahrung<\/p>\n                       <\/div>\n                                           <div class=\"text-white mt-30 mt-lg-0\">\n                            <span class=\"font-number tubopress-animate tubopress-animation-slide-up tubopress-animation-delay-100\">+<\/span>\n                            <span class=\"font-number number number-count tubopress-animate tubopress-animation-slide-up tubopress-animation-delay-100\" data-target-value=\"40\">0<\/span>\n                            <span class=\"font-number tubopress-animate tubopress-animation-slide-up tubopress-animation-delay-100\">M<\/span>\n                            <p class=\"eyelet-regular tubopress-animate tubopress-animation-slide-up tubopress-animation-delay-150\">Kozmetiktuben products years<\/p>\n                       <\/div>\n                                                <\/div>\n        <\/div>\n    <\/div>\n<\/section>\n\n<section  class=\"section-immagini bg-white position-relative\">\n    <div class=\"container position-relative z-1\">\n        <div class=\"row gx-xxl-40\">\n                                                                                            <div class=\"col-12  col-lg-6 mb-25 tubopress-animate tubopress-animation-slide-up tubopress-animation-delay-100\">\n                        <a class=\"zoom-img\" data-gall=\"gallery-block-immagini-22eb3fa8eb4a2172cc75\" href=\"https:\/\/tubopress.it\/wp-content\/uploads\/2024\/01\/img-33.jpg\">\n                            <img decoding=\"async\" src=\"https:\/\/tubopress.it\/wp-content\/uploads\/2024\/01\/img-33-1327x780.jpg\" class=\"img-fluid\">\n                        <\/a>  \n                    <\/div>\n\n                                                        <div class=\"col-12  col-lg-6 mb-25 tubopress-animate tubopress-animation-slide-up tubopress-animation-delay-150\">\n                        <a class=\"zoom-img\" data-gall=\"gallery-block-immagini-22eb3fa8eb4a2172cc75\" href=\"https:\/\/tubopress.it\/wp-content\/uploads\/2024\/01\/Image-55.jpg\">\n                            <img decoding=\"async\" src=\"https:\/\/tubopress.it\/wp-content\/uploads\/2024\/01\/Image-55-648x390.jpg\" class=\"img-fluid\">\n                        <\/a>  \n                    <\/div>\n\n                                                        <div class=\"col-12  col-lg-4 mb-25 tubopress-animate tubopress-animation-slide-up tubopress-animation-delay-200\">\n                        <a class=\"zoom-img\" data-gall=\"gallery-block-immagini-22eb3fa8eb4a2172cc75\" href=\"https:\/\/tubopress.it\/wp-content\/uploads\/2024\/01\/Image-1.jpg\">\n                            <img decoding=\"async\" src=\"https:\/\/tubopress.it\/wp-content\/uploads\/2024\/01\/Image-1-841x780.jpg\" class=\"img-fluid\">\n                        <\/a>  \n                    <\/div>\n\n                                                        <div class=\"col-12  col-lg-8 mb-25 tubopress-animate tubopress-animation-slide-up tubopress-animation-delay-250\">\n                        <a class=\"zoom-img\" data-gall=\"gallery-block-immagini-22eb3fa8eb4a2172cc75\" href=\"https:\/\/tubopress.it\/wp-content\/uploads\/2024\/01\/img11.jpg\">\n                            <img decoding=\"async\" src=\"https:\/\/tubopress.it\/wp-content\/uploads\/2024\/01\/img11-872x390.jpg\" class=\"img-fluid\">\n                        <\/a>  \n                    <\/div>\n\n                                                        <div class=\"col-12  col-lg-6 mb-25 tubopress-animate tubopress-animation-slide-up tubopress-animation-delay-300\">\n                        <a class=\"zoom-img\" data-gall=\"gallery-block-immagini-22eb3fa8eb4a2172cc75\" href=\"https:\/\/tubopress.it\/wp-content\/uploads\/2024\/01\/img-3-2.jpg\">\n                            <img decoding=\"async\" src=\"https:\/\/tubopress.it\/wp-content\/uploads\/2024\/01\/img-3-2-1328x780.jpg\" class=\"img-fluid\">\n                        <\/a>  \n                    <\/div>\n\n                                                        <div class=\"col-12  col-lg-6 mb-25 tubopress-animate tubopress-animation-slide-up tubopress-animation-delay-350\">\n                        <a class=\"zoom-img\" data-gall=\"gallery-block-immagini-22eb3fa8eb4a2172cc75\" href=\"https:\/\/tubopress.it\/wp-content\/uploads\/2024\/01\/img-3-3.jpg\">\n                            <img decoding=\"async\" src=\"https:\/\/tubopress.it\/wp-content\/uploads\/2024\/01\/img-3-3-1328x780.jpg\" class=\"img-fluid\">\n                        <\/a>  \n                    <\/div>\n\n                                    <\/div>\n    <\/div>\n    <div class=\"overlay-color d-none d-lg-block\"><\/div>\n<\/section>\n\n<section  class=\"section-brand-partners\">\n    <div class=\"container tubopress-animate tubopress-animation-slide-up\">\n        <h2 class=\"text-primary title-xs-regular mb-20\">\n            Wir arbeiten mit Leidenschaft f\u00fcr:        <\/h2>\n        <div class=\"swiper swiper-desktop d-none d-lg-block\">\n            <div class=\"swiper-wrapper\">\n                                                            <div class=\"swiper-slide\">\n                            <img decoding=\"async\" src=\"https:\/\/tubopress.it\/wp-content\/uploads\/2024\/10\/Versace.png\" alt=\"\" class=\"img-fluid\">\n                        <\/div>\n                                            <div class=\"swiper-slide\">\n                            <img decoding=\"async\" src=\"https:\/\/tubopress.it\/wp-content\/uploads\/2024\/10\/Augustinus-Bader.png\" alt=\"\" class=\"img-fluid\">\n                        <\/div>\n                                            <div class=\"swiper-slide\">\n                            <img decoding=\"async\" src=\"https:\/\/tubopress.it\/wp-content\/uploads\/2024\/10\/Collistar.png\" alt=\"\" class=\"img-fluid\">\n                        <\/div>\n                                            <div class=\"swiper-slide\">\n                            <img decoding=\"async\" src=\"https:\/\/tubopress.it\/wp-content\/uploads\/2024\/10\/Erbolario.png\" alt=\"\" class=\"img-fluid\">\n                        <\/div>\n                                            <div class=\"swiper-slide\">\n                            <img decoding=\"async\" src=\"https:\/\/tubopress.it\/wp-content\/uploads\/2024\/10\/Michael-Kors.png\" alt=\"\" class=\"img-fluid\">\n                        <\/div>\n                                            <div class=\"swiper-slide\">\n                            <img decoding=\"async\" src=\"https:\/\/tubopress.it\/wp-content\/uploads\/2024\/10\/Channoine.png\" alt=\"\" class=\"img-fluid\">\n                        <\/div>\n                                            <div class=\"swiper-slide\">\n                            <img decoding=\"async\" src=\"https:\/\/tubopress.it\/wp-content\/uploads\/2024\/10\/Moschino.png\" alt=\"\" class=\"img-fluid\">\n                        <\/div>\n                                            <div class=\"swiper-slide\">\n                            <img decoding=\"async\" src=\"https:\/\/tubopress.it\/wp-content\/uploads\/2024\/10\/LR.png\" alt=\"\" class=\"img-fluid\">\n                        <\/div>\n                                            <div class=\"swiper-slide\">\n                            <img decoding=\"async\" src=\"https:\/\/tubopress.it\/wp-content\/uploads\/2024\/10\/Guam.png\" alt=\"\" class=\"img-fluid\">\n                        <\/div>\n                                                <\/div>\n       <\/div>\n    <\/div>\n    <div class=\"swiper swiper-mobile d-block d-lg-none\">\n        <div class=\"swiper-wrapper\">\n                                                <div class=\"swiper-slide\">\n                        <img decoding=\"async\" src=\"https:\/\/tubopress.it\/wp-content\/uploads\/2024\/10\/Versace.png\" alt=\"\" class=\"img-fluid\">\n                    <\/div>\n                                    <div class=\"swiper-slide\">\n                        <img decoding=\"async\" src=\"https:\/\/tubopress.it\/wp-content\/uploads\/2024\/10\/Augustinus-Bader.png\" alt=\"\" class=\"img-fluid\">\n                    <\/div>\n                                    <div class=\"swiper-slide\">\n                        <img decoding=\"async\" src=\"https:\/\/tubopress.it\/wp-content\/uploads\/2024\/10\/Collistar.png\" alt=\"\" class=\"img-fluid\">\n                    <\/div>\n                                    <div class=\"swiper-slide\">\n                        <img decoding=\"async\" src=\"https:\/\/tubopress.it\/wp-content\/uploads\/2024\/10\/Erbolario.png\" alt=\"\" class=\"img-fluid\">\n                    <\/div>\n                                    <div class=\"swiper-slide\">\n                        <img decoding=\"async\" src=\"https:\/\/tubopress.it\/wp-content\/uploads\/2024\/10\/Michael-Kors.png\" alt=\"\" class=\"img-fluid\">\n                    <\/div>\n                                    <div class=\"swiper-slide\">\n                        <img decoding=\"async\" src=\"https:\/\/tubopress.it\/wp-content\/uploads\/2024\/10\/Channoine.png\" alt=\"\" class=\"img-fluid\">\n                    <\/div>\n                                    <div class=\"swiper-slide\">\n                        <img decoding=\"async\" src=\"https:\/\/tubopress.it\/wp-content\/uploads\/2024\/10\/Moschino.png\" alt=\"\" class=\"img-fluid\">\n                    <\/div>\n                                    <div class=\"swiper-slide\">\n                        <img decoding=\"async\" src=\"https:\/\/tubopress.it\/wp-content\/uploads\/2024\/10\/LR.png\" alt=\"\" class=\"img-fluid\">\n                    <\/div>\n                                    <div class=\"swiper-slide\">\n                        <img decoding=\"async\" src=\"https:\/\/tubopress.it\/wp-content\/uploads\/2024\/10\/Guam.png\" alt=\"\" class=\"img-fluid\">\n                    <\/div>\n                                    <\/div>\n    <\/div>\n<\/section>\n\n<section  class=\"section-contact\">\n    <div class=\"container\">\n        <h2 class=\"text-primary title-light mb-40 mb-lg-60 tubopress-animate tubopress-animation-slide-up\">\n            Kontakt        <\/h2>\n        <div class=\"tubopress-animate tubopress-animation-slide-up tubopress-animation-delay-50\">\n            \n<div class=\"wpcf7 no-js\" id=\"wpcf7-f5714-o1\" lang=\"de-DE\" dir=\"ltr\">\n<div class=\"screen-reader-response\"><p role=\"status\" aria-live=\"polite\" aria-atomic=\"true\"><\/p> <ul><\/ul><\/div>\n<form action=\"\/de\/wp-json\/wp\/v2\/pages\/4517#wpcf7-f5714-o1\" method=\"post\" class=\"wpcf7-form init\" aria-label=\"Kontaktformular\" novalidate=\"novalidate\" data-status=\"init\">\n<div style=\"display: none;\">\n<input type=\"hidden\" name=\"_wpcf7\" value=\"5714\" \/>\n<input type=\"hidden\" name=\"_wpcf7_version\" value=\"5.8.5\" \/>\n<input type=\"hidden\" name=\"_wpcf7_locale\" value=\"de_DE\" \/>\n<input type=\"hidden\" name=\"_wpcf7_unit_tag\" value=\"wpcf7-f5714-o1\" \/>\n<input type=\"hidden\" name=\"_wpcf7_container_post\" value=\"0\" \/>\n<input type=\"hidden\" name=\"_wpcf7_posted_data_hash\" value=\"\" \/>\n<\/div>\n<div class=\"row contact-form\">\n\t<div class=\"col-12 col-lg-6 mb-lg-20\">\n\t\t<p><span class=\"wpcf7-form-control-wrap\" data-name=\"your-name\"><input size=\"40\" class=\"wpcf7-form-control wpcf7-text wpcf7-validates-as-required form-control text-primary txt-m-regular\" aria-required=\"true\" aria-invalid=\"false\" placeholder=\"Name*\" value=\"\" type=\"text\" name=\"your-name\" \/><\/span>\n\t\t<\/p>\n\t<\/div>\n\t<div class=\"col-12 col-lg-6\" mb-lg-20=\"\">\n\t\t<p><span class=\"wpcf7-form-control-wrap\" data-name=\"your-surname\"><input size=\"40\" class=\"wpcf7-form-control wpcf7-text wpcf7-validates-as-required form-control text-primary txt-m-regular\" aria-required=\"true\" aria-invalid=\"false\" placeholder=\"Nachname*\" value=\"\" type=\"text\" name=\"your-surname\" \/><\/span>\n\t\t<\/p>\n\t<\/div>\n\t<div class=\"col-12 col-lg-6 mb-lg-20\">\n\t\t<p><span class=\"wpcf7-form-control-wrap\" data-name=\"your-email\"><input size=\"40\" class=\"wpcf7-form-control wpcf7-email wpcf7-validates-as-required wpcf7-text wpcf7-validates-as-email form-control text-primary txt-m-regular\" aria-required=\"true\" aria-invalid=\"false\" placeholder=\"Email*\" value=\"\" type=\"email\" name=\"your-email\" \/><\/span>\n\t\t<\/p>\n\t<\/div>\n\t<div class=\"col-12 col-lg-6 mb-lg-20\">\n\t\t<p><span class=\"wpcf7-form-control-wrap\" data-name=\"your-type-inquiry\"><select class=\"wpcf7-form-control wpcf7-select wpcf7-validates-as-required form-select text-primary txt-m-regular\" aria-required=\"true\" aria-invalid=\"false\" name=\"your-type-inquiry\"><option value=\"\">Type of inquiry*<\/option><option value=\"Sales\">Sales<\/option><option value=\"After Sales\/Service\">After Sales\/Service<\/option><option value=\"Marketing\">Marketing<\/option><\/select><\/span>\n\t\t<\/p>\n\t<\/div>\n\t<div class=\"col-12 mb-lg-50\">\n\t\t<p><span class=\"wpcf7-form-control-wrap\" data-name=\"your-message\"><textarea cols=\"40\" rows=\"1\" class=\"wpcf7-form-control wpcf7-textarea wpcf7-validates-as-required form-control text-primary txt-m-regular\" aria-required=\"true\" aria-invalid=\"false\" placeholder=\"Nachricht*\" name=\"your-message\"><\/textarea><\/span>\n\t\t<\/p>\n\t<\/div>\n\t<div class=\"col-12 col-lg d-flex align-items-center mt-20 mt-lg-0\">\n\t\t<p><span class=\"wpcf7-form-control-wrap\" data-name=\"your-consent\"><span class=\"wpcf7-form-control wpcf7-acceptance\"><span class=\"wpcf7-list-item\"><label><input type=\"checkbox\" name=\"your-consent\" value=\"1\" class=\"form-check-input\" id=\"privacy-check\" aria-invalid=\"false\" \/><span class=\"wpcf7-list-item-label\"><label class=\"form-check-label text-primary text-uppercase txt-xxs-regular \" for=\"privacy-check\"><span class=\"ms-5\">ICH AKZEPTIERE DIE <a class=\" href=\" target=\"_blank\">NUTZUNGSBEDINGUNGEN<\/a> UND DIE <a class=\"\" href=\"\" target=\"_blank\">DATENSCHUTZRICHTLINIE<\/a><\/span><\/span><\/label><\/span><\/span><\/span>\n\t\t<\/p>\n\t<\/div>\n\t<div class=\"col-12 col-lg-auto d-flex justify-content-center justify-content-lg-end txt-regular mt-20 mt-lg-0\">\n\t\t<p><input class=\"wpcf7-form-control wpcf7-submit has-spinner btn\" type=\"submit\" value=\"Send\" \/>\n\t\t<\/p>\n\t<\/div>\n<\/div><div class=\"wpcf7-response-output\" aria-hidden=\"true\"><\/div>\n<\/form>\n<\/div>\n        <\/div>\n    <\/div>\n<\/section>","protected":false},"excerpt":{"rendered":"","protected":false},"author":1,"featured_media":0,"parent":0,"menu_order":0,"comment_status":"closed","ping_status":"closed","template":"","meta":{"footnotes":""},"acf":[],"_links":{"self":[{"href":"https:\/\/tubopress.it\/de\/wp-json\/wp\/v2\/pages\/4517"}],"collection":[{"href":"https:\/\/tubopress.it\/de\/wp-json\/wp\/v2\/pages"}],"about":[{"href":"https:\/\/tubopress.it\/de\/wp-json\/wp\/v2\/types\/page"}],"author":[{"embeddable":true,"href":"https:\/\/tubopress.it\/de\/wp-json\/wp\/v2\/users\/1"}],"replies":[{"embeddable":true,"href":"https:\/\/tubopress.it\/de\/wp-json\/wp\/v2\/comments?post=4517"}],"version-history":[{"count":2,"href":"https:\/\/tubopress.it\/de\/wp-json\/wp\/v2\/pages\/4517\/revisions"}],"predecessor-version":[{"id":6179,"href":"https:\/\/tubopress.it\/de\/wp-json\/wp\/v2\/pages\/4517\/revisions\/6179"}],"wp:attachment":[{"href":"https:\/\/tubopress.it\/de\/wp-json\/wp\/v2\/media?parent=4517"}],"curies":[{"name":"wp","href":"https:\/\/api.w.org\/{rel}","templated":true}]}}