{"id":4585,"date":"2023-12-05T09:29:00","date_gmt":"2023-12-05T08:29:00","guid":{"rendered":"https:\/\/lnx.babolapp.com\/cookie-richtlinien\/"},"modified":"2025-03-24T13:09:23","modified_gmt":"2025-03-24T12:09:23","slug":"cookie-richtlinien","status":"publish","type":"page","link":"https:\/\/tubopress.it\/de\/cookie-richtlinien\/","title":{"rendered":"Cookie Richtlinien"},"content":{"rendered":"<section  class=\"section-hero bg-primary position-relative bassa\" style=\"background-image: url()\">\n            <div class=\"overlay-color\"><\/div>\n        <div class=\"container h-100\">\n        <div class=\"row h-100 align-items-center\">\n            <div class=\"col-12 z-1\">\n                <h1 class=\"text-white title-big-light tubopress-animate tubopress-animation-slide-up mb-20 text-center \">Cookie Richtlinien<\/h1>\n            <\/div>\n            <div class=\"text-info text-center\">\n                <p class=\"text-white txt-regular tubopress-animate tubopress-animation-slide-up tubopress-animation-delay-50\"><\/p>\n                <p class=\"text-white txt-regular tubopress-animate tubopress-animation-slide-up tubopress-animation-delay-100\"><\/p>\n            <\/div>\n        <\/div>\n    <\/div>\n<\/section><section  class=\"section-testo-semplice bg-white\">\n    <div class=\"container\">\n        <div class=\"text-primary txt-regular tubopress-animate tubopress-animation-slide-up\">\n            <p>Das Ziel dieser Informationen ist es, klar und transparent darzulegen, welche Cookie-Arten auf der Website <a href=\"http:\/\/www.tubopress.it\">www.tubopress.it<\/a> verwendet werden. Ebenso werden die Cookie-Arten aller beteiligten Dritten in Bezug auf die Verarbeitung personenbezogener Daten der Nutzer beschrieben, die diese Website besuchen und die angebotenen Dienste in Anspruch nehmen.<\/p>\n<h5>WAS SIND COOKIES?<\/h5>\n<p>Cookies sind kleine digitale Dateien, die von Ihrem Webbrowser wie zum Beispiel bei Firefox, Chrome oder dem Internet Explorer auf Ihrem Computer oder anderen internetf\u00e4higen Ger\u00e4ten wie Smartphones oder Tablets gespeichert werden, wenn Sie im Internet surfen.<\/p>\n<h5>URSACHE DER VERWENDUNG VON COOKIES?<\/h5>\n<p>Die meisten Websites verwenden ein oder mehrere Cookies, um verschiedene Arten von Informationen zu speichern, Informationen, die f\u00fcr die Nutzung der Website unerl\u00e4sslich sein k\u00f6nnen (bei einer E-Commerce-Website k\u00f6nnte es sich beispielsweise um ein Cookie handeln, das verwendet wird, um zu speichern, welche Artikel im Warenkorb vorhanden sind). oder Informationen, die eher auf die Erstellung von Benutzerprofilen abzielen (z. B. zur Durchf\u00fchrung von Marketing- oder Targeting-Vorg\u00e4ngen).<\/p>\n<h5>WELCHE ART VON COOKIES WERDEN AUF DIESER WEBSEITE VERWENDET?<\/h5>\n<p>The website <a href=\"http:\/\/www.tubopress.it\/\">www.tubopress.it<\/a> uses technical or session cookies that are strictly necessary for the use of the website by users, it uses third-party cookies (in particular Google cookies) while it does not use cookies for remarketing or to profile the user.<\/p>\n<p>Please note that technical cookies are those used for the sole purpose of &#8222;carrying out the transmission of a communication on an electronic communications network, or to the extent strictly necessary for the provider of an information society service explicitly requested by the subscriber or user to provide such service&#8220; (see art. 122, paragraph 1, of the Code). They are not used for other purposes and are normally installed directly by the owner or manager of the website. The prior consent of users is not required for the installation of such cookies.  <\/p>\n<p>All cookies other than the technical ones indicated above are installed or activated only following the consent expressed by the user the first time he or she visits the site. Consent can be expressed in a general manner, by interacting with the brief information banner present on the landing page of the site, according to the methods indicated in that banner (by clicking on the ACCEPT button; or by continuing to browse); or it can be provided or denied selectively, according to the methods indicated below. This consent is tracked during subsequent visits. However, the user always has the possibility of revoking all or part of the consent already expressed.   <\/p>\n<ol>\n<li>Werbebezogene Cookies, die direkt vom Webseitenbetreiber kontrolliert werden: Diese Cookies werden nicht verwendet.<\/li>\n<li>Von Dritten verwaltete Cookies: Hierbei handelt es sich um Google-Cookies, f\u00fcr welche die verf\u00fcgbaren Google-Richtlinie zu beachten sind: <a href=\"https:\/\/policies.google.com\/technologies\/%20cookies?hl=it\">https:\/\/policies.google.com\/technologies\/ cookies?hl=it<\/a><\/li>\n<\/ol>\n<p>So deaktivieren Sie Cookies \u00fcber die Browsereinstellungen<\/p>\n<p>Bitte beachten Sie, dass die Deaktivierung technischer Cookies durch den Benutzer die Funktionalit\u00e4t der Site einschr\u00e4nken oder dazu f\u00fchren kann, dass sie nicht verf\u00fcgbar ist.<\/p>\n<p>Nachfolgend finden Sie Links, die erkl\u00e4ren, wie Sie Cookies f\u00fcr die g\u00e4ngigsten Browser deaktivieren k\u00f6nnen (f\u00fcr andere Browser, die Sie m\u00f6glicherweise verwenden, empfehlen wir Ihnen, in der Softwarehilfe nach dieser Option zu suchen).<\/p>\n<p><strong>Internet Explorer<\/strong>: <a href=\"https:\/\/support.microsoft.com\/it-it\/help\/17442\/windows-internet-explorer-delete-manage-cookies\">https:\/\/support.microsoft.com\/it-it\/help\/17442\/windows-internet-explorer-delete-manage-cookies <\/a> <\/p>\n<p><strong>Google Chrome<\/strong>: <a href=\"https:\/\/support.google.com\/chrome\/answer\/95647?hl=it\">https:\/\/support.google.com\/chrome\/answer\/95647?hl=it<\/a><\/p>\n<p><strong>Mozilla Firefox<\/strong>: <a href=\"https:\/\/support.mozilla.org\/it\/kb\/Gestione%20dei%20cookie\">https:\/\/support.mozilla.org\/it\/kb\/Gestione%20dei%20cookie <\/a> <\/p>\n<p><strong>Opera<\/strong>: <a href=\"http:\/\/help.opera.com\/Windows\/10.00\/it\/cookies.html\">http:\/\/help.opera.com\/Windows\/10.00\/it\/cookies.html<\/a><\/p>\n<p><strong>Apple Safari<\/strong>: <a href=\"https:\/\/support.apple.com\/kb\/PH19214?locale=it_IT\">https:\/\/support.apple.com\/kb\/PH19214?locale=it_IT <\/a> <\/p>\n<p>&nbsp;<\/p>\n<p>Rev. 1\/2018 24.vom Mai 2018<\/p>\n<p>&nbsp;<\/p>\n<p>TUBOPRESS ITALIA S.R.L. \u2013 VIA MORANDI, 66 \u2013 20054 SEGRATE (MI) ITALY \u2013 C.FISC\/P.IVA 08264270151<\/p>\n        <\/div>\n                    <\/div>\n<\/section>","protected":false},"excerpt":{"rendered":"","protected":false},"author":1,"featured_media":0,"parent":0,"menu_order":0,"comment_status":"closed","ping_status":"closed","template":"","meta":{"footnotes":""},"acf":[],"_links":{"self":[{"href":"https:\/\/tubopress.it\/de\/wp-json\/wp\/v2\/pages\/4585"}],"collection":[{"href":"https:\/\/tubopress.it\/de\/wp-json\/wp\/v2\/pages"}],"about":[{"href":"https:\/\/tubopress.it\/de\/wp-json\/wp\/v2\/types\/page"}],"author":[{"embeddable":true,"href":"https:\/\/tubopress.it\/de\/wp-json\/wp\/v2\/users\/1"}],"replies":[{"embeddable":true,"href":"https:\/\/tubopress.it\/de\/wp-json\/wp\/v2\/comments?post=4585"}],"version-history":[{"count":3,"href":"https:\/\/tubopress.it\/de\/wp-json\/wp\/v2\/pages\/4585\/revisions"}],"predecessor-version":[{"id":6061,"href":"https:\/\/tubopress.it\/de\/wp-json\/wp\/v2\/pages\/4585\/revisions\/6061"}],"wp:attachment":[{"href":"https:\/\/tubopress.it\/de\/wp-json\/wp\/v2\/media?parent=4585"}],"curies":[{"name":"wp","href":"https:\/\/api.w.org\/{rel}","templated":true}]}}