{"id":4625,"date":"2023-12-12T16:55:23","date_gmt":"2023-12-12T15:55:23","guid":{"rendered":"https:\/\/lnx.babolapp.com\/unsere-geschichte\/"},"modified":"2025-10-27T16:09:00","modified_gmt":"2025-10-27T15:09:00","slug":"unsere-geschichte","status":"publish","type":"page","link":"https:\/\/tubopress.it\/de\/unsere-geschichte\/","title":{"rendered":"UNSERE GESCHICHTE"},"content":{"rendered":"<section  class=\"section-hero bg-primary position-relative bassa\" style=\"background-image: url(https:\/\/tubopress.it\/wp-content\/uploads\/2024\/12\/DSCN1121B-scaled-e1777041109465.jpg)\">\n            <div class=\"overlay-color\"><\/div>\n        <div class=\"container h-100\">\n        <div class=\"row h-100 align-items-center\">\n            <div class=\"col-12 z-1\">\n                <h1 class=\"text-white title-big-light tubopress-animate tubopress-animation-slide-up mb-20 text-start \"><\/h1>\n            <\/div>\n            <div class=\"text-info text-center\">\n                <p class=\"text-white txt-regular tubopress-animate tubopress-animation-slide-up tubopress-animation-delay-50\"><\/p>\n                <p class=\"text-white txt-regular tubopress-animate tubopress-animation-slide-up tubopress-animation-delay-100\"><\/p>\n            <\/div>\n        <\/div>\n    <\/div>\n<\/section>\n\n<section  class=\"section-titolo-testo bg-light\">\n    <div class=\"container\">\n        <h2 class=\"text-center text-primary title-s-regular mb-25 mb-lg-40 tubopress-animate tubopress-animation-slide-up\">\n            Seit \u00fcber sechs Jahrzehnten ist das Unternehmen ein fester Bestandteil der Verpackungsbranche.        <\/h2>\n        <div class=\"text-center text-primary txt-regular tubopress-animate tubopress-animation-slide-up tubopress-animation-delay-50\">\n            <div class=\"flex-shrink-0 flex flex-col relative items-end\">\n<div class=\"pt-0\">\n<div class=\"gizmo-bot-avatar flex h-8 w-8 items-center justify-center overflow-hidden rounded-full\">\n<p>Tubopress Italia hat etwa 60 Jahre Erfahrung in der Herstellung von Kunststoffverpackungen. In den fr\u00fchen Jahren lag der Schwerpunkt auf der Produktion von Plastikflaschen, aber im Laufe der 1980er Jahre entwickelte sich die Produktion von Tuben zum Hauptgesch\u00e4ftsfeld des Unternehmens.<\/p>\n<p>Von diesem Zeitpunkt an ist Tubopress Italia das einzige Unternehmen in Italien, das Tuben mit dem patentierten Spritzblasverfahren &#8222;Pressblower Automat&#8220; der bekannten deutschen Firma &#8222;Ossberger Turbinenfabrik&#8220; aus Wei\u00dfenburg herstellt. Es ist der Beginn einer langen Erfolgsgeschichte in Italien und im Ausland, insbesondere in Frankreich, dank der Zusammenarbeit mit dem renommierten franz\u00f6sischen Unternehmen \u201eLancaster\u201c.<\/p>\n<p>Anfang der 1990er Jahre begann Tubopress Italia mit der Serienproduktion extrudierter und dekorierter Tuben. Diese Innovation ebnete den Weg f\u00fcr ein neues Gesch\u00e4ftskonzept, das darauf abzielte, die Produktion, Organisation, das Design und Investitionen effizienter zu gestalten. Dieses Konzept f\u00f6rderte auch ein Arbeitsumfeld, das auf kontinuierlichem Lernen, Zusammenarbeit, Teilen und Verantwortung beruhte, Prinzipien, die die Grundlage f\u00fcr Wachstumschancen bildeten.<\/p>\n<p>&nbsp;<\/p>\n<p><img loading=\"lazy\" decoding=\"async\" class=\"aligncenter wp-image-492\" src=\"https:\/\/tubopress.it\/wp-content\/uploads\/2023\/12\/TubopressHeadStoria-1-300x167.jpg\" alt=\"\" width=\"640\" height=\"356\" srcset=\"https:\/\/tubopress.it\/wp-content\/uploads\/2023\/12\/TubopressHeadStoria-1-300x167.jpg 300w, https:\/\/tubopress.it\/wp-content\/uploads\/2023\/12\/TubopressHeadStoria-1-700x390.jpg 700w, https:\/\/tubopress.it\/wp-content\/uploads\/2023\/12\/TubopressHeadStoria-1-768x428.jpg 768w, https:\/\/tubopress.it\/wp-content\/uploads\/2023\/12\/TubopressHeadStoria-1-701x390.jpg 701w, https:\/\/tubopress.it\/wp-content\/uploads\/2023\/12\/TubopressHeadStoria-1.jpg 970w\" sizes=\"(max-width: 640px) 100vw, 640px\" \/><\/p>\n<\/div>\n<\/div>\n<\/div>\n        <\/div>\n    <\/div>\n<\/section>\n\n<section  class=\"section-titolo-testo bg-white\">\n    <div class=\"container\">\n        <h2 class=\"text-center text-primary title-s-regular mb-25 mb-lg-40 tubopress-animate tubopress-animation-slide-up\">\n            Unser Engagement        <\/h2>\n        <div class=\"text-center text-primary txt-regular tubopress-animate tubopress-animation-slide-up tubopress-animation-delay-50\">\n            <p>&nbsp;<\/p>\n<p><strong>Erfolg ist ein gemeinsames Ergebnis, das wir als Team erreichen.<\/strong> Wir haben immer an unsere F\u00e4higkeiten geglaubt und mit Mut sowie Ausdauer unsere Ziele verfolgt. Durch den Einsatz modernster Technologien und unerm\u00fcdlichen Einsatz haben wir gro\u00dfe Erfolge erzielt. Wir achten darauf, keine M\u00f6glichkeiten ungenutzt zu lassen. Erfolg ist kein Zufall: Es ist der Moment, in dem Talent und Hartn\u00e4ckigkeit auf ertragreiche Chancen treffen.<\/p>\n<p>Wir haben uns entschlossen, uns durch besondere Verpackungen von anderen Unternehmen zu unterscheiden. Diese Verpackungen basieren auf unserer Erfahrung und erm\u00f6glichen es uns, den hohen Anspr\u00fcchen unserer Kunden gerecht zu werden.<\/p>\n<p>&nbsp;<\/p>\n<p><img loading=\"lazy\" decoding=\"async\" class=\"wp-image-8354 size-medium aligncenter\" src=\"https:\/\/tubopress.it\/wp-content\/uploads\/2025\/10\/GP2.2-300x74.png\" alt=\"\" width=\"300\" height=\"74\" srcset=\"https:\/\/tubopress.it\/wp-content\/uploads\/2025\/10\/GP2.2-300x74.png 300w, https:\/\/tubopress.it\/wp-content\/uploads\/2025\/10\/GP2.2-768x190.png 768w, https:\/\/tubopress.it\/wp-content\/uploads\/2025\/10\/GP2.2-700x173.png 700w, https:\/\/tubopress.it\/wp-content\/uploads\/2025\/10\/GP2.2.png 1024w\" sizes=\"(max-width: 300px) 100vw, 300px\" \/><\/p>\n<p><img decoding=\"async\" src=\"https:\/\/tubopress.it\/wp-content\/uploads\/2025\/10\/GP1.2-300x74.png\" \/><\/p>\n        <\/div>\n    <\/div>\n<\/section>\n\n<section  class=\"section-team bg-white position-relative\">\n   <div class=\"container position-relative z-1\">\n        <div class=\"row justify-content-around\">\n                                                <div class=\"col-12 col-lg-4 mt-10 mb-10 mt-lg-0 mb-lg-0\">\n                        <div class=\"mb-20 mb-lg-15 tubopress-animate tubopress-animation-slide-up\">\n                            <img decoding=\"async\" src=\"\" alt=\"\" class=\"img-fluid w-100\">\n                        <\/div>\n                        <div class=\"text-center\">\n                            <p class=\"name txt-regular mb-0 tubopress-animate tubopress-animation-slide-up tubopress-animation-delay-50\"><\/p>\n                            <p class=\"text-secondary txt-bold text-uppercase mb-0 tubopress-animate tubopress-animation-slide-up tubopress-animation-delay-100\"><\/p>\n                        <\/div>\n                    <\/div>\n                                    <div class=\"col-12 col-lg-4 mt-10 mb-10 mt-lg-0 mb-lg-0\">\n                        <div class=\"mb-20 mb-lg-15 tubopress-animate tubopress-animation-slide-up\">\n                            <img decoding=\"async\" src=\"\" alt=\"\" class=\"img-fluid w-100\">\n                        <\/div>\n                        <div class=\"text-center\">\n                            <p class=\"name txt-regular mb-0 tubopress-animate tubopress-animation-slide-up tubopress-animation-delay-50\"><\/p>\n                            <p class=\"text-secondary txt-bold text-uppercase mb-0 tubopress-animate tubopress-animation-slide-up tubopress-animation-delay-100\"><\/p>\n                        <\/div>\n                    <\/div>\n                                    <\/div>\n   <\/div>\n   <div class=\"overlay-color d-none d-lg-block\"><\/div>\n<\/section>\n\n<section  class=\"section-titolo-testo bg-white\">\n    <div class=\"container\">\n        <h2 class=\"text-center text-primary title-s-regular mb-25 mb-lg-40 tubopress-animate tubopress-animation-slide-up\">\n            Der Packaging Oscar \u2013 Unser Meisterwerk        <\/h2>\n        <div class=\"text-center text-primary txt-regular tubopress-animate tubopress-animation-slide-up tubopress-animation-delay-50\">\n            <p><strong>Der italienische Verpackungs-Oscar<\/strong> wurde im Jahr 2000 an Tubopress Italia verliehen, dank des innovativen Aussehens der Dolce &amp; Gabbana-Tube, f\u00fcr die sich im Laufe der Zeit viele renommierte Kosmetikh\u00e4user entschieden haben, um ihren High-End-Kosmetiklinien Glamour zu verleihen. Es handelte sich um eine \u201eeinzigartige\u201c und \u201eelegante\u201c Tube, welche auf dem gesamten Umfang hei\u00dfbedruckt wurde und somit in Kombination mit einem Metallverschluss einen einzigartigen Spiegeleffekt erzeugte. <\/p>\n<p><img loading=\"lazy\" decoding=\"async\" class=\"aligncenter wp-image-1460 size-large\" src=\"https:\/\/tubopress.it\/wp-content\/uploads\/2024\/03\/TubiTotalOffset-1024x475.jpg\" alt=\"\" width=\"640\" height=\"297\" srcset=\"https:\/\/tubopress.it\/wp-content\/uploads\/2024\/03\/TubiTotalOffset-1024x475.jpg 1024w, https:\/\/tubopress.it\/wp-content\/uploads\/2024\/03\/TubiTotalOffset-700x325.jpg 700w, https:\/\/tubopress.it\/wp-content\/uploads\/2024\/03\/TubiTotalOffset-300x139.jpg 300w, https:\/\/tubopress.it\/wp-content\/uploads\/2024\/03\/TubiTotalOffset-768x356.jpg 768w, https:\/\/tubopress.it\/wp-content\/uploads\/2024\/03\/TubiTotalOffset-840x390.jpg 840w, https:\/\/tubopress.it\/wp-content\/uploads\/2024\/03\/TubiTotalOffset.jpg 1200w\" sizes=\"(max-width: 640px) 100vw, 640px\" \/><\/p>\n        <\/div>\n    <\/div>\n<\/section>\n\n<section  class=\"section-text-scroll tubopress-animate tubopress-animation-slide-up bg-light\">\n    <div class=\"marquee-section\">\n        <h2 class=\"marquee title-big-light text-dark\"> Tubopress Italia: \u00dcber 50 Jahre Exzellenz im Verpackungsbereich!<\/h2>\n        <h2 class=\"marquee marquee2 title-big-light text-dark\"> Tubopress Italia: \u00dcber 50 Jahre Exzellenz im Verpackungsbereich!<\/h2>\n    <\/div>\n<\/section>","protected":false},"excerpt":{"rendered":"","protected":false},"author":1,"featured_media":0,"parent":0,"menu_order":0,"comment_status":"closed","ping_status":"closed","template":"","meta":{"footnotes":""},"acf":[],"_links":{"self":[{"href":"https:\/\/tubopress.it\/de\/wp-json\/wp\/v2\/pages\/4625"}],"collection":[{"href":"https:\/\/tubopress.it\/de\/wp-json\/wp\/v2\/pages"}],"about":[{"href":"https:\/\/tubopress.it\/de\/wp-json\/wp\/v2\/types\/page"}],"author":[{"embeddable":true,"href":"https:\/\/tubopress.it\/de\/wp-json\/wp\/v2\/users\/1"}],"replies":[{"embeddable":true,"href":"https:\/\/tubopress.it\/de\/wp-json\/wp\/v2\/comments?post=4625"}],"version-history":[{"count":3,"href":"https:\/\/tubopress.it\/de\/wp-json\/wp\/v2\/pages\/4625\/revisions"}],"predecessor-version":[{"id":8417,"href":"https:\/\/tubopress.it\/de\/wp-json\/wp\/v2\/pages\/4625\/revisions\/8417"}],"wp:attachment":[{"href":"https:\/\/tubopress.it\/de\/wp-json\/wp\/v2\/media?parent=4625"}],"curies":[{"name":"wp","href":"https:\/\/api.w.org\/{rel}","templated":true}]}}