{"id":4645,"date":"2023-12-05T09:29:24","date_gmt":"2023-12-05T08:29:24","guid":{"rendered":"https:\/\/lnx.babolapp.com\/datenschutzrichtlinien\/"},"modified":"2025-03-24T14:04:22","modified_gmt":"2025-03-24T13:04:22","slug":"datenschutzrichtlinien","status":"publish","type":"page","link":"https:\/\/tubopress.it\/de\/datenschutzrichtlinien\/","title":{"rendered":"Datenschutzrichtlinien"},"content":{"rendered":"<section  class=\"section-hero bg-primary position-relative bassa\" style=\"background-image: url()\">\n            <div class=\"overlay-color\"><\/div>\n        <div class=\"container h-100\">\n        <div class=\"row h-100 align-items-center\">\n            <div class=\"col-12 z-1\">\n                <h1 class=\"text-white title-big-light tubopress-animate tubopress-animation-slide-up mb-20 text-center \">Datenschutzrichtlinien<\/h1>\n            <\/div>\n            <div class=\"text-info text-center\">\n                <p class=\"text-white txt-regular tubopress-animate tubopress-animation-slide-up tubopress-animation-delay-50\"><\/p>\n                <p class=\"text-white txt-regular tubopress-animate tubopress-animation-slide-up tubopress-animation-delay-100\">INFORMATIONEN ZUR VERARBEITUNG PERSONENBEZOGENER DATEN EX ARTT. 13-14 REG.TO UE 2016\/679<\/p>\n            <\/div>\n        <\/div>\n    <\/div>\n<\/section><section  class=\"section-testo-semplice bg-white\">\n    <div class=\"container\">\n        <div class=\"text-primary txt-regular tubopress-animate tubopress-animation-slide-up\">\n            <h4 style=\"text-align: center;\">INTERESSIERTE PARTEIEN: BENUTZER DER WEBSITE<\/h4>\n<p>Diese Datenschutzrichtlinie soll die Methoden zur Verarbeitung personenbezogener Daten durch die Website <a href=\"http:\/\/www.tubopress.it\/\">www.tubopress.it<\/a> f\u00fcr Benutzer, die sie besuchen und ihre Dienste nutzen, eindeutig und transparent erkl\u00e4ren. Diese Informationen werden in \u00dcbereinstimmung mit dem italienischen Datenschutzgesetz (Art. 13 del D.lgs. n. 196\/2003), den Bestimmungen vom 08. Mai 2014 der italienischen Datenschutzbeh\u00f6rde (Nr. 2\/2001) zu Cookies und der Empfehlung der europ\u00e4ischen Datenschutzbeh\u00f6rden (Art. 13 (UE) 2016\/679) bereitgestellt. Die Informationen beinhalten auch die nach der Datenschutz-Grundverordnung (DSGVO) erforderlichen Angaben. \u00c4nderungen und Anpassungen aufgrund von Harmonisierung des Datenschutzrechts oder neuer gesetzgeberischer Ma\u00dfnahmen sind m\u00f6glich. Diese Richtlinien enthalten auch die erforderlichen Informationen des Artikels 13 der Verordnung (EU) 2016\/679 zum Schutz nat\u00fcrlicher Personen bei der Verarbeitung personenbezogener Daten (im Folgenden \u201eDSGVO\u201c), unbeschadet der \u00c4nderungen und Anpassungen, die im Zuge der Harmonisierung der Privatsph\u00e4re und Kodex erforderlich werden, sowie europ\u00e4ische oder nationale gesetzgeberische Eingriffe und\/oder Bestimmungen der Aufsichtsbeh\u00f6rden nach Ver\u00f6ffentlichung dieses Dokuments.         <\/p>\n<h4 style=\"text-align: center;\">ARTEN DER ZU VERARBEITENDEN DATEN<\/h4>\n<h4>a) Vom Nutzer freiwillig angegebene Daten<\/h4>\n<p>Die von Nutzern dieser Website freiwillig und optional bereitgestellten personenbezogenen Informationen werden ausschlie\u00dflich von befugten internen Mitarbeitern des Unternehmens zum Zweck der Anfrage verarbeitet. Datenweitergabe an Dritte erfolgt nur, wenn gesetzlich vorgeschrieben. <\/p>\n<h4>Die Interaktionsmethoden wie folgt:<\/h4>\n<p>Versenden von E-Mails an die auf der Website angegebenen Adressen<br \/>Wenn Sie optional, ausdr\u00fccklich und freiwillig E-Mails an die angegebenen Adressen senden, werden Ihre Absenderadresse und andere personenbezogene Daten in der Nachricht erfasst, um Ihre Anfrage beantworten zu k\u00f6nnen.<br \/>Ausf\u00fcllen des Datenerfassungsformulars (Kontaktanfrage)<br \/>Auf der Website k\u00f6nnen Interessenten durch Eingabe einiger personenbezogener Daten (z. B. Vor- und Nachname, E-Mail) Informationen anfordern. Die Verarbeitung dieser Daten erfolgt sowohl manuell als auch mithilfe von IT-Tools durch speziell daf\u00fcr beauftragte Mitarbeiter des Unternehmens, welche ausschlie\u00dflich zur Beantwortung der Anfrage des Benutzers dienen. Die im Formular eingegebenen personenbezogenen Daten sind nicht verpflichtend. Ihre Nichtbereitstellung k\u00f6nnte jedoch dazu f\u00fchren, dass einige Funktionen nicht genutzt werden k\u00f6nnen. Die Bereitstellung und die damit verbundene Verarbeitung f\u00fcr die oben genannten Zwecke sind ausschlie\u00dflich f\u00fcr die Ausf\u00fchrung der gew\u00fcnschten Bed\u00fcrfnisse erforderlich. Der Interessent kann jederzeit durch direkte Kontaktaufnahme mit dem Datenverantwortlichen seine anerkannten Rechte aus\u00fcben, welche im Artikel 7 des italienischen Gesetzesdekrets 196\/2003 im Abschnitt \u201eRECHTE DES BETEILIGTEN\u201c erl\u00e4utert werden.<\/p>\n<h4>Benutzerregistrierung<\/h4>\n<p>Der Benutzer, der daran interessiert ist, die regelm\u00e4\u00dfigen Informationsrundschreiben des Unternehmens zu erhalten und\/oder auf die Ver\u00f6ffentlichungen und\/oder auf den Download-Bereich zuzugreifen m\u00f6chte, muss das Registrierungsformular ausf\u00fcllen und seine Zustimmung zur Verarbeitung erteilen. Die von Ihnen angeforderten pers\u00f6nlichen Informationen (Vor- und Nachname) werden vom zust\u00e4ndigen Unternehmenspersonal verwendet, um Ihnen Benutzername und Passwort f\u00fcr den Zugriff auf die gesch\u00fctzten Bereiche bereitzustellen. Diese Daten werden in einem sicheren elektronischen Archiv gespeichert und streng vertraulich behandelt. Ihre personenbezogenen Informationen werden in keinem Fall an Dritte weitergegeben oder anderweitig offengelegt. Sie haben jederzeit das Recht, sich direkt mit dem Datenschutzbeauftragten in Verbindung zu setzen und die in Artikel 7 des Gesetzesdekrets 196\/2003 und im Abschnitt &#8222;RECHTE DES BETEILIGTEN&#8220; erl\u00e4uterten Rechte auszu\u00fcben.      <\/p>\n<h4>b) Browsing Daten<\/h4>\n<p>Die Computer und Software, die f\u00fcr diese Website verwendet werden, sammeln w\u00e4hrend des normalen Betriebs einige personenbezogene Daten, die beim Gebrauch von Internetprotokollen \u00fcbertragen werden.<br \/>Das sind Informationen, die nicht erfasst werden, um identifizierte Interessenten zuzuordnen, aber aufgrund ihrer Beschaffenheit k\u00f6nnte eine Nutzererkennung durch die Verarbeitung und Verkn\u00fcpfung mit Daten Dritter erm\u00f6glicht werden. Dazu geh\u00f6ren IP-Adressen, Dom\u00e4nennamen der Nutzer, die eine Verbindung zur Website herstellen, URI-Adressen der angeforderten Ressourcen, der Zeitpunkt der Anfrage, die verwendete Servermethode zum Senden der Anfrage sowie die Gr\u00f6\u00dfe der erhaltenen Datei.<br \/>Diese Daten dienen nur dazu, anonyme und zusammengefasste statistische Informationen \u00fcber die Nutzung der Website zu erhalten und deren ordnungsgem\u00e4\u00dfe Funktion zu \u00fcberpr\u00fcfen. Sie werden dauerhaft auf Servern Dritter (Hosting-Anbieter) aufbewahrt. Die Daten k\u00f6nnten verwendet werden, um im Falle m\u00f6glicher Computerkriminalit\u00e4t gegen die Website die Verantwortlichkeiten zu ermitteln.<\/p>\n<h4>c) Cookies<\/h4>\n<p>Diese Website verwendet technische Cookies sowie Cookies von anderen Anbietern. Es werden keine Cookies f\u00fcr Profilbildung verwendet. Weitere Informationen zu Cookies finden Sie in der <a href=\"https:\/\/tubopress.it\/de\/cookie-richtlinien\/\">Cookie-Richtlinie<\/a>, auf die verwiesen wird.  <\/p>\n<h4 style=\"text-align: center;\">DATENVERARBEITUNG<\/h4>\n<p>Die Daten werden korrekt, rechtm\u00e4\u00dfig und transparent verarbeitet. Dabei werden elektronische, IT- und Telematiktools sowie automatisierte Methoden zur Speicherung, Verwaltung und \u00dcbermittlung der Daten eingesetzt. Es werden geeignete Verfahren verwendet, um die Sicherheit und Vertraulichkeit der Daten im Rahmen des M\u00f6glichen und des technisch Machbaren zu gew\u00e4hrleisten und das Risiko von Verlust, unberechtigtem Zugriff, unerlaubter Nutzung und Verbreitung zu vermeiden. Der Zugriff auf die Daten ist nur den Personen gestattet, die f\u00fcr die Verarbeitung verantwortlich sind. <\/p>\n<h4 style=\"text-align: center;\">OPTIONALE BEREITSTELLUNG VON DATEN<\/h4>\n<p>it Ausnahme der Navigationsdaten, die zur Implementierung von IT- und Telematikprotokollen erforderlich sind, ist die Bereitstellung personenbezogener Daten durch Benutzer kostenlos und optional. Die Nichtbereitstellung der Daten f\u00fchrt jedoch dazu, dass die weitergeleiteten oder vom Nutzer beabsichtigten Anfragen nicht bearbeitet werden k\u00f6nnen. <\/p>\n<h4 style=\"text-align: center;\">SPEICHERDAUER DER DATEN<\/h4>\n<p>Die Daten der Nutzer der Website werden nur so lange verarbeitet, wie es f\u00fcr die Verwaltung der Website selbst unbedingt erforderlich ist. Die vom Nutzer freiwillig zur Verf\u00fcgung gestellten Daten werden, f\u00fcr die zur Beantwortung der gestellten Fragen unbedingt erforderliche Zeit bzw. bis zum Widerruf im Falle der Registrierung im reservierten Bereich der Website verarbeitet. Nach Abschluss der Verarbeitung werden die Daten gel\u00f6scht.  <\/p>\n<h4 style=\"text-align: center;\">PERS\u00d6NLICHKEITSRECHTE<\/h4>\n<p>Die Rechte des Nutzers werden durch das 7. Datenschutzgesetz und 15 DSGVO gesch\u00fctzt und es kann eine Best\u00e4tigung \u00fcber das Vorhandensein oder Nichtvorhandensein der betreffenden personenbezogenen Daten beantragen werden, um Angaben zur Herkunft der Datenbezogenen daten zu erhalten. Dies ist ebenfalls fuer unregistrierte Nutzer g\u00fcltig. <\/p>\n<ol>\n<li>die Zwecke und Methoden der Verarbeitung;<\/li>\n<li>Angewandte Logik im Falle einer Verarbeitung mit Hilfe elektronischer Hilfsmittel<\/li>\n<li>Identifikationsdaten des Eigent\u00fcmers, der Gesch\u00e4ftsf\u00fchrer und des gem\u00e4\u00df Art. 1 benannten Vertreters. Art. 5 Abs. 2 Datenschutzgesetz und 3 Abs. 1 DSGVO; e) die Personen oder Kategorien von Personen, denen die personenbezogenen Daten mitgeteilt werden k\u00f6nnen oder die in ihrer Eigenschaft als benannte Vertreter im Staatsgebiet, Manager oder Beauftragte davon Kenntnis erlangen k\u00f6nnen. <\/li>\n<\/ol>\n<p>Rechte:<\/p>\n<ol>\n<li>Aktualisierung, Berichtigung oder Erg\u00e4nzung von Daten.<\/li>\n<li>L\u00f6schung, Umwandlung in anonymisierte Form oder Sperrung rechtswidrig verarbeiteter Daten, einschlie\u00dflich solcher Daten, die f\u00fcr den urspr\u00fcnglichen Zweck ihrer Erhebung oder Verarbeitung nicht mehr ben\u00f6tigt werden.<\/li>\n<li>Eine Best\u00e4tigung, dass die in den Buchstaben a) und b) genannten Vorg\u00e4nge, einschlie\u00dflich ihres Inhalts, denjenigen mitgeteilt wurden, denen die Daten offengelegt oder verteilt wurden, au\u00dfer wenn dies als unm\u00f6glich erwiesen wird oder einen eindeutig unverh\u00e4ltnism\u00e4\u00dfigen Aufwand im Vergleich zum gesch\u00fctzten Recht erfordern w\u00fcrde.  <\/li>\n<\/ol>\n<p>Wiederspruchsrecht<\/p>\n<ol>\n<li>Wir d\u00fcrfen Ihre personenbezogenen Daten aus gerechtfertigten Gr\u00fcnden verarbeiten, insbesondere wenn diese f\u00fcr den Zweck der Erfassung relevant sind.<\/li>\n<li>Die Verarbeitung Ihrer personenbezogenen Daten kann f\u00fcr Werbung, Direktverkauf, Marktforschung oder kommerzielle Kommunikation verwendet werden. Dies kann durch automatische Anrufsysteme, E-Mail oder herk\u00f6mmliche Marketingmethoden wie Telefon oder Post erfolgen. Sie haben das Recht, dieser Art von Direktmarketing ganz oder teilweise zu widersprechen. Sie k\u00f6nnen also entscheiden, ob Sie nur herk\u00f6mmliche Methoden, nur automatisierte Mitteilungen oder gar keine dieser Kommunikationsarten erhalten m\u00f6chten.  <\/li>\n<\/ol>\n<p>Wo anwendbar stehen Ihnen auch gem\u00e4\u00df 16-21 DSGVO (Recht auf Berichtigung, Recht auf Vergessenwerden, Recht auf Einschr\u00e4nkung der Verarbeitung, Recht auf Daten\u00fcbertragbarkeit, Recht auf Widerspruch) genannten Rechte zu. Dies beinhaltet weiterhin das Recht auf Beschwerde bei der Garantiebeh\u00f6rde.<\/p>\n<h4 style=\"text-align: center;\">AUS\u00dcBUNG IHRER RECHTE<\/h4>\n<p>Sie k\u00f6nnen Ihre Rechte jederzeit wahrnehmen, indem sie ein Anschreiben an folgende Adressen \u00fcbermitteln:<\/p>\n<ul>\n<li>Einschreiben an TUBOPRESS ITALIA SRL Via Morandi, 66 \u2013 20090 SEGRATE (MI) zu H\u00e4nden Herrn Galileo Pellegrini. <\/li>\n<li>E-mail <a href=\"mailto:privacy@tubopress.it\">privacy@tubopress.it<\/a><\/li>\n<\/ul>\n<h4 style=\"text-align: center;\">DATENVERANTWORTLICHE<\/h4>\n<p>Die Datenverantwortliche Anlaufstelle ist TUBOPRESS ITALIA SRL \u2013 Via Morandi n. 66 20054 Segrate (Mailand), vertreten durch Herrn Galileo Pellegrini Steuernummer PLLGLL62D03F205P.<br \/>E-MAIL <a href=\"mailto:privacy@tubopress.it\">privacy@tubopress.it<\/a> <\/p>\n<h4 style=\"text-align: center;\">DATENSCHUTZ PROTOKOLL<\/h4>\n<p>das Unternehmen Tubopress Italia srl hat ein Datenschutz-Organisationsmodell entwickelt, um die Datenschutz-Grundverordnung (DSGVO) einzuhalten. In diesem Modell sind die Rollen und Verantwortlichkeiten in Bezug auf die Verarbeitung personenbezogener Daten festgelegt. Der Datenverantwortliche hat die gesetzlich erforderlichen Ma\u00dfnahmen ergriffen. Die Mitarbeiter der Unternehmensfunktionen sind f\u00fcr die Umsetzung der Datenschutzma\u00dfnahmen verantwortlich und erhalten entsprechende Anweisungen. Externe Dienstleister, die das Unternehmen f\u00fcr die Wartung des Informationssystems oder die Verwaltung der Website nutzt, fungieren als Datenauftragsverarbeiter und erhalten angemessene Anleitungen. Eine aktuelle Liste der Datenverantwortlichen ist auf Anfrage beim Unternehmen erh\u00e4ltlich.     <\/p>\n<p>&nbsp;<\/p>\n<p>Rev. 1\/2018 vom 24. Mai 2018<\/p>\n<p>&nbsp;<\/p>\n<p>TUBOPRESS ITALIA S.R.L. \u2013 VIA MORANDI, 66 \u2013 20054 SEGRATE (MI) ITALY \u2013 C.FISC\/P.IVA 08264270151<\/p>\n        <\/div>\n                    <\/div>\n<\/section>","protected":false},"excerpt":{"rendered":"","protected":false},"author":1,"featured_media":0,"parent":0,"menu_order":0,"comment_status":"closed","ping_status":"closed","template":"","meta":{"footnotes":""},"acf":[],"_links":{"self":[{"href":"https:\/\/tubopress.it\/de\/wp-json\/wp\/v2\/pages\/4645"}],"collection":[{"href":"https:\/\/tubopress.it\/de\/wp-json\/wp\/v2\/pages"}],"about":[{"href":"https:\/\/tubopress.it\/de\/wp-json\/wp\/v2\/types\/page"}],"author":[{"embeddable":true,"href":"https:\/\/tubopress.it\/de\/wp-json\/wp\/v2\/users\/1"}],"replies":[{"embeddable":true,"href":"https:\/\/tubopress.it\/de\/wp-json\/wp\/v2\/comments?post=4645"}],"version-history":[{"count":3,"href":"https:\/\/tubopress.it\/de\/wp-json\/wp\/v2\/pages\/4645\/revisions"}],"predecessor-version":[{"id":6088,"href":"https:\/\/tubopress.it\/de\/wp-json\/wp\/v2\/pages\/4645\/revisions\/6088"}],"wp:attachment":[{"href":"https:\/\/tubopress.it\/de\/wp-json\/wp\/v2\/media?parent=4645"}],"curies":[{"name":"wp","href":"https:\/\/api.w.org\/{rel}","templated":true}]}}