{"id":4654,"date":"2024-09-11T11:05:21","date_gmt":"2024-09-11T09:05:21","guid":{"rendered":"https:\/\/lnx.babolapp.com\/anzeige-von-straftaten\/"},"modified":"2025-03-24T14:05:53","modified_gmt":"2025-03-24T13:05:53","slug":"anzeige-von-straftaten","status":"publish","type":"page","link":"https:\/\/tubopress.it\/de\/anzeige-von-straftaten\/","title":{"rendered":"Anzeige von Straftaten"},"content":{"rendered":"<section  class=\"section-hero bg-primary position-relative bassa\" style=\"background-image: url()\">\n            <div class=\"overlay-color\"><\/div>\n        <div class=\"container h-100\">\n        <div class=\"row h-100 align-items-center\">\n            <div class=\"col-12 z-1\">\n                <h1 class=\"text-white title-big-light tubopress-animate tubopress-animation-slide-up mb-20 text-center \">Anzeige von Straftaten<\/h1>\n            <\/div>\n            <div class=\"text-info text-center\">\n                <p class=\"text-white txt-regular tubopress-animate tubopress-animation-slide-up tubopress-animation-delay-50\">(Whistleblowing)<\/p>\n                <p class=\"text-white txt-regular tubopress-animate tubopress-animation-slide-up tubopress-animation-delay-100\"><\/p>\n            <\/div>\n        <\/div>\n    <\/div>\n<\/section><section  class=\"section-titolo-testo bg-light\">\n    <div class=\"container\">\n        <h2 class=\"text-start text-primary title-s-regular mb-25 mb-lg-40 tubopress-animate tubopress-animation-slide-up\">\n            MELDUNG VON VERST\u00d6SSEN, STRAFTATEN UND UNREGELM\u00c4SSIGKEITEN         <\/h2>\n        <div class=\"text-start text-primary txt-regular tubopress-animate tubopress-animation-slide-up tubopress-animation-delay-50\">\n            <p>Bei TUBOPRESS setzen wir uns daf\u00fcr ein, eine offene und gesetzkonforme Arbeitsumgebung zu schaffen. Deshalb haben wir einen vertraulichen Meldekanal eingerichtet, \u00fcber den Mitarbeiter rechtswidrige <strong>Handlungen und Unregelm\u00e4\u00dfigkeiten berichten k\u00f6nnen<\/strong>.<br \/>\u00dcber die interne IT-Plattform k\u00f6nnen Mitarbeiter Meldungen zu illegalen Verhaltensweisen und Unregelm\u00e4\u00dfigkeiten, die sie durch ihre Besch\u00e4ftigung erfahren haben, weitergeben. <\/p>\n<ul>\n<li>Festangestellte Arbeitnehmer<\/li>\n<li>Lohnarbeiter externer Unternehmen<\/li>\n<li>Mitarbeiter, die Waren oder Dienstleistungen liefern oder Arbeiten f\u00fcr Dritte ausf\u00fchren<\/li>\n<li>Freiberufler und Berater<\/li>\n<li>Freiwillige und Praktikanten<\/li>\n<li>Aktion\u00e4re und Personen mit Verwaltungs-, Management-, Kontroll-, Aufsichts- oder Vertretungsfunktionen<\/li>\n<\/ul>\n<p>Die IT-Plattform verwendet ein Verschl\u00fcsselungsprotokoll, das einen verbesserten Schutz der Vertraulichkeit der Identit\u00e4t des Meldenden, des Inhalts der Meldung und der dazugeh\u00f6rigen Dokumentation gew\u00e4hrleistet. Der Hinweisgeber ist gesetzlich vor m\u00f6glichen Vergeltungsma\u00dfnahmen gesch\u00fctzt und die Identit\u00e4t des Hinweisgebers wird vertraulich behandelt. <\/p>\n<p>&nbsp;<\/p>\n<hr>\n<p style=\"text-align: center;\">Es kann der folgende Link verwendet werden, um Berichte an die entsprechende IT-Plattform weiterzuleiten:<\/p>\n<p style=\"text-align: center;\"><span style=\"color: #0000ff;\"><strong><a style=\"color: #0000ff;\" href=\"https:\/\/areariservata.mygovernance.it\/#!\/WB\/TUBOPRESS_ITALIA\" target=\"_blank\" rel=\"noopener\">IT-Plattform zur \u00dcbermittlung von Meldungen<\/a><\/strong><\/span><\/p>\n<p>&nbsp;<\/p>\n<hr>\n<p>&nbsp;<\/p>\n<p style=\"text-align: center;\"><span style=\"color: #ff0000;\"><strong>Technische Hinweise<\/strong><\/span><\/p>\n<p>N\u00fctzliche Informationen zum Verfassen von Berichten finden Sie in dem folgenden Leitfaden:<\/p>\n<div style=\"width: 640px;\" class=\"wp-video\"><!--[if lt IE 9]><script>document.createElement('video');<\/script><![endif]-->\n<video class=\"wp-video-shortcode\" id=\"video-4654-1\" width=\"640\" height=\"360\" preload=\"metadata\" controls=\"controls\"><source type=\"video\/mp4\" src=\"https:\/\/tubopress.it\/wp-content\/uploads\/2024\/10\/effettuare-segnalazione-scritta.mp4?_=1\" \/><a href=\"https:\/\/tubopress.it\/wp-content\/uploads\/2024\/10\/effettuare-segnalazione-scritta.mp4\">https:\/\/tubopress.it\/wp-content\/uploads\/2024\/10\/effettuare-segnalazione-scritta.mp4<\/a><\/video><\/div>\n<p>&nbsp;<\/p>\n<p>F\u00fcr ein analytisches und umfassendes Verst\u00e4ndnis des Berichtsmanagementsystems laden sie die folgende Datei herunter:<\/p>\n<ul>\n<li><strong><a href=\"https:\/\/tubopress.it\/wp-content\/uploads\/2024\/10\/Regolamento-whistleblowing-Tubopress.pdf\" target=\"_blank\" rel=\"noopener\">Regeln f\u00fcr die Meldung von Verst\u00f6\u00dfen<\/a><\/strong><\/li>\n<\/ul>\n<p>Um die Verarbeitung der in den Berichten enthaltenen personenbezogenen Daten zu verstehen, k\u00f6nnen Sie die Datenschutzrichtlinie herunterladen, in der erl\u00e4utert wird, welche personenbezogenen Daten erfasst werden und wie die f\u00fcr die Weiterleitung von Berichten vorgesehenen Kan\u00e4le genutzt werden.<\/p>\n<ul>\n<li><strong><a href=\"https:\/\/tubopress.it\/wp-content\/uploads\/2024\/10\/Informativa-Whisteblowing.pdf\" target=\"_blank\" rel=\"noopener\">Whistleblowing-Informationen<\/a><\/strong><\/li>\n<\/ul>\n<p>&nbsp;<\/p>\n<hr>\n<p>&nbsp;<\/p>\n<p style=\"text-align: center;\"><span style=\"color: #ff0000;\"><strong>Anonyme Reportagen<\/strong><\/span><\/p>\n<p>Die IT-Plattform und einige Meldekan\u00e4le (siehe \u201eBedienungsanleitung\u201c) erm\u00f6glichen auch die Annahme anonymer Meldungen. Sofern die Meldung \u201ep\u00fcnktlich, detailliert und durch geeignete Unterlagen belegt\u201c erfolgt, wird sie ber\u00fccksichtigt. Die Archivierung anonymer Meldungen erfolgt nach den gleichen Verfahren wie bei offenen Meldungen, um sicherzustellen, dass der Meldende seine Identit\u00e4t dem zust\u00e4ndigen Manager zu einem sp\u00e4teren Zeitpunkt offenlegen kann.<\/p>\n        <\/div>\n    <\/div>\n<\/section>","protected":false},"excerpt":{"rendered":"","protected":false},"author":1,"featured_media":0,"parent":0,"menu_order":0,"comment_status":"closed","ping_status":"closed","template":"","meta":{"footnotes":""},"acf":[],"_links":{"self":[{"href":"https:\/\/tubopress.it\/de\/wp-json\/wp\/v2\/pages\/4654"}],"collection":[{"href":"https:\/\/tubopress.it\/de\/wp-json\/wp\/v2\/pages"}],"about":[{"href":"https:\/\/tubopress.it\/de\/wp-json\/wp\/v2\/types\/page"}],"author":[{"embeddable":true,"href":"https:\/\/tubopress.it\/de\/wp-json\/wp\/v2\/users\/1"}],"replies":[{"embeddable":true,"href":"https:\/\/tubopress.it\/de\/wp-json\/wp\/v2\/comments?post=4654"}],"version-history":[{"count":3,"href":"https:\/\/tubopress.it\/de\/wp-json\/wp\/v2\/pages\/4654\/revisions"}],"predecessor-version":[{"id":6092,"href":"https:\/\/tubopress.it\/de\/wp-json\/wp\/v2\/pages\/4654\/revisions\/6092"}],"wp:attachment":[{"href":"https:\/\/tubopress.it\/de\/wp-json\/wp\/v2\/media?parent=4654"}],"curies":[{"name":"wp","href":"https:\/\/api.w.org\/{rel}","templated":true}]}}