{"id":4660,"date":"2024-07-24T14:41:58","date_gmt":"2024-07-24T12:41:58","guid":{"rendered":"https:\/\/lnx.babolapp.com\/sozialleistungen-und-praemien-im-unternehmen\/"},"modified":"2025-03-24T09:52:47","modified_gmt":"2025-03-24T08:52:47","slug":"sozialleistungen-und-praemien-im-unternehmen","status":"publish","type":"page","link":"https:\/\/tubopress.it\/de\/sozialleistungen-und-praemien-im-unternehmen\/","title":{"rendered":"Sozialleistungen und Pr\u00e4mien im Unternehmen"},"content":{"rendered":"<section  class=\"section-hero bg-primary position-relative alta\" style=\"background-image: url(https:\/\/tubopress.it\/wp-content\/uploads\/2024\/07\/welfare-aziendale-1-e1721824990575.webp)\">\n            <div class=\"overlay-color\"><\/div>\n        <div class=\"container h-100\">\n        <div class=\"row h-100 align-items-center\">\n            <div class=\"col-12 z-1\">\n                <h1 class=\"text-white title-big-light tubopress-animate tubopress-animation-slide-up mb-20 text-center \">Sozialleistungen und Pr\u00e4mien im Unternehmen<\/h1>\n            <\/div>\n            <div class=\"text-info text-center\">\n                <p class=\"text-white txt-regular tubopress-animate tubopress-animation-slide-up tubopress-animation-delay-50\">Wir legen Wert auf das Wohlergehen unserer Mitarbeiter!<\/p>\n                <p class=\"text-white txt-regular tubopress-animate tubopress-animation-slide-up tubopress-animation-delay-100\"><\/p>\n            <\/div>\n        <\/div>\n    <\/div>\n<\/section><section  class=\"section-testo-semplice bg-light\">\n    <div class=\"container\">\n        <div class=\"text-primary txt-regular tubopress-animate tubopress-animation-slide-up\">\n            <p style=\"text-align: center;\">Bei TUBOPRESS sind wir der Meinung, dass das Wohlbefinden unserer Mitarbeiter essenziell f\u00fcr den Unternehmenserfolg ist. Aus diesem Grund haben wir ein Programm f\u00fcr betriebliche Sozialleistungen entwickelt, um die Lebensqualit\u00e4t unserer Mitarbeiter am Arbeitsplatz und im Privatleben zu verbessern und ihnen greifbare Vorteile zu bieten. <\/p>\n<p style=\"text-align: center;\">Das Engagement und den Einsatz unserer Mitarbeiter w\u00fcrdigen wir jedes Jahr mit einer Sonderpr\u00e4mie, die \u00fcber eine eigene Plattform und mit Unterst\u00fctzung unserer Personalabteilung f\u00fcr vielf\u00e4ltige Waren und Dienstleistungen eingesetzt werden kann.<\/p>\n<p style=\"text-align: center;\">Wir freuen uns, Ihnen einen Arbeitsplatz anbieten zu k\u00f6nnen, der nicht nur Ihr Wohlbefinden, sondern auch Ihre Integration und den gegenseitigen Respekt f\u00f6rdert. Unser Programm zur betrieblichen Pr\u00e4mierung ist ein Beweis f\u00fcr unser Engagement, die Arbeitsbedingungen st\u00e4ndig zu verbessern. Durch Anerkennung und Belohnung Ihres wertvollen Beitrags wollen wir Ihnen einen zus\u00e4tzlichen Mehrwert f\u00fcr Ihr Leben bieten. <\/p>\n<p>&nbsp;<\/p>\n<p style=\"text-align: center;\"><img loading=\"lazy\" decoding=\"async\" class=\"alignnone wp-image-2691\" src=\"https:\/\/tubopress.it\/wp-content\/uploads\/2024\/07\/TubopressDIPwelfare2-300x300.png\" alt=\"\" width=\"400\" height=\"400\" srcset=\"https:\/\/tubopress.it\/wp-content\/uploads\/2024\/07\/TubopressDIPwelfare2-300x300.png 300w, https:\/\/tubopress.it\/wp-content\/uploads\/2024\/07\/TubopressDIPwelfare2-781x780.png 781w, https:\/\/tubopress.it\/wp-content\/uploads\/2024\/07\/TubopressDIPwelfare2-600x600.png 600w, https:\/\/tubopress.it\/wp-content\/uploads\/2024\/07\/TubopressDIPwelfare2-150x150.png 150w, https:\/\/tubopress.it\/wp-content\/uploads\/2024\/07\/TubopressDIPwelfare2-768x767.png 768w, https:\/\/tubopress.it\/wp-content\/uploads\/2024\/07\/TubopressDIPwelfare2-606x605.png 606w, https:\/\/tubopress.it\/wp-content\/uploads\/2024\/07\/TubopressDIPwelfare2-390x390.png 390w, https:\/\/tubopress.it\/wp-content\/uploads\/2024\/07\/TubopressDIPwelfare2.png 836w\" sizes=\"(max-width: 400px) 100vw, 400px\" \/><\/p>\n        <\/div>\n                    <\/div>\n<\/section>","protected":false},"excerpt":{"rendered":"","protected":false},"author":1,"featured_media":0,"parent":0,"menu_order":0,"comment_status":"closed","ping_status":"closed","template":"","meta":{"footnotes":""},"acf":[],"_links":{"self":[{"href":"https:\/\/tubopress.it\/de\/wp-json\/wp\/v2\/pages\/4660"}],"collection":[{"href":"https:\/\/tubopress.it\/de\/wp-json\/wp\/v2\/pages"}],"about":[{"href":"https:\/\/tubopress.it\/de\/wp-json\/wp\/v2\/types\/page"}],"author":[{"embeddable":true,"href":"https:\/\/tubopress.it\/de\/wp-json\/wp\/v2\/users\/1"}],"replies":[{"embeddable":true,"href":"https:\/\/tubopress.it\/de\/wp-json\/wp\/v2\/comments?post=4660"}],"version-history":[{"count":3,"href":"https:\/\/tubopress.it\/de\/wp-json\/wp\/v2\/pages\/4660\/revisions"}],"predecessor-version":[{"id":6021,"href":"https:\/\/tubopress.it\/de\/wp-json\/wp\/v2\/pages\/4660\/revisions\/6021"}],"wp:attachment":[{"href":"https:\/\/tubopress.it\/de\/wp-json\/wp\/v2\/media?parent=4660"}],"curies":[{"name":"wp","href":"https:\/\/api.w.org\/{rel}","templated":true}]}}