{"id":5614,"date":"2023-12-13T09:50:54","date_gmt":"2023-12-13T08:50:54","guid":{"rendered":"https:\/\/lnx.babolapp.com\/nachhaltigkeit\/"},"modified":"2026-05-12T14:24:37","modified_gmt":"2026-05-12T12:24:37","slug":"nachhaltigkeit","status":"publish","type":"page","link":"https:\/\/tubopress.it\/de\/nachhaltigkeit\/","title":{"rendered":"Nachhaltigkeit"},"content":{"rendered":"<section  class=\"section-hero-slider bg-primary position-relative\">\n    <div class=\"swiper\">\n        <div class=\"swiper-wrapper\">\n                                                <div class=\"swiper-slide\" style=\"background-image: url('https:\/\/tubopress.it\/wp-content\/uploads\/2024\/11\/41-e1732714910132.png');\">\n                        <div class=\"overlay-color d-lg-none\"><\/div>\n                        <div class=\"container\">\n                            <div class=\"row h-100\">\n                                <div class=\"col-12 col-lg-8 text-column h-100 d-flex flex-column justify-content-center\">\n                                    <h1 class=\"title-big-regular text-secondary mt-50 mt-lg-30 mt-xl-0 mb-40 mb-lg-50 tubopress-animation-slide-up tubopress-animate-slider\">Umweltschutz<\/h1>\n                                    <div class=\"txt-normal-regular text-white mb-30 tubopress-animation-slide-up tubopress-animate-slider tubopress-animation-delay-50\"><p style=\"text-align: left;\">Der ideale Partner f\u00fcr Ihr \u00f6kologisches Nachhaltigkeitsprojekt!<\/p>\n<hr>\n<p style=\"text-align: left;\">In kleinen Schritten gehen wir den Weg des \u00f6kologischen Wandels und zeigen gleichzeitig Achtung f\u00fcr unseren Planeten. Wir \u00fcberdenken unsere Produktions- und Entsorgungspraktiken, um die Umweltbelastung zu reduzieren und eine Wirtschaft aufzubauen, die keine neuen Ressourcen ausbeutet, sondern die bereits vorhandenen wiederverwertetet.<\/p>\n<p style=\"text-align: left;\">Tubopress Italia bietet wirksame Verpackungsl\u00f6sungen zum Schutz der Umwelt und f\u00fcr eine gr\u00fcnere und nachhaltigere Zukunft.<\/p>\n<p style=\"text-align: left;\">Wenn Sie den Umweltschutz unterst\u00fctzen m\u00f6chten, k\u00f6nnen Sie aus unserem Sortiment Tuben aus recyceltem Kunststoff (PCR) und umweltfreundlichen Materialien (PE Green) ausw\u00e4hlen.<\/p>\n<p style=\"text-align: left;\">\n<\/div>\n                                                                                <p class=\"m-0 tubopress-animation-slide-up tubopress-animate-slider tubopress-animation-delay-100\">\n                                                <a href=\"https:\/\/tubopress.it\/de\/prodotti-tubi\/\" class=\"btn txt-normal-regular text-center\">\n                                                    Entdecken Sie unsere Produkte                                                <\/a>\n                                            <\/p>\n                                                                    <\/div>\n                            <\/div>\n                        <\/div>\n                    <\/div>\n                                    <div class=\"swiper-slide\" style=\"background-image: url('https:\/\/tubopress.it\/wp-content\/uploads\/2025\/03\/image-stone-sigillo-garanzia_no-text.png');\">\n                        <div class=\"overlay-color d-lg-none\"><\/div>\n                        <div class=\"container\">\n                            <div class=\"row h-100\">\n                                <div class=\"col-12 col-lg-8 text-column h-100 d-flex flex-column justify-content-center\">\n                                    <h1 class=\"title-big-regular text-secondary mt-50 mt-lg-30 mt-xl-0 mb-40 mb-lg-50 tubopress-animation-slide-up tubopress-animate-slider\">Low-Profile Verschluss <\/h1>\n                                    <div class=\"txt-normal-regular text-white mb-30 tubopress-animation-slide-up tubopress-animate-slider tubopress-animation-delay-50\"><h2>Unser Projekt mit extrem flachen Verschl\u00fcssen<\/h2>\n<p>Vorteile:<\/p>\n<ul>\n<li>100% recycelbar<\/li>\n<li>Leichter als herk\u00f6mmliche Verschl\u00fcsse<\/li>\n<li>Erh\u00e4ltlich in PP oder PE fuer Durchmesser 40 &amp; 50 mm fuer Tuben von 50 bis 300 ml <\/li>\n<li>Gl\u00e4nzende und matte Oberfl\u00e4che<\/li>\n<li>Verschluss Bohrungsdurchmesser 1,5 &#8211; 3.0 &#8211; 5.0<\/li>\n<li>Option zum Abrei\u00dfen des Garantiesiegels<\/li>\n<\/ul>\n<p>&nbsp;<\/p>\n<p>&nbsp;<\/p>\n<p>&nbsp;<\/p>\n<\/div>\n                                                                                <p class=\"m-0 tubopress-animation-slide-up tubopress-animate-slider tubopress-animation-delay-100\">\n                                                <a href=\"https:\/\/tubopress.it\/de\/prodotti-tubi\/\" class=\"btn txt-normal-regular text-center\">\n                                                    Entdecken Sie unsere Produkte                                                <\/a>\n                                            <\/p>\n                                                                    <\/div>\n                            <\/div>\n                        <\/div>\n                    <\/div>\n                                    <\/div>\n    <\/div>\n    <div class=\"swiper-pagination\"><\/div>\n                <div class=\"slider-progress-bar\"><\/div>\n        <\/section>\n\n<section  class=\"section-testo-immagine-2 bg-white\">\n    <div class=\"container\">\n                <div class=\"row \">\n            <div class=\"col-12 col-lg-6 tubopress-animate tubopress-animation-slide-up\">\n                <img decoding=\"async\" src=\"https:\/\/tubopress.it\/wp-content\/uploads\/2024\/08\/PCR-5-e1726067641723.png\" alt=\"\" class=\"img-fluid\">\n            <\/div>\n            <div class=\"col-12 col-lg-6 text-primary d-flex flex-column justify-content-center\">\n                <h2 class=\"eyelet-medium mb-20 mb-lg-40 mt-20 mt-lg-0 tubopress-animate tubopress-animation-slide-up tubopress-animation-delay-50\">Tuben in PCR (Post-Consumer Recycled)<\/h2>\n                <p class=\"m-0 txt-regular tubopress-animate tubopress-animation-slide-up tubopress-animation-delay-100\">Unsere PCR-Tuben sind eine umweltfreundliche Wahl, um das Problem von Plastikabfall, der verbrannt oder deponiert wird, zu reduzieren. \r\n\r\n\r\n\r\nWarum sollten Sie sich f\u00fcr PCR-Tuben entscheiden?<br><br>\u2022 Die aus Post-Consumer-Recyclingmaterial hergestellten Tuben garantieren die gleichen Qualit\u00e4ts- und Leistungsstandards wie herk\u00f6mmliche Tuben.<\/p>\n            <\/div>\n        <\/div>\n    <\/div>\n<\/section>\n\n<section  class=\"section-testo-immagine-2 bg-white\">\n    <div class=\"container\">\n                <div class=\"row flex-row-reverse\">\n            <div class=\"col-12 col-lg-6 tubopress-animate tubopress-animation-slide-up\">\n                <img decoding=\"async\" src=\"https:\/\/tubopress.it\/wp-content\/uploads\/2024\/08\/110.png\" alt=\"\" class=\"img-fluid\">\n            <\/div>\n            <div class=\"col-12 col-lg-6 text-primary d-flex flex-column justify-content-center\">\n                <h2 class=\"eyelet-medium mb-20 mb-lg-40 mt-20 mt-lg-0 tubopress-animate tubopress-animation-slide-up tubopress-animation-delay-50\">Tuben in PE Green<\/h2>\n                <p class=\"m-0 txt-regular tubopress-animate tubopress-animation-slide-up tubopress-animation-delay-100\">Die von Braskem &#8222;I&#8217;m Green&#8220; zertifizierten PE Green-Kunststofftuben werden aus einem zu 100% recycelbaren Biopolymer hergestellt, das aus Zuckerrohr und nicht aus Erd\u00f6l gewonnen wird. Dieser erneuerbare Rohstoff hilft, die CO2-Emissionen aufgrund seines Produktionsprozesses zu reduzieren. Aus diesem PE Green-Kunststoff k\u00f6nnen verschiedene Arten von Tuben hergestellt werden, wie zylindrische, ovale, f\u00fcr Lippenpflege, f\u00fcr Augenpflege, einschichtig und mehrschichtig (Coex).\r\n<\/p>\n            <\/div>\n        <\/div>\n    <\/div>\n<\/section>\n\n<section  class=\"section-testo-immagine-2 bg-white\">\n    <div class=\"container\">\n                <div class=\"row \">\n            <div class=\"col-12 col-lg-6 tubopress-animate tubopress-animation-slide-up\">\n                <img decoding=\"async\" src=\"https:\/\/tubopress.it\/wp-content\/uploads\/2024\/08\/Mono-materiale-1.png\" alt=\"\" class=\"img-fluid\">\n            <\/div>\n            <div class=\"col-12 col-lg-6 text-primary d-flex flex-column justify-content-center\">\n                <h2 class=\"eyelet-medium mb-20 mb-lg-40 mt-20 mt-lg-0 tubopress-animate tubopress-animation-slide-up tubopress-animation-delay-50\">Monomaterial Produkte<\/h2>\n                <p class=\"m-0 txt-regular tubopress-animate tubopress-animation-slide-up tubopress-animation-delay-100\">Unsere Tuben k\u00f6nnen komplett aus PE-Material hergestellt werden, sowohl Tube als auch Verschl\u00fcsse.  \r\nWas sind die Vorteile eines Monomaterial Produktes?\r\n<br><br>\u2022 100 % recycelbar: Diese Produkte k\u00f6nnen problemlos in normalen, getrennten Abfallsammelverfahren recycelt werden.\r\n<br><br>\u2022 Vielseitigkeit: Erh\u00e4ltlich in den Durchmessern 40 und 50 mit einem Fassungsverm\u00f6gen zwischen 50 und 300 ml.\r\n<br><br>\u2022 Hohe Best\u00e4ndigkeit: Wir garantieren die gleiche Best\u00e4ndigkeit und den gleichen Produktschutz, den man von herk\u00f6mmlichen Tuben erwartet.<\/p>\n            <\/div>\n        <\/div>\n    <\/div>\n<\/section>\n\n<section  class=\"section-testo-semplice bg-light\">\n    <div class=\"container\">\n        <div class=\"text-primary txt-regular tubopress-animate tubopress-animation-slide-up\">\n                    <\/div>\n                    <\/div>\n<\/section>\n\n<section  class=\"section-cta-download\">\n    <div class=\"container\">\n        <div class=\"row justify-content-center\">\n            <div class=\"col-12 col-lg-9 text-center\">\n                <h2 class=\"text-primary title-xs-regular mb-20 mb-lg-40 tubopress-animate tubopress-animation-slide-up\">Sustainability Policy<\/h2>\n                <a href=\"https:\/\/tubopress.it\/wp-content\/uploads\/2026\/05\/Sustainability-Policy-EN.pdf\" class=\"btn btn-light-green txt-normal-bold tubopress-animate tubopress-animation-slide-up tubopress-animation-delay-50\" target=\"_blank\" download>\n                    Herunterladen                <\/a>\n            <\/div>\n        <\/div>\n    <\/div>\n<\/section>\n\n<section  class=\"section-text-scroll tubopress-animate tubopress-animation-slide-up bg-light\">\n    <div class=\"marquee-section\">\n        <h2 class=\"marquee title-big-light text-dark\">TUBOPRESS ITALIA <\/h2>\n        <h2 class=\"marquee marquee2 title-big-light text-dark\">TUBOPRESS ITALIA <\/h2>\n    <\/div>\n<\/section>","protected":false},"excerpt":{"rendered":"","protected":false},"author":1,"featured_media":0,"parent":0,"menu_order":0,"comment_status":"closed","ping_status":"closed","template":"","meta":{"footnotes":""},"acf":[],"_links":{"self":[{"href":"https:\/\/tubopress.it\/de\/wp-json\/wp\/v2\/pages\/5614"}],"collection":[{"href":"https:\/\/tubopress.it\/de\/wp-json\/wp\/v2\/pages"}],"about":[{"href":"https:\/\/tubopress.it\/de\/wp-json\/wp\/v2\/types\/page"}],"author":[{"embeddable":true,"href":"https:\/\/tubopress.it\/de\/wp-json\/wp\/v2\/users\/1"}],"replies":[{"embeddable":true,"href":"https:\/\/tubopress.it\/de\/wp-json\/wp\/v2\/comments?post=5614"}],"version-history":[{"count":3,"href":"https:\/\/tubopress.it\/de\/wp-json\/wp\/v2\/pages\/5614\/revisions"}],"predecessor-version":[{"id":18555,"href":"https:\/\/tubopress.it\/de\/wp-json\/wp\/v2\/pages\/5614\/revisions\/18555"}],"wp:attachment":[{"href":"https:\/\/tubopress.it\/de\/wp-json\/wp\/v2\/media?parent=5614"}],"curies":[{"name":"wp","href":"https:\/\/api.w.org\/{rel}","templated":true}]}}