{"id":5661,"date":"2023-12-01T16:12:03","date_gmt":"2023-12-01T15:12:03","guid":{"rendered":"https:\/\/lnx.babolapp.com\/home\/"},"modified":"2026-01-14T14:12:40","modified_gmt":"2026-01-14T13:12:40","slug":"home","status":"publish","type":"page","link":"https:\/\/tubopress.it\/de\/","title":{"rendered":"Home"},"content":{"rendered":"<section  class=\"section-hero bg-primary position-relative bassa\" style=\"background-image: url(https:\/\/tubopress.it\/wp-content\/uploads\/2024\/01\/product-page-hero-1.jpg)\">\n            <div class=\"overlay-color\"><\/div>\n        <div class=\"container h-100\">\n        <div class=\"row h-100 align-items-center\">\n            <div class=\"col-12 z-1\">\n                <h1 class=\"text-white title-big-light tubopress-animate tubopress-animation-slide-up mb-20 text-center \">Entsprechen unsere Qualit\u00e4ten Ihren Erwartungen?<\/h1>\n            <\/div>\n            <div class=\"text-info text-center\">\n                <p class=\"text-white txt-regular tubopress-animate tubopress-animation-slide-up tubopress-animation-delay-50\"><\/p>\n                <p class=\"text-white txt-regular tubopress-animate tubopress-animation-slide-up tubopress-animation-delay-100\"><\/p>\n            <\/div>\n        <\/div>\n    <\/div>\n<\/section>\n\n<section  class=\"section-gallery tubopress-animate tubopress-animation-slide-up\">\n    <div class=\"container\">\n        <div class=\"swiper position-relative\">\n            <div class=\"swiper-wrapper\">\n                                                            <div class=\"swiper-slide\">\n                            <img decoding=\"async\" src=\"https:\/\/tubopress.it\/wp-content\/uploads\/2026\/01\/HOME-PAGE-image-green-1.png\" alt=\"\" class=\"img-fluid\">\n                        <\/div>\n                                            <div class=\"swiper-slide\">\n                            <img decoding=\"async\" src=\"https:\/\/tubopress.it\/wp-content\/uploads\/2025\/05\/HOME-PAGE-image-02-002.png\" alt=\"\" class=\"img-fluid\">\n                        <\/div>\n                                            <div class=\"swiper-slide\">\n                            <img decoding=\"async\" src=\"https:\/\/tubopress.it\/wp-content\/uploads\/2025\/05\/HOME-PAGE-image-03-002.png\" alt=\"\" class=\"img-fluid\">\n                        <\/div>\n                                                <\/div>\n            <div class=\"navigation-special-btn-next\">\n                <img decoding=\"async\" src=\"https:\/\/tubopress.it\/wp-content\/themes\/tubopress_029\/images\/arrow-primary-right.svg\" alt=\"\">\n            <\/div>\n            <div class=\"navigation-special-btn-prev\">\n                <img decoding=\"async\" src=\"https:\/\/tubopress.it\/wp-content\/themes\/tubopress_029\/images\/arrow-primary-left.svg\" alt=\"\">\n            <\/div>\n        <\/div>\n    <\/div>\n<\/section>\n\n<section  class=\"section-testo-semplice bg-light\">\n    <div class=\"container\">\n        <div class=\"text-primary txt-regular tubopress-animate tubopress-animation-slide-up\">\n            <p>Wir bieten unseren Kunden ma\u00dfgeschneiderte L\u00f6sungen an, die durch qualitativ hochwertige Verpackungsl\u00f6sungen und Materialien charakterisiert sind.<\/p>\n<p>Unsere Experten verhelfen Ihrem Markenimage durch die Verwendung des Stils &#8222;Made in Italy&#8220; zu neuem Prestige.<\/p>\n<p>Vertrauen Sie Tubopress. Unsere Expertise, unsere Kreativit\u00e4t und Nachhaltigkeit stehen im Dienste Ihrer Bed\u00fcrfnisse.<\/p>\n<p>&nbsp;<\/p>\n        <\/div>\n                    <\/div>\n<\/section>\n\n<section  class=\"section-brand-partners\">\n    <div class=\"container tubopress-animate tubopress-animation-slide-up\">\n        <h2 class=\"text-primary title-xs-regular mb-20\">\n            Wir arbeiten mit Leidenschaft f\u00fcr:        <\/h2>\n        <div class=\"swiper swiper-desktop d-none d-lg-block\">\n            <div class=\"swiper-wrapper\">\n                                                            <div class=\"swiper-slide\">\n                            <img decoding=\"async\" src=\"https:\/\/tubopress.it\/wp-content\/uploads\/2024\/10\/Augustinus-Bader.png\" alt=\"\" class=\"img-fluid\">\n                        <\/div>\n                                            <div class=\"swiper-slide\">\n                            <img decoding=\"async\" src=\"https:\/\/tubopress.it\/wp-content\/uploads\/2024\/10\/Channoine.png\" alt=\"\" class=\"img-fluid\">\n                        <\/div>\n                                            <div class=\"swiper-slide\">\n                            <img decoding=\"async\" src=\"https:\/\/tubopress.it\/wp-content\/uploads\/2024\/10\/Collistar.png\" alt=\"\" class=\"img-fluid\">\n                        <\/div>\n                                            <div class=\"swiper-slide\">\n                            <img decoding=\"async\" src=\"https:\/\/tubopress.it\/wp-content\/uploads\/2024\/10\/Guam.png\" alt=\"\" class=\"img-fluid\">\n                        <\/div>\n                                            <div class=\"swiper-slide\">\n                            <img decoding=\"async\" src=\"https:\/\/tubopress.it\/wp-content\/uploads\/2024\/10\/Erbolario.png\" alt=\"\" class=\"img-fluid\">\n                        <\/div>\n                                            <div class=\"swiper-slide\">\n                            <img decoding=\"async\" src=\"https:\/\/tubopress.it\/wp-content\/uploads\/2024\/10\/LR.png\" alt=\"\" class=\"img-fluid\">\n                        <\/div>\n                                            <div class=\"swiper-slide\">\n                            <img decoding=\"async\" src=\"https:\/\/tubopress.it\/wp-content\/uploads\/2024\/10\/Michael-Kors.png\" alt=\"\" class=\"img-fluid\">\n                        <\/div>\n                                            <div class=\"swiper-slide\">\n                            <img decoding=\"async\" src=\"https:\/\/tubopress.it\/wp-content\/uploads\/2024\/10\/Moschino.png\" alt=\"\" class=\"img-fluid\">\n                        <\/div>\n                                            <div class=\"swiper-slide\">\n                            <img decoding=\"async\" src=\"https:\/\/tubopress.it\/wp-content\/uploads\/2025\/10\/jaguar-new-2024-logo-png_seeklogo-559506-002.png\" alt=\"\" class=\"img-fluid\">\n                        <\/div>\n                                            <div class=\"swiper-slide\">\n                            <img decoding=\"async\" src=\"https:\/\/tubopress.it\/wp-content\/uploads\/2024\/10\/Versace.png\" alt=\"\" class=\"img-fluid\">\n                        <\/div>\n                                            <div class=\"swiper-slide\">\n                            <img decoding=\"async\" src=\"https:\/\/tubopress.it\/wp-content\/uploads\/2025\/10\/davines_paginaweb-1.webp\" alt=\"\" class=\"img-fluid\">\n                        <\/div>\n                                            <div class=\"swiper-slide\">\n                            <img decoding=\"async\" src=\"https:\/\/tubopress.it\/wp-content\/uploads\/2025\/10\/OIP.webp\" alt=\"\" class=\"img-fluid\">\n                        <\/div>\n                                            <div class=\"swiper-slide\">\n                            <img decoding=\"async\" src=\"https:\/\/tubopress.it\/wp-content\/uploads\/2025\/10\/Alfaparf-Milano-002.jpg\" alt=\"\" class=\"img-fluid\">\n                        <\/div>\n                                            <div class=\"swiper-slide\">\n                            <img decoding=\"async\" src=\"https:\/\/tubopress.it\/wp-content\/uploads\/2025\/10\/d6469n79l071ghx5-002.jpg\" alt=\"\" class=\"img-fluid\">\n                        <\/div>\n                                                <\/div>\n       <\/div>\n    <\/div>\n    <div class=\"swiper swiper-mobile d-block d-lg-none\">\n        <div class=\"swiper-wrapper\">\n                                                <div class=\"swiper-slide\">\n                        <img decoding=\"async\" src=\"https:\/\/tubopress.it\/wp-content\/uploads\/2024\/10\/Augustinus-Bader.png\" alt=\"\" class=\"img-fluid\">\n                    <\/div>\n                                    <div class=\"swiper-slide\">\n                        <img decoding=\"async\" src=\"https:\/\/tubopress.it\/wp-content\/uploads\/2024\/10\/Channoine.png\" alt=\"\" class=\"img-fluid\">\n                    <\/div>\n                                    <div class=\"swiper-slide\">\n                        <img decoding=\"async\" src=\"https:\/\/tubopress.it\/wp-content\/uploads\/2024\/10\/Collistar.png\" alt=\"\" class=\"img-fluid\">\n                    <\/div>\n                                    <div class=\"swiper-slide\">\n                        <img decoding=\"async\" src=\"https:\/\/tubopress.it\/wp-content\/uploads\/2024\/10\/Guam.png\" alt=\"\" class=\"img-fluid\">\n                    <\/div>\n                                    <div class=\"swiper-slide\">\n                        <img decoding=\"async\" src=\"https:\/\/tubopress.it\/wp-content\/uploads\/2024\/10\/Erbolario.png\" alt=\"\" class=\"img-fluid\">\n                    <\/div>\n                                    <div class=\"swiper-slide\">\n                        <img decoding=\"async\" src=\"https:\/\/tubopress.it\/wp-content\/uploads\/2024\/10\/LR.png\" alt=\"\" class=\"img-fluid\">\n                    <\/div>\n                                    <div class=\"swiper-slide\">\n                        <img decoding=\"async\" src=\"https:\/\/tubopress.it\/wp-content\/uploads\/2024\/10\/Michael-Kors.png\" alt=\"\" class=\"img-fluid\">\n                    <\/div>\n                                    <div class=\"swiper-slide\">\n                        <img decoding=\"async\" src=\"https:\/\/tubopress.it\/wp-content\/uploads\/2024\/10\/Moschino.png\" alt=\"\" class=\"img-fluid\">\n                    <\/div>\n                                    <div class=\"swiper-slide\">\n                        <img decoding=\"async\" src=\"https:\/\/tubopress.it\/wp-content\/uploads\/2025\/10\/jaguar-new-2024-logo-png_seeklogo-559506-002.png\" alt=\"\" class=\"img-fluid\">\n                    <\/div>\n                                    <div class=\"swiper-slide\">\n                        <img decoding=\"async\" src=\"https:\/\/tubopress.it\/wp-content\/uploads\/2024\/10\/Versace.png\" alt=\"\" class=\"img-fluid\">\n                    <\/div>\n                                    <div class=\"swiper-slide\">\n                        <img decoding=\"async\" src=\"https:\/\/tubopress.it\/wp-content\/uploads\/2025\/10\/davines_paginaweb-1.webp\" alt=\"\" class=\"img-fluid\">\n                    <\/div>\n                                    <div class=\"swiper-slide\">\n                        <img decoding=\"async\" src=\"https:\/\/tubopress.it\/wp-content\/uploads\/2025\/10\/OIP.webp\" alt=\"\" class=\"img-fluid\">\n                    <\/div>\n                                    <div class=\"swiper-slide\">\n                        <img decoding=\"async\" src=\"https:\/\/tubopress.it\/wp-content\/uploads\/2025\/10\/Alfaparf-Milano-002.jpg\" alt=\"\" class=\"img-fluid\">\n                    <\/div>\n                                    <div class=\"swiper-slide\">\n                        <img decoding=\"async\" src=\"https:\/\/tubopress.it\/wp-content\/uploads\/2025\/10\/d6469n79l071ghx5-002.jpg\" alt=\"\" class=\"img-fluid\">\n                    <\/div>\n                                    <\/div>\n    <\/div>\n<\/section>\n\n<section  class=\"section-numeri bg-secondary\">\n    <div class=\"container\">\n        <div class=\"row\">\n            <div class=\"col-12 col-lg-6\">\n                <h2 class=\"text-white mb-20 mb-lg-50 title-s-regular tubopress-animate tubopress-animation-slide-up\">Unsere St\u00e4rken:<\/h2>\n                                                            <p class=\"text-white mb-5 mb-lg-15 title-xs-regular tubopress-animate tubopress-animation-slide-up tubopress-animation-delay-50\">Qualit\u00e4t Made in Italy<\/p>\n                                            <p class=\"text-white mb-5 mb-lg-15 title-xs-regular tubopress-animate tubopress-animation-slide-up tubopress-animation-delay-50\">Umweltvertr\u00e4glichkeit<\/p>\n                                            <p class=\"text-white mb-5 mb-lg-15 title-xs-regular tubopress-animate tubopress-animation-slide-up tubopress-animation-delay-50\">Technologische Innovation<\/p>\n                                            <p class=\"text-white mb-5 mb-lg-15 title-xs-regular tubopress-animate tubopress-animation-slide-up tubopress-animation-delay-50\">Flexibilit\u00e4t und Kundenservice<\/p>\n                                                <\/div>\n            <div class=\"col-12 col-lg-6 text-center d-flex flex-column justify-content-between\">\n                                                           <div class=\"text-white mt-30 mt-lg-0\">\n                            <span class=\"font-number tubopress-animate tubopress-animation-slide-up tubopress-animation-delay-100\">+<\/span>\n                            <span class=\"font-number number number-count tubopress-animate tubopress-animation-slide-up tubopress-animation-delay-100\" data-target-value=\"60\">0<\/span>\n                            <span class=\"font-number tubopress-animate tubopress-animation-slide-up tubopress-animation-delay-100\"><\/span>\n                            <p class=\"eyelet-regular tubopress-animate tubopress-animation-slide-up tubopress-animation-delay-150\">Jahre Erfahrung<\/p>\n                       <\/div>\n                                           <div class=\"text-white mt-30 mt-lg-0\">\n                            <span class=\"font-number tubopress-animate tubopress-animation-slide-up tubopress-animation-delay-100\">+<\/span>\n                            <span class=\"font-number number number-count tubopress-animate tubopress-animation-slide-up tubopress-animation-delay-100\" data-target-value=\"40\">0<\/span>\n                            <span class=\"font-number tubopress-animate tubopress-animation-slide-up tubopress-animation-delay-100\">M<\/span>\n                            <p class=\"eyelet-regular tubopress-animate tubopress-animation-slide-up tubopress-animation-delay-150\">produzierte Kosmetiktuben pro Jahr<\/p>\n                       <\/div>\n                                                <\/div>\n        <\/div>\n    <\/div>\n<\/section>\n\n<section  class=\"section-text-scroll tubopress-animate tubopress-animation-slide-up bg-light\">\n    <div class=\"marquee-section\">\n        <h2 class=\"marquee title-big-light text-dark\">W\u00e4hlen Sie TUBOPRESS ITALIA f\u00fcr Ihre erfolgreichen Projekte!<\/h2>\n        <h2 class=\"marquee marquee2 title-big-light text-dark\">W\u00e4hlen Sie TUBOPRESS ITALIA f\u00fcr Ihre erfolgreichen Projekte!<\/h2>\n    <\/div>\n<\/section>\n\n<section  class=\"section-contact\">\n    <div class=\"container\">\n        <h2 class=\"text-primary title-light mb-40 mb-lg-60 tubopress-animate tubopress-animation-slide-up\">\n            Kontaktieren Sie uns        <\/h2>\n        <div class=\"tubopress-animate tubopress-animation-slide-up tubopress-animation-delay-50\">\n            \n<div class=\"wpcf7 no-js\" id=\"wpcf7-f5722-o1\" lang=\"de-DE\" dir=\"ltr\">\n<div class=\"screen-reader-response\"><p role=\"status\" aria-live=\"polite\" aria-atomic=\"true\"><\/p> <ul><\/ul><\/div>\n<form action=\"\/de\/wp-json\/wp\/v2\/pages\/5661#wpcf7-f5722-o1\" method=\"post\" class=\"wpcf7-form init\" aria-label=\"Kontaktformular\" novalidate=\"novalidate\" data-status=\"init\">\n<div style=\"display: none;\">\n<input type=\"hidden\" name=\"_wpcf7\" value=\"5722\" \/>\n<input type=\"hidden\" name=\"_wpcf7_version\" value=\"5.8.5\" \/>\n<input type=\"hidden\" name=\"_wpcf7_locale\" value=\"de_DE\" \/>\n<input type=\"hidden\" name=\"_wpcf7_unit_tag\" value=\"wpcf7-f5722-o1\" \/>\n<input type=\"hidden\" name=\"_wpcf7_container_post\" value=\"0\" \/>\n<input type=\"hidden\" name=\"_wpcf7_posted_data_hash\" value=\"\" \/>\n<\/div>\n<div class=\"row contact-form\">\n\t<div class=\"col-12 col-lg-6 mb-lg-20\">\n\t\t<p><span class=\"wpcf7-form-control-wrap\" data-name=\"your-name\"><input size=\"40\" class=\"wpcf7-form-control wpcf7-text wpcf7-validates-as-required form-control text-primary txt-m-regular\" aria-required=\"true\" aria-invalid=\"false\" placeholder=\"Vor- und Nachname*\" value=\"\" type=\"text\" name=\"your-name\" \/><\/span>\n\t\t<\/p>\n\t<\/div>\n\t<div class=\"col-12 col-lg-6\" mb-lg-20=\"\">\n\t\t<p><span class=\"wpcf7-form-control-wrap\" data-name=\"your-azienda\"><input size=\"40\" class=\"wpcf7-form-control wpcf7-text wpcf7-validates-as-required form-control text-primary txt-m-regular\" aria-required=\"true\" aria-invalid=\"false\" placeholder=\"Unternehmen*\" value=\"\" type=\"text\" name=\"your-azienda\" \/><\/span>\n\t\t<\/p>\n\t<\/div>\n\t<div class=\"col-12 col-lg-6 mb-lg-20\">\n\t\t<p><span class=\"wpcf7-form-control-wrap\" data-name=\"your-email\"><input size=\"40\" class=\"wpcf7-form-control wpcf7-email wpcf7-validates-as-required wpcf7-text wpcf7-validates-as-email form-control text-primary txt-m-regular\" aria-required=\"true\" aria-invalid=\"false\" placeholder=\"Email*\" value=\"\" type=\"email\" name=\"your-email\" \/><\/span>\n\t\t<\/p>\n\t<\/div>\n\t<div class=\"col-12 col-lg-6 mb-lg-20\">\n\t\t<p><span class=\"wpcf7-form-control-wrap\" data-name=\"your-type-inquiry\"><select class=\"wpcf7-form-control wpcf7-select wpcf7-validates-as-required form-select text-primary txt-m-regular\" aria-required=\"true\" aria-invalid=\"false\" name=\"your-type-inquiry\"><option value=\"\">Anfragenart*<\/option><option value=\"Kundendienst\">Kundendienst<\/option><option value=\"Produktinformationen\">Produktinformationen<\/option><option value=\"Technische Unterst\u00fctzung\">Technische Unterst\u00fctzung<\/option><option value=\"Rechnungen \/ Zahlungen\">Rechnungen \/ Zahlungen<\/option><option value=\"Anderes\">Anderes<\/option><\/select><\/span>\n\t\t<\/p>\n\t<\/div>\n\t<div class=\"col-12 mb-lg-50\">\n\t\t<p><span class=\"wpcf7-form-control-wrap\" data-name=\"your-message\"><textarea cols=\"40\" rows=\"1\" class=\"wpcf7-form-control wpcf7-textarea wpcf7-validates-as-required form-control text-primary txt-m-regular\" aria-required=\"true\" aria-invalid=\"false\" placeholder=\"Nachricht*\" name=\"your-message\"><\/textarea><\/span>\n\t\t<\/p>\n\t<\/div>\n\t<div class=\"col-12 col-lg d-flex align-items-center mt-20 mt-lg-0\">\n\t\t<p><span class=\"wpcf7-form-control-wrap\" data-name=\"your-consent\"><span class=\"wpcf7-form-control wpcf7-acceptance\"><span class=\"wpcf7-list-item\"><label><input type=\"checkbox\" name=\"your-consent\" value=\"1\" class=\"form-check-input\" id=\"privacy-check\" aria-invalid=\"false\" \/><span class=\"wpcf7-list-item-label\"><label class=\"form-check-label text-primary text-uppercase txt-xxs-regular \" for=\"privacy-check\"><span class=\"ms-5\">ICH AKZEPTIERE DIE <a class=\" href=\" target=\"_blank\">NUTZUNGSBEDINGUNGEN<\/a> UND DIE <a class=\"\" href=\"\" target=\"_blank\">DATENSCHUTZRICHTLINIE<\/a><\/span><\/span><\/label><\/span><\/span><\/span>\n\t\t<\/p>\n\t<\/div>\n\t<div class=\"col-12 col-lg-auto d-flex justify-content-center justify-content-lg-end txt-regular mt-20 mt-lg-0\">\n\t\t<p><input class=\"wpcf7-form-control wpcf7-submit has-spinner btn\" type=\"submit\" value=\"Send\" \/>\n\t\t<\/p>\n\t<\/div>\n<\/div><div class=\"wpcf7-response-output\" aria-hidden=\"true\"><\/div>\n<\/form>\n<\/div>\n        <\/div>\n    <\/div>\n<\/section>","protected":false},"excerpt":{"rendered":"","protected":false},"author":1,"featured_media":0,"parent":0,"menu_order":0,"comment_status":"closed","ping_status":"closed","template":"","meta":{"footnotes":""},"acf":[],"_links":{"self":[{"href":"https:\/\/tubopress.it\/de\/wp-json\/wp\/v2\/pages\/5661"}],"collection":[{"href":"https:\/\/tubopress.it\/de\/wp-json\/wp\/v2\/pages"}],"about":[{"href":"https:\/\/tubopress.it\/de\/wp-json\/wp\/v2\/types\/page"}],"author":[{"embeddable":true,"href":"https:\/\/tubopress.it\/de\/wp-json\/wp\/v2\/users\/1"}],"replies":[{"embeddable":true,"href":"https:\/\/tubopress.it\/de\/wp-json\/wp\/v2\/comments?post=5661"}],"version-history":[{"count":3,"href":"https:\/\/tubopress.it\/de\/wp-json\/wp\/v2\/pages\/5661\/revisions"}],"predecessor-version":[{"id":8613,"href":"https:\/\/tubopress.it\/de\/wp-json\/wp\/v2\/pages\/5661\/revisions\/8613"}],"wp:attachment":[{"href":"https:\/\/tubopress.it\/de\/wp-json\/wp\/v2\/media?parent=5661"}],"curies":[{"name":"wp","href":"https:\/\/api.w.org\/{rel}","templated":true}]}}