{"id":7330,"date":"2023-12-05T09:29:00","date_gmt":"2023-12-05T08:29:00","guid":{"rendered":"https:\/\/tubopress.it\/politica-de-cookies\/"},"modified":"2025-07-26T15:57:42","modified_gmt":"2025-07-26T13:57:42","slug":"politica-de-cookies","status":"publish","type":"page","link":"https:\/\/tubopress.it\/es\/politica-de-cookies\/","title":{"rendered":"Pol\u00edtica de cookies"},"content":{"rendered":"<section  class=\"section-hero bg-primary position-relative bassa\" style=\"background-image: url()\">\n            <div class=\"overlay-color\"><\/div>\n        <div class=\"container h-100\">\n        <div class=\"row h-100 align-items-center\">\n            <div class=\"col-12 z-1\">\n                <h1 class=\"text-white title-big-light tubopress-animate tubopress-animation-slide-up mb-20 text-center \">Pol\u00edtica de cookies<\/h1>\n            <\/div>\n            <div class=\"text-info text-center\">\n                <p class=\"text-white txt-regular tubopress-animate tubopress-animation-slide-up tubopress-animation-delay-50\"><\/p>\n                <p class=\"text-white txt-regular tubopress-animate tubopress-animation-slide-up tubopress-animation-delay-100\"><\/p>\n            <\/div>\n        <\/div>\n    <\/div>\n<\/section><section  class=\"section-testo-semplice bg-white\">\n    <div class=\"container\">\n        <div class=\"text-primary txt-regular tubopress-animate tubopress-animation-slide-up\">\n            <p>La presente pol\u00edtica tiene como objetivo describir de manera clara y transparente los tipos de cookies utilizados por el sitio web <a href=\"http:\/\/www.tubopress.it\">www.tubopress.it<\/a>, as\u00ed como definir y describir las cookies de posibles terceros involucrados, en relaci\u00f3n con el tratamiento de los datos personales de los usuarios que visitan dicho sitio web y utilizan los servicios ofrecidos.<\/p>\n<h5>\u00bfQU\u00c9 SON LAS COOKIES?<\/h5>\n<p>Las cookies son peque\u00f1os archivos que se guardan en su ordenador (u otros dispositivos con acceso a Internet, como smartphones o tabletas) a trav\u00e9s del navegador utilizado para la navegaci\u00f3n (como Firefox, Chrome, Internet Explorer, etc.).<\/p>\n<h5>\u00bfPOR QU\u00c9 SE UTILIZAN LAS COOKIES?<\/h5>\n<p>La mayor\u00eda de los sitios web utiliza una o m\u00e1s cookies para almacenar distintos tipos de informaci\u00f3n. Esta informaci\u00f3n puede ser esencial para el funcionamiento del sitio (por ejemplo, en un sitio de comercio electr\u00f3nico, una cookie puede servir para recordar qu\u00e9 art\u00edculos hay en el carrito), o bien puede estar orientada a la creaci\u00f3n de perfiles del usuario (por ejemplo, para llevar a cabo acciones de remarketing o retargeting).<\/p>\n<h5>\u00bfQU\u00c9 TIPO DE COOKIES SE UTILIZAN EN ESTE SITIO?<\/h5>\n<p>El sitio <a href=\"http:\/\/www.tubopress.it\/\">www.tubopress.it <\/a>utiliza cookies t\u00e9cnicas o de sesi\u00f3n que son estrictamente necesarias para el uso del sitio por parte de los usuarios. Tambi\u00e9n utiliza cookies de terceros (en particular, cookies de Google), pero no utiliza cookies de remarketing ni para la creaci\u00f3n de perfiles de usuario.<\/p>\n<p>Se recuerda que las cookies t\u00e9cnicas son aquellas utilizadas \u00fanicamente con el fin de \u201cllevar a cabo la transmisi\u00f3n de una comunicaci\u00f3n a trav\u00e9s de una red de comunicaciones electr\u00f3nicas, o en la medida estrictamente necesaria para que el proveedor de un servicio de la sociedad de la informaci\u00f3n, expresamente solicitado por el abonado o el usuario, preste dicho servicio\u201d (v\u00e9ase el art. 122, apartado 1, del C\u00f3digo).<br \/>Estas cookies no se utilizan con fines adicionales y normalmente son instaladas directamente por el titular o gestor del sitio web. No se requiere el consentimiento previo de los usuarios para la instalaci\u00f3n de dichas cookies.  <\/p>\n<p>Todas las cookies distintas de las cookies t\u00e9cnicas mencionadas anteriormente se instalan o activan \u00fanicamente tras el consentimiento expreso del usuario en su primera visita al sitio.<br \/>El consentimiento puede otorgarse de forma general, interactuando con el banner de informaci\u00f3n breve que aparece en la p\u00e1gina de inicio del sitio, seg\u00fan las modalidades indicadas en dicho banner (haciendo clic en el bot\u00f3n ACEPTAR o continuando la navegaci\u00f3n); o bien puede otorgarse o rechazarse de manera selectiva, seg\u00fan las opciones que se indican a continuaci\u00f3n.<br \/>Este consentimiento se registra para las visitas posteriores. Sin embargo, el usuario siempre tiene la posibilidad de revocar total o parcialmente el consentimiento ya otorgado.   <\/p>\n<ol>\n<li>Cookies de perfilado publicitario gestionadas directamente por el titular del sitio: no se utilizan cookies de este tipo.<\/li>\n<li>Cookies gestionadas por terceros: se utilizan cookies de este tipo.<br \/>Se trata de cookies de Google, para las cuales se remite a la lectura de la pol\u00edtica de Google, disponible <a href=\"https:\/\/policies.google.com\/technologies\/%20cookies?hl=it\">aqu\u00ed: https:\/\/policies.google.com\/technologies\/cookies?hl=es<\/a><\/li>\n<\/ol>\n<p>C\u00f3mo deshabilitar las cookies mediante la configuraci\u00f3n del navegador<\/p>\n<p>Se informa que la desactivaci\u00f3n por parte del usuario de las cookies t\u00e9cnicas podr\u00eda reducir o hacer no disponibles las funcionalidades del Sitio.<\/p>\n<p>A continuaci\u00f3n se proporcionan los enlaces que explican c\u00f3mo deshabilitar las cookies en los navegadores m\u00e1s usados (para otros navegadores que se puedan utilizar, sugerimos buscar esta opci\u00f3n en la ayuda del software).<\/p>\n<p><strong>Internet Explorer:<\/strong> <a href=\"https:\/\/support.microsoft.com\/it-it\/help\/17442\/windows-internet-explorer-delete-manage-cookies\">https: <\/a>\/\/support.microsoft.com\/it-it\/help\/17442\/windows-internet-explorer-delete-manage-cookies  <\/p>\n<p><strong>Google Chrome<\/strong>: <a href=\"https:\/\/support.google.com\/chrome\/answer\/95647?hl=it\">https:\/\/support.google.com\/chrome\/answer\/95647?hl=it<\/a><\/p>\n<p><strong>Mozilla Firefox<\/strong>: <a href=\"https:\/\/support.mozilla.org\/it\/kb\/Gestione%20dei%20cookie\">https:\/\/support.mozilla.org\/it\/kb\/Gestione%20dei%20cookie <\/a> <\/p>\n<p><strong>Opera<\/strong>: <a href=\"http:\/\/help.opera.com\/Windows\/10.00\/it\/cookies.html\">http:\/\/help.opera.com\/Windows\/10.00\/it\/cookies.html<\/a><\/p>\n<p><strong>Apple Safari<\/strong>: <a href=\"https:\/\/support.apple.com\/kb\/PH19214?locale=it_IT\">https:\/\/support.apple.com\/kb\/PH19214?locale=it_IT <\/a> <\/p>\n<p>&nbsp;<\/p>\n<p>Rev. 1\/2018 del 24 maggio 2018<\/p>\n<p>&nbsp;<\/p>\n<p>TUBOPRESS ITALIA S.R.L. &#8211; VIA MORANDI, 66 &#8211; 20054 SEGRATE (MI) ITALY &#8211; C.FISC\/P.IVA 08264270151<\/p>\n        <\/div>\n                    <\/div>\n<\/section>","protected":false},"excerpt":{"rendered":"","protected":false},"author":1,"featured_media":0,"parent":0,"menu_order":0,"comment_status":"closed","ping_status":"closed","template":"","meta":{"footnotes":""},"acf":[],"_links":{"self":[{"href":"https:\/\/tubopress.it\/es\/wp-json\/wp\/v2\/pages\/7330"}],"collection":[{"href":"https:\/\/tubopress.it\/es\/wp-json\/wp\/v2\/pages"}],"about":[{"href":"https:\/\/tubopress.it\/es\/wp-json\/wp\/v2\/types\/page"}],"author":[{"embeddable":true,"href":"https:\/\/tubopress.it\/es\/wp-json\/wp\/v2\/users\/1"}],"replies":[{"embeddable":true,"href":"https:\/\/tubopress.it\/es\/wp-json\/wp\/v2\/comments?post=7330"}],"version-history":[{"count":3,"href":"https:\/\/tubopress.it\/es\/wp-json\/wp\/v2\/pages\/7330\/revisions"}],"predecessor-version":[{"id":7951,"href":"https:\/\/tubopress.it\/es\/wp-json\/wp\/v2\/pages\/7330\/revisions\/7951"}],"wp:attachment":[{"href":"https:\/\/tubopress.it\/es\/wp-json\/wp\/v2\/media?parent=7330"}],"curies":[{"name":"wp","href":"https:\/\/api.w.org\/{rel}","templated":true}]}}