{"id":7397,"date":"2025-06-13T17:30:20","date_gmt":"2025-06-13T15:30:20","guid":{"rendered":"https:\/\/tubopress.it\/linee-guida-design-for-recycling\/"},"modified":"2025-09-18T10:15:52","modified_gmt":"2025-09-18T08:15:52","slug":"linee-guida-design-for-recycling","status":"publish","type":"page","link":"https:\/\/tubopress.it\/es\/linee-guida-design-for-recycling\/","title":{"rendered":"Directrices \u00abDesign for Recycling\u00bb"},"content":{"rendered":"<section  class=\"section-hero bg-primary position-relative alta\" style=\"background-image: url(https:\/\/tubopress.it\/wp-content\/uploads\/2025\/09\/Recycling-Image-4.png)\">\n        <div class=\"container h-100\">\n        <div class=\"row h-100 align-items-center\">\n            <div class=\"col-12 z-1\">\n                <h1 class=\"text-white title-big-light tubopress-animate tubopress-animation-slide-up mb-20 text-center \"><\/h1>\n            <\/div>\n            <div class=\"text-info text-center\">\n                <p class=\"text-white txt-regular tubopress-animate tubopress-animation-slide-up tubopress-animation-delay-50\"><\/p>\n                <p class=\"text-white txt-regular tubopress-animate tubopress-animation-slide-up tubopress-animation-delay-100\"><\/p>\n            <\/div>\n        <\/div>\n    <\/div>\n<\/section>\n\n<section  class=\"section-testo-semplice bg-secondary\">\n    <div class=\"container\">\n        <div class=\"text-primary txt-regular tubopress-animate tubopress-animation-slide-up\">\n            <p style=\"color: #ffffff; text-align: left;\"><strong>Ofrecemos tubos de pl\u00e1stico en l\u00ednea con los principios de la econom\u00eda circular y en conformidad con el Reglamento de la UE 2025\/40, conocido como Packaging and Packaging Waste Regulation (PPWR), seg\u00fan el cual, para 2030, todos los envases introducidos en el mercado deber\u00e1n ser reciclables y contener un porcentaje m\u00ednimo de material reciclado posconsumo, que en el caso espec\u00edfico de los tubos de pl\u00e1stico es del 35%.<\/strong><\/p>\n        <\/div>\n                    <\/div>\n<\/section>\n\n<section  class=\"section-titolo-testo bg-white\">\n    <div class=\"container\">\n        <h2 class=\"text-center text-primary title-s-regular mb-25 mb-lg-40 tubopress-animate tubopress-animation-slide-up\">\n            Dise\u00f1o para el reciclaje &#8211; Directrices        <\/h2>\n        <div class=\"text-center text-primary txt-regular tubopress-animate tubopress-animation-slide-up tubopress-animation-delay-50\">\n            <p style=\"text-align: left;\">Los tubos de pl\u00e1stico son envases completamente reciclables, siempre que se respeten ciertos criterios de dise\u00f1o orientados al reciclaje.<br \/>\nLas principales recomendaciones para la compatibilidad de los materiales reciclables son las siguientes:<\/p>\n<ul>\n<li style=\"text-align: left;\">Dise\u00f1o monomaterial: cuerpo, hombro y tap\u00f3n de PE.<\/li>\n<li style=\"text-align: left;\">Tubos de PE con tapones de rosca de PP. En este caso, el consumidor final puede desenroscar los tapones para no comprometer el reciclaje.\n<\/li>\n<li style=\"text-align: left;\">Tubos Coex multicapa con un contenido de material barrera Evoh no superior al 6\u202f% del peso total del material del tubo.<\/li>\n<li style=\"text-align: left;\">Una densidad con predominio de HDPE respecto a LDPE\/LLDPE, por ejemplo, 80% HDPE &#8211; 20% LLDPE.<\/li>\n<li style=\"text-align: left;\">Masterbatch de color claro que no interfiere con el m\u00e9todo NIR.<\/li>\n<li style=\"text-align: left;\">Tintas de impresi\u00f3n de color claro, conformes con la pol\u00edtica de EuPIA, que no interfieren con el m\u00e9todo NIR.<\/li>\n<li style=\"text-align: left;\">Imprimir los tubos preferiblemente reduciendo al m\u00ednimo la superficie impresa.\n<\/li>\n<li style=\"text-align: left;\">Los sellos y las fundas retr\u00e1ctiles est\u00e1n permitidos, ya que son retirados por el consumidor final antes del uso.<\/li>\n<li style=\"text-align: left;\">La metalizaci\u00f3n de los tapones est\u00e1 permitida, siempre que no se comprometa el m\u00e9todo (NIR).<\/li>\n<\/ul>\n        <\/div>\n    <\/div>\n<\/section>","protected":false},"excerpt":{"rendered":"","protected":false},"author":1,"featured_media":0,"parent":0,"menu_order":0,"comment_status":"closed","ping_status":"closed","template":"","meta":{"footnotes":""},"acf":[],"_links":{"self":[{"href":"https:\/\/tubopress.it\/es\/wp-json\/wp\/v2\/pages\/7397"}],"collection":[{"href":"https:\/\/tubopress.it\/es\/wp-json\/wp\/v2\/pages"}],"about":[{"href":"https:\/\/tubopress.it\/es\/wp-json\/wp\/v2\/types\/page"}],"author":[{"embeddable":true,"href":"https:\/\/tubopress.it\/es\/wp-json\/wp\/v2\/users\/1"}],"replies":[{"embeddable":true,"href":"https:\/\/tubopress.it\/es\/wp-json\/wp\/v2\/comments?post=7397"}],"version-history":[{"count":3,"href":"https:\/\/tubopress.it\/es\/wp-json\/wp\/v2\/pages\/7397\/revisions"}],"predecessor-version":[{"id":8127,"href":"https:\/\/tubopress.it\/es\/wp-json\/wp\/v2\/pages\/7397\/revisions\/8127"}],"wp:attachment":[{"href":"https:\/\/tubopress.it\/es\/wp-json\/wp\/v2\/media?parent=7397"}],"curies":[{"name":"wp","href":"https:\/\/api.w.org\/{rel}","templated":true}]}}