{"id":7404,"date":"2025-07-01T09:59:40","date_gmt":"2025-07-01T07:59:40","guid":{"rendered":"https:\/\/tubopress.it\/igualdad-de-genero\/"},"modified":"2025-07-24T16:46:09","modified_gmt":"2025-07-24T14:46:09","slug":"igualdad-de-genero","status":"publish","type":"page","link":"https:\/\/tubopress.it\/es\/igualdad-de-genero\/","title":{"rendered":"Igualdad de g\u00e9nero"},"content":{"rendered":"<section  class=\"section-hero bg-primary position-relative bassa\" style=\"background-image: url()\">\n            <div class=\"overlay-color\"><\/div>\n        <div class=\"container h-100\">\n        <div class=\"row h-100 align-items-center\">\n            <div class=\"col-12 z-1\">\n                <h1 class=\"text-white title-big-light tubopress-animate tubopress-animation-slide-up mb-20 text-center \">Igualdad de g\u00e9nero<\/h1>\n            <\/div>\n            <div class=\"text-info text-center\">\n                <p class=\"text-white txt-regular tubopress-animate tubopress-animation-slide-up tubopress-animation-delay-50\"><\/p>\n                <p class=\"text-white txt-regular tubopress-animate tubopress-animation-slide-up tubopress-animation-delay-100\"><\/p>\n            <\/div>\n        <\/div>\n    <\/div>\n<\/section><section  class=\"section-titolo-testo bg-light\">\n    <div class=\"container\">\n        <h2 class=\"text-start text-primary title-s-regular mb-25 mb-lg-40 tubopress-animate tubopress-animation-slide-up\">\n            POL\u00cdTICA DE IGUALDAD DE G\u00c9NERO        <\/h2>\n        <div class=\"text-start text-primary txt-regular tubopress-animate tubopress-animation-slide-up tubopress-animation-delay-50\">\n            <p>Tubopress, reconociendo el valor fundamental de su personal como motor de innovaci\u00f3n y creaci\u00f3n de valor para la empresa, los socios, los clientes y los grupos de inter\u00e9s, coloca en el centro de sus pol\u00edticas y estrategias la atenci\u00f3n hacia la diversidad y la igualdad de g\u00e9nero.<\/p>\n<p>Tubopress se compromete a evaluar las competencias de sus trabajadores de manera objetiva y libre de prejuicios y estereotipos relacionados con la diversidad, con especial atenci\u00f3n a la igualdad de g\u00e9nero. Por este motivo, ha iniciado un proceso sistem\u00e1tico de cambio orientado a promover una cultura organizacional m\u00e1s inclusiva y un ambiente laboral que valore a todas las personas que la integran. Con este fin, se ha establecido un Comit\u00e9 Directivo para garantizar la adopci\u00f3n y la aplicaci\u00f3n efectiva y continua de esta pol\u00edtica.<\/p>\n<p>Tubopress adopta la presente Pol\u00edtica de Igualdad de G\u00e9nero con el objetivo de valorar la diversidad y promover la igualdad de oportunidades en el lugar de trabajo. Para ello, ha definido objetivos espec\u00edficos y un plan estrat\u00e9gico para su implementaci\u00f3n, basado en un modelo de gesti\u00f3n que asegure el cumplimiento de est\u00e1ndares definidos a lo largo del tiempo. Adem\u00e1s, se ha implementado un sistema de monitoreo de resultados para evaluar el progreso y verificar la eficacia de las acciones planificadas.<\/p>\n<p>  <\/p>\n<p>La cultura inclusiva de Tubopress se materializa en la implementaci\u00f3n de un enfoque en la gesti\u00f3n de Recursos Humanos que garantice igualdad de oportunidades de crecimiento profesional para todos los empleados de la empresa.<\/p>\n<p>&nbsp;<\/p>\n<p>Los compromisos de Tubopress se refieren principalmente a los siguientes temas:<\/p>\n<p>&nbsp;<\/p>\n<h4><em>Pol\u00edticas para la gesti\u00f3n del personal<\/em><\/h4>\n<p>Tubopress se compromete a ofrecer igualdad de oportunidades de desarrollo e incorporaci\u00f3n sin ninguna discriminaci\u00f3n de g\u00e9nero, adoptando pol\u00edticas que permiten una absoluta igualdad en todos los procesos de selecci\u00f3n, contrataci\u00f3n y crecimiento profesional. Adem\u00e1s, Tubopress aspira a mantener en el tiempo los resultados obtenidos y a implementar continuamente su proceso de selecci\u00f3n.<\/p>\n<h4><em>Equidad salarial<\/em><\/h4>\n<p>Tubopress, respetando los valores, competencias, responsabilidades y profesionalismos individuales, con la visi\u00f3n de la completa igualdad de g\u00e9nero, ha adoptado pol\u00edticas salariales que respetan en la mayor medida posible el principio de equidad.<\/p>\n<h4><em>Formaci\u00f3n y desarrollo de competencias<\/em><\/h4>\n<p>La formaci\u00f3n es un valor para Tubopress y un derecho de todos los trabajadores. La oferta formativa de Tubopress est\u00e1 dirigida a todo el personal de la empresa. Se presta especial atenci\u00f3n a los temas propios de las profesiones desempe\u00f1adas dentro de la empresa, sobre los cuales se lleva a cabo una formaci\u00f3n meticulosa y continua para todos los empleados.  <\/p>\n<h4><em>Conciliaci\u00f3n y bienestar empresarial<\/em><\/h4>\n<p>Tubopress presta atenci\u00f3n al papel que la paternidad y maternidad tienen en la vida de cada uno de sus colaboradores, apoyando a los trabajadores padres y madres con pol\u00edticas que faciliten la conciliaci\u00f3n entre la vida privada y profesional, de acuerdo con el puesto desempe\u00f1ado. Asimismo, Tubopress se compromete a proteger la reincorporaci\u00f3n al lugar de trabajo de todas las trabajadoras tras el permiso de maternidad. <\/p>\n<p>Tubopress tambi\u00e9n pone a disposici\u00f3n de sus empleados un paquete de bienestar empresarial capaz de apoyarlos en su vida cotidiana fuera del \u00e1mbito laboral, mediante una plataforma espec\u00edfica a trav\u00e9s de la cual pueden acceder a servicios, seguros, convenios de compra, entre otros.<\/p>\n<h4><em>Participaci\u00f3n y prevenci\u00f3n<\/em><\/h4>\n<p>Tubopress cree firmemente en la importancia de todos sus colaboradores y grupos de inter\u00e9s en la prevenci\u00f3n y gesti\u00f3n de situaciones que no sean coherentes con un clima de respeto. Por este motivo, ha creado una direcci\u00f3n de correo electr\u00f3nico espec\u00edfica (<u><a href=\"mailto:paritadigenere@tubopress.it\">paritadigenere@tubopress.it<\/a><\/u>) a la cual cualquier persona, tanto colaboradores como grupos de inter\u00e9s, pueden enviar reportes de incumplimientos o sugerencias para mejorar las pol\u00edticas existentes. <\/p>\n<h4><em>Cultura empresarial y Gobernanza<\/em><\/h4>\n<p>Tubopress se propone como objetivo prioritario promover internamente una cultura capaz de facilitar la creaci\u00f3n de un ambiente libre de discriminaciones. Asimismo, se ha establecido el objetivo de mantener en el tiempo todos los requisitos necesarios para conservar la certificaci\u00f3n de igualdad de g\u00e9nero. <\/p>\n<h4><em>Difusi\u00f3n<\/em><\/h4>\n<p>La presente Pol\u00edtica de Igualdad de G\u00e9nero est\u00e1 publicada en el sitio web de la empresa y puede consultarse en la direcci\u00f3n: <a href=\"http:\/\/www.tubopress.it\">http:\/\/www.tubopress.it<\/a><\/p>\n<p>&nbsp;<\/p>\n        <\/div>\n    <\/div>\n<\/section><section  class=\"section-cta-download\">\n    <div class=\"container\">\n        <div class=\"row justify-content-center\">\n            <div class=\"col-12 col-lg-9 text-center\">\n                <h2 class=\"text-primary title-xs-regular mb-20 mb-lg-40 tubopress-animate tubopress-animation-slide-up\"><\/h2>\n                <a href=\"https:\/\/tubopress.it\/wp-content\/uploads\/2025\/07\/Tubopress_Politica-per-la-parita-di-genere-2.pdf\" class=\"btn btn-light-green txt-normal-bold tubopress-animate tubopress-animation-slide-up tubopress-animation-delay-50\" target=\"_blank\" download>\n                    DOWNLOAD                <\/a>\n            <\/div>\n        <\/div>\n    <\/div>\n<\/section>","protected":false},"excerpt":{"rendered":"","protected":false},"author":1,"featured_media":0,"parent":0,"menu_order":0,"comment_status":"closed","ping_status":"closed","template":"","meta":{"footnotes":""},"acf":[],"_links":{"self":[{"href":"https:\/\/tubopress.it\/es\/wp-json\/wp\/v2\/pages\/7404"}],"collection":[{"href":"https:\/\/tubopress.it\/es\/wp-json\/wp\/v2\/pages"}],"about":[{"href":"https:\/\/tubopress.it\/es\/wp-json\/wp\/v2\/types\/page"}],"author":[{"embeddable":true,"href":"https:\/\/tubopress.it\/es\/wp-json\/wp\/v2\/users\/1"}],"replies":[{"embeddable":true,"href":"https:\/\/tubopress.it\/es\/wp-json\/wp\/v2\/comments?post=7404"}],"version-history":[{"count":3,"href":"https:\/\/tubopress.it\/es\/wp-json\/wp\/v2\/pages\/7404\/revisions"}],"predecessor-version":[{"id":7934,"href":"https:\/\/tubopress.it\/es\/wp-json\/wp\/v2\/pages\/7404\/revisions\/7934"}],"wp:attachment":[{"href":"https:\/\/tubopress.it\/es\/wp-json\/wp\/v2\/media?parent=7404"}],"curies":[{"name":"wp","href":"https:\/\/api.w.org\/{rel}","templated":true}]}}