{"id":7409,"date":"2023-12-05T09:29:24","date_gmt":"2023-12-05T08:29:24","guid":{"rendered":"https:\/\/tubopress.it\/politica-de-privacidad\/"},"modified":"2025-07-25T10:42:09","modified_gmt":"2025-07-25T08:42:09","slug":"politica-de-privacidad","status":"publish","type":"page","link":"https:\/\/tubopress.it\/es\/politica-de-privacidad\/","title":{"rendered":"Pol\u00edtica de privacidad"},"content":{"rendered":"<section  class=\"section-hero bg-primary position-relative bassa\" style=\"background-image: url()\">\n            <div class=\"overlay-color\"><\/div>\n        <div class=\"container h-100\">\n        <div class=\"row h-100 align-items-center\">\n            <div class=\"col-12 z-1\">\n                <h1 class=\"text-white title-big-light tubopress-animate tubopress-animation-slide-up mb-20 text-center \">Pol\u00edtica de privacidad<\/h1>\n            <\/div>\n            <div class=\"text-info text-center\">\n                <p class=\"text-white txt-regular tubopress-animate tubopress-animation-slide-up tubopress-animation-delay-50\"><\/p>\n                <p class=\"text-white txt-regular tubopress-animate tubopress-animation-slide-up tubopress-animation-delay-100\">INFORMACI\u00d3N SOBRE EL TRATAMIENTO DE DATOS PERSONALES SEG\u00daN LOS ART\u00cdCULOS 13-14 DEL REGLAMENTO UE 2016\/679<\/p>\n            <\/div>\n        <\/div>\n    <\/div>\n<\/section><section  class=\"section-testo-semplice bg-white\">\n    <div class=\"container\">\n        <div class=\"text-primary txt-regular tubopress-animate tubopress-animation-slide-up\">\n            <h4 style=\"text-align: center;\">SUJETOS INTERESADOS: USUARIOS DEL SITIO WEB<\/h4>\n<p>La presente informaci\u00f3n sobre privacidad tiene la intenci\u00f3n de describir de manera clara y transparente las modalidades de gesti\u00f3n del sitio web <a href=\"http:\/\/www.tubopress.it\/\">www.tubopress.it<\/a> en relaci\u00f3n con el tratamiento de los datos personales de los usuarios que lo consultan y que utilizan los servicios ofrecidos.<br \/>Se trata de una informaci\u00f3n que se proporciona en virtud del art. 13 del D.Lgs. n. 196\/2003, C\u00f3digo Italiano en materia de protecci\u00f3n de datos personales, del Decreto emitido por la Autoridad Garante \u201cIdentificaci\u00f3n de los m\u00e9todos simplificados para la informaci\u00f3n y la obtenci\u00f3n del consentimiento para el uso de cookies\u201d del 8 de mayo de 2014, y de la Recomendaci\u00f3n n. 2\/2001 que las autoridades europeas para la protecci\u00f3n de datos personales, reunidas en el Grupo establecido por el art. 29 de la directiva n. 95\/46\/CE, adoptaron el 17 de mayo de 2001.<br \/>La presente Informaci\u00f3n tambi\u00e9n contiene la informaci\u00f3n requerida conforme al art. 13 del Reglamento (UE) 2016\/679, relativo a la protecci\u00f3n de las personas f\u00edsicas en lo que respecta al tratamiento de datos personales (en adelante, \u201cGDPR\u201d), con las modificaciones y adaptaciones que se har\u00e1n necesarias tras la armonizaci\u00f3n del C\u00f3digo de Privacidad, as\u00ed como por intervenciones legislativas europeas o nacionales y\/o resoluciones de las Autoridades de control posteriores a la publicaci\u00f3n de este documento.         <\/p>\n<h4 style=\"text-align: center;\">TIPOS DE DATOS TRATADOS<\/h4>\n<h4>a) Datos proporcionados voluntariamente por el usuario<\/h4>\n<p>Los datos personales proporcionados voluntaria y opcionalmente por los usuarios que interact\u00faan con este sitio son tratados por personal interno de la empresa especialmente autorizado para el tratamiento, exclusivamente con el fin de atender la solicitud. Estos datos no se comunican a terceros, salvo que la comunicaci\u00f3n sea exigida por obligaciones legales. <\/p>\n<h4>Espec\u00edficamente, las modalidades de interacci\u00f3n son las siguientes:<\/h4>\n<p>Env\u00edo de correos electr\u00f3nicos a las direcciones indicadas en el sitio.<\/p>\n<p>El env\u00edo opcional, expl\u00edcito y voluntario de correo electr\u00f3nico a las direcciones indicadas en este sitio implica la posterior adquisici\u00f3n de la direcci\u00f3n del remitente, necesaria para responder a las solicitudes, as\u00ed como de los dem\u00e1s datos personales que puedan estar incluidos en el mensaje.<\/p>\n<p>Rellenado del formulario de recopilaci\u00f3n de datos (para solicitud de contacto)<\/p>\n<p>El sitio permite a los interesados solicitar informaci\u00f3n mediante la introducci\u00f3n de algunos datos personales (como nombre, apellidos y correo electr\u00f3nico). Estos datos ser\u00e1n tratados, tanto manualmente como mediante el uso de herramientas inform\u00e1ticas, por el personal de la empresa especialmente encargado, exclusivamente para responder a la solicitud del usuario.<br \/>Los datos personales introducidos en el formulario no son obligatorios; sin embargo, la falta de provisi\u00f3n de los mismos podr\u00eda hacer imposible el uso de algunas funcionalidades. La provisi\u00f3n y el tratamiento correspondiente con las finalidades indicadas anteriormente son estrictamente funcionales para la ejecuci\u00f3n de lo solicitado.<br \/>En cualquier momento, el interesado podr\u00e1 ejercer, dirigi\u00e9ndose directamente al Responsable del tratamiento, los derechos reconocidos en el art\u00edculo 7 del Decreto Legislativo 196\/2003, los cuales se detallan en la secci\u00f3n espec\u00edfica denominada \u201cDERECHOS DEL INTERESADO\u201d.      <\/p>\n<h4>Registro en el \u00e1rea reservada<\/h4>\n<p>El usuario interesado en recibir las circulares informativas peri\u00f3dicas de la empresa y\/o en acceder a las publicaciones y\/o al \u00e1rea de descargas (esta \u00faltima accesible solo para los usuarios registrados en el \u00e1rea reservada de la empresa) debe completar el formulario de registro y otorgar su consentimiento para el tratamiento de datos.<br \/>Los datos personales solicitados (consistentes en nombre y apellidos) permiten al personal especialmente encargado por la empresa proporcionar el nombre de usuario y la contrase\u00f1a necesarias para acceder a estas \u00e1reas reservadas.<br \/>Los datos ser\u00e1n almacenados en un archivo electr\u00f3nico y\/o inform\u00e1tico protegido y tratados de manera completamente confidencial, en pleno respeto de la ley mencionada. Los datos personales no ser\u00e1n comunicados a terceros ni difundidos bajo ninguna circunstancia.<br \/>En cualquier momento, el interesado podr\u00e1 ejercer, dirigi\u00e9ndose directamente al Responsable del tratamiento, los derechos reconocidos en el art\u00edculo 7 del Decreto Legislativo 196\/2003, que se detallan en la secci\u00f3n espec\u00edfica denominada \u201cDERECHOS DEL INTERESADO\u201d.      <\/p>\n<h4>b) Datos de navegaci\u00f3n<\/h4>\n<p>Los sistemas inform\u00e1ticos y los procedimientos de software encargados del funcionamiento de este sitio web adquieren, durante su operaci\u00f3n normal, algunos datos personales cuya transmisi\u00f3n est\u00e1 impl\u00edcita en el uso de los protocolos de comunicaci\u00f3n de internet.<\/p>\n<p>Se trata de informaci\u00f3n que no se recopila para ser asociada a sujetos interesados identificados, pero que por su propia naturaleza podr\u00eda, mediante procesamientos y asociaciones con datos en posesi\u00f3n de terceros, permitir la identificaci\u00f3n de los usuarios. En esta categor\u00eda se incluyen las direcciones IP, los nombres de dominio utilizados por los usuarios que se conectan al sitio, las direcciones en notaci\u00f3n URI (Identificador Uniforme de Recursos) de los recursos solicitados, la hora de la solicitud, el m\u00e9todo utilizado para enviar la solicitud al servidor, el tama\u00f1o del archivo obtenido, etc. <\/p>\n<p>Estos datos se utilizan \u00fanicamente con el fin de obtener informaci\u00f3n estad\u00edstica an\u00f3nima y agregada sobre el uso del sitio y para controlar su correcto funcionamiento, y permanecen de forma permanente en servidores de terceros (proveedores de hosting). Los datos podr\u00edan ser utilizados para determinar responsabilidades en caso de hipot\u00e9ticos delitos inform\u00e1ticos contra el sitio. <\/p>\n<h4>c) Cookie<\/h4>\n<p>Este sitio web utiliza cookies t\u00e9cnicos y cookies de terceros. No utiliza cookies de perfilaci\u00f3n. Para m\u00e1s <a href=\"https:\/\/tubopress.it\/es\/politica-de-cookies\/\">informaci\u00f3n sobre las cookies<\/a>, consulte la Pol\u00edtica de Cookies a la que se remite.  <\/p>\n<h4 style=\"text-align: center;\">MODALIDADES DE TRATAMIENTO<\/h4>\n<p>El tratamiento de los datos se realizar\u00e1 siguiendo los principios de correcci\u00f3n, legalidad y transparencia, y podr\u00e1 llevarse a cabo con la ayuda de herramientas electr\u00f3nicas, inform\u00e1ticas y telem\u00e1ticas, incluso mediante m\u00e9todos automatizados destinados a almacenar, gestionar y transmitir los datos. Se realizar\u00e1 utilizando instrumentos adecuados, en la medida de lo razonable y seg\u00fan el estado de la t\u00e9cnica, para garantizar la seguridad y confidencialidad mediante procedimientos apropiados que eviten el riesgo de p\u00e9rdida, acceso no autorizado, uso il\u00edcito y difusi\u00f3n.<br \/>Las metodolog\u00edas aplicadas garantizan que el acceso a los datos est\u00e9 permitido \u00fanicamente a las personas encargadas del tratamiento por nuestra parte. <\/p>\n<h4 style=\"text-align: center;\">CAR\u00c1CTER VOLUNTARIO DE LA PROVISI\u00d3N DE DATOS<\/h4>\n<p>Salvo los datos de navegaci\u00f3n necesarios para cumplir con los protocolos inform\u00e1ticos y telem\u00e1ticos, la provisi\u00f3n de datos personales por parte de los usuarios es libre y voluntaria. Sin embargo, la falta de suministro de dichos datos impedir\u00e1 la posibilidad de atender las solicitudes enviadas o que el usuario desee enviar. <\/p>\n<h4 style=\"text-align: center;\">PER\u00cdODO DE CONSERVACI\u00d3N DE LOS DATOS<\/h4>\n<p>Los datos de los usuarios del sitio ser\u00e1n tratados \u00fanicamente durante el tiempo estrictamente necesario para la gesti\u00f3n del mismo. En cuanto a los datos proporcionados voluntariamente por el usuario, estos ser\u00e1n tratados durante el tiempo estrictamente necesario para responder a las consultas realizadas o hasta su revocaci\u00f3n en caso de inscripci\u00f3n en el \u00e1rea reservada del sitio. Al finalizar el tratamiento, los datos ser\u00e1n eliminados.  <\/p>\n<h4 style=\"text-align: center;\">DERECHOS DEL INTERESADO<\/h4>\n<p>En su calidad de interesado, usted tiene los derechos previstos en el art. 7 del C\u00f3digo de Privacidad y el art. 15 del GDPR, que son, en concreto, los derechos de:<br \/>Obtener la confirmaci\u00f3n de la existencia o no de datos personales que le conciernen, incluso si a\u00fan no est\u00e1n registrados, y su comunicaci\u00f3n en forma inteligible;<br \/>Obtener la indicaci\u00f3n:<br \/>a) del origen de los datos personales; <\/p>\n<ol>\n<li>de los fines y modalidades del tratamiento;<\/li>\n<li>de la l\u00f3gica aplicada en caso de tratamiento realizado con la ayuda de herramientas electr\u00f3nicas;<\/li>\n<li>de los datos identificativos del responsable, de los encargados y del representante designado conforme al art. 5, apartado 2 del C\u00f3digo de Privacidad y art. 3, apartado 1 del GDPR;<br \/>e) de los sujetos o categor\u00edas de sujetos a quienes los datos personales pueden ser comunicados o que pueden conocerlos en calidad de representante designado en el territorio del Estado, de encargados o personas autorizadas; <\/li>\n<\/ol>\n<p>obtener:<\/p>\n<ol>\n<li>la actualizaci\u00f3n, la rectificaci\u00f3n o, cuando le interese, la integraci\u00f3n de los datos;<\/li>\n<li>la eliminaci\u00f3n, la transformaci\u00f3n en forma an\u00f3nima o el bloqueo de los datos tratados en violaci\u00f3n de la ley, incluidos aquellos cuya conservaci\u00f3n no sea necesaria en relaci\u00f3n con los fines para los cuales los datos fueron recogidos o posteriormente tratados;<\/li>\n<li>la certificaci\u00f3n de que las operaciones mencionadas en las letras a) y b) han sido comunicadas, incluso respecto a su contenido, a quienes recibieron o difundieron los datos, excepto en los casos en que tal cumplimiento resulte imposible o implique un uso de medios manifiestamente desproporcionado en relaci\u00f3n con el derecho protegido;  <\/li>\n<\/ol>\n<p>oponerse, en todo o en parte:<\/p>\n<ol>\n<li>por motivos leg\u00edtimos relacionados con el tratamiento de datos personales que le conciernen, aunque sean pertinentes al prop\u00f3sito de la recopilaci\u00f3n;<\/li>\n<li>al tratamiento de datos personales que le conciernen con fines de env\u00edo de material publicitario o de venta directa, o para la realizaci\u00f3n de estudios de mercado o de comunicaci\u00f3n comercial, mediante el uso de sistemas automatizados de llamada sin la intervenci\u00f3n de un operador, mediante correo electr\u00f3nico y\/o mediante m\u00e9todos de marketing tradicionales, como llamadas telef\u00f3nicas y\/o correo postal. Se informa que el derecho de oposici\u00f3n del interesado, expuesto en el punto b) anterior, para fines de marketing directo mediante m\u00e9todos automatizados, se extiende tambi\u00e9n a los m\u00e9todos tradicionales, y que en cualquier caso permanece a salvo la posibilidad del interesado de ejercer el derecho de oposici\u00f3n incluso solo parcialmente. Por lo tanto, el interesado puede decidir recibir \u00fanicamente comunicaciones mediante m\u00e9todos tradicionales o \u00fanicamente mediante m\u00e9todos automatizados, o bien no recibir ning\u00fan tipo de comunicaci\u00f3n.  <\/li>\n<\/ol>\n<p>Cuando sea aplicable, tambi\u00e9n tiene los derechos previstos en los art\u00edculos 16 a 21 del RGPD (derecho de rectificaci\u00f3n, derecho al olvido, derecho a la limitaci\u00f3n del tratamiento, derecho a la portabilidad de los datos, derecho de oposici\u00f3n), as\u00ed como el derecho a presentar una reclamaci\u00f3n ante la Autoridad de Control.<\/p>\n<h4 style=\"text-align: center;\">FORMAS DE EJERCICIO DE LOS DERECHOS<\/h4>\n<p>Podr\u00e1 ejercer sus derechos en cualquier momento enviando:<\/p>\n<ul>\n<li>una carta certificada con acuse de recibo a TUBOPRESS ITALIA SRL, Via Morandi, 66 &#8211; 20090 SEGRATE (MI), a la atenci\u00f3n del Responsable del Tratamiento, Ing. Galileo Pellegrini. <\/li>\n<li>un correo electr\u00f3nico a la direcci\u00f3n <a href=\"mailto:privacy@tubopress.it\">privacy@tubopress.it<\/a><\/li>\n<\/ul>\n<h4 style=\"text-align: center;\">RESPONSABLE Y ENCARGADO DEL TRATAMIENTO<\/h4>\n<p>El responsable del tratamiento es TUBOPRESS ITALIA SRL \u2014 Via Morandi n. 66, 20054 Segrate (Mil\u00e1n), representada por el Ing. Galileo Pellegrini, con c\u00f3digo fiscal PLLGLL62D03F205P. <\/p>\n<p>E-MAIL <a href=\"mailto:privacy@tubopress.it\">privacy@tubopress.it<\/a><\/p>\n<h4 style=\"text-align: center;\">MODELO DE GESTI\u00d3N DE PROTECCI\u00d3N DE DATOS<\/h4>\n<p>Se informa que, para cumplir con el RGPD, la empresa Tubopress Italia srl est\u00e1 elaborando un modelo organizativo de privacidad, identificando roles y responsabilidades en materia de tratamiento de datos personales. El Responsable ha designado por escrito, conforme al art\u00edculo 30 del C\u00f3digo de Privacidad, a los empleados de las \u00e1reas empresariales encargadas de perseguir los fines antes mencionados como autorizados para el tratamiento, y les ha proporcionado instrucciones adecuadas. Los datos podr\u00e1n ser tratados por terceros a los que la empresa recurra para el mantenimiento del sistema inform\u00e1tico empresarial o para la gesti\u00f3n del sitio web. Estos terceros operar\u00e1n como Encargados del tratamiento, a quienes se les impartir\u00e1n instrucciones operativas adecuadas. La lista completa y actualizada de los Encargados del tratamiento puede ser consultada previa solicitud en la empresa, a trav\u00e9s de los datos de contacto indicados arriba.     <\/p>\n<p>&nbsp;<\/p>\n<p>Rev. 1\/2018 del 24 de mayo de 2018<\/p>\n<p>&nbsp;<\/p>\n<p>TUBOPRESS ITALIA S.R.L. &#8211; VIA MORANDI, 66 &#8211; 20054 SEGRATE (MI) ITALIA &#8211; C.FISC.\/P.IVA 08264270151<\/p>\n        <\/div>\n                    <\/div>\n<\/section>","protected":false},"excerpt":{"rendered":"","protected":false},"author":1,"featured_media":0,"parent":0,"menu_order":0,"comment_status":"closed","ping_status":"closed","template":"","meta":{"footnotes":""},"acf":[],"_links":{"self":[{"href":"https:\/\/tubopress.it\/es\/wp-json\/wp\/v2\/pages\/7409"}],"collection":[{"href":"https:\/\/tubopress.it\/es\/wp-json\/wp\/v2\/pages"}],"about":[{"href":"https:\/\/tubopress.it\/es\/wp-json\/wp\/v2\/types\/page"}],"author":[{"embeddable":true,"href":"https:\/\/tubopress.it\/es\/wp-json\/wp\/v2\/users\/1"}],"replies":[{"embeddable":true,"href":"https:\/\/tubopress.it\/es\/wp-json\/wp\/v2\/comments?post=7409"}],"version-history":[{"count":3,"href":"https:\/\/tubopress.it\/es\/wp-json\/wp\/v2\/pages\/7409\/revisions"}],"predecessor-version":[{"id":7949,"href":"https:\/\/tubopress.it\/es\/wp-json\/wp\/v2\/pages\/7409\/revisions\/7949"}],"wp:attachment":[{"href":"https:\/\/tubopress.it\/es\/wp-json\/wp\/v2\/media?parent=7409"}],"curies":[{"name":"wp","href":"https:\/\/api.w.org\/{rel}","templated":true}]}}