{"id":7417,"date":"2024-09-11T11:05:21","date_gmt":"2024-09-11T09:05:21","guid":{"rendered":"https:\/\/tubopress.it\/notificacion-de-ilicitos\/"},"modified":"2025-07-23T17:47:24","modified_gmt":"2025-07-23T15:47:24","slug":"notificacion-de-ilicitos","status":"publish","type":"page","link":"https:\/\/tubopress.it\/es\/notificacion-de-ilicitos\/","title":{"rendered":"Notificaci\u00f3n de il\u00edcitos"},"content":{"rendered":"<section  class=\"section-hero bg-primary position-relative bassa\" style=\"background-image: url()\">\n            <div class=\"overlay-color\"><\/div>\n        <div class=\"container h-100\">\n        <div class=\"row h-100 align-items-center\">\n            <div class=\"col-12 z-1\">\n                <h1 class=\"text-white title-big-light tubopress-animate tubopress-animation-slide-up mb-20 text-center \">Notificaci\u00f3n de il\u00edcitos<\/h1>\n            <\/div>\n            <div class=\"text-info text-center\">\n                <p class=\"text-white txt-regular tubopress-animate tubopress-animation-slide-up tubopress-animation-delay-50\">(cd. whistleblowing)<\/p>\n                <p class=\"text-white txt-regular tubopress-animate tubopress-animation-slide-up tubopress-animation-delay-100\"><\/p>\n            <\/div>\n        <\/div>\n    <\/div>\n<\/section><section  class=\"section-titolo-testo bg-light\">\n    <div class=\"container\">\n        <h2 class=\"text-start text-primary title-s-regular mb-25 mb-lg-40 tubopress-animate tubopress-animation-slide-up\">\n            NOTIFICACI\u00d3N DE IL\u00cdCITOS E IRREGULARIDADES         <\/h2>\n        <div class=\"text-start text-primary txt-regular tubopress-animate tubopress-animation-slide-up tubopress-animation-delay-50\">\n            <p>En TUBOPRESS nos comprometemos a garantizar un ambiente de trabajo transparente y conforme a la normativa vigente. Por ello, hemos implementado un canal seguro para la <strong>notificaci\u00f3n de conductas il\u00edcitas e irregularidades<\/strong>. <\/p>\n<p>A trav\u00e9s de la plataforma inform\u00e1tica dedicada, las siguientes personas pueden enviar notificaciones de conductas il\u00edcitas e irregularidades de las que hayan tenido conocimiento en raz\u00f3n de la relaci\u00f3n laboral:<\/p>\n<ul>\n<li>los trabajadores por cuenta ajena,<\/li>\n<li>los trabajadores aut\u00f3nomos y los titulares de relaciones de colaboraci\u00f3n coordinada y continua, as\u00ed como los titulares de relaciones de colaboraci\u00f3n \u00aborganizadas por el comitente\u00bb;<\/li>\n<li>los trabajadores o colaboradores que suministran bienes o servicios, o que realizan obras en favor de terceros;<\/li>\n<li>los profesionales aut\u00f3nomos y los consultores;<\/li>\n<li>los voluntarios y los becarios, incluso no remunerados;<\/li>\n<li>los accionistas y las personas con funciones de administraci\u00f3n, direcci\u00f3n, control, supervisi\u00f3n o representaci\u00f3n.<\/li>\n<\/ul>\n<p>La plataforma inform\u00e1tica utiliza un protocolo de encriptaci\u00f3n que garantiza una protecci\u00f3n reforzada de la confidencialidad de la identidad del denunciante, del contenido de la denuncia y de la documentaci\u00f3n adjunta. El denunciante est\u00e1 protegido por la normativa contra posibles represalias y su identidad se mantiene confidencial. <\/p>\n<p>&nbsp;<\/p>\n<hr>\n<p style=\"text-align: center;\">Para enviar la notificaci\u00f3n a trav\u00e9s de la plataforma inform\u00e1tica, visite el siguiente enlace:<\/p>\n<p style=\"text-align: center;\"><span style=\"color: #0000ff;\"><strong><a style=\"color: #0000ff;\" href=\"https:\/\/areariservata.mygovernance.it\/#!\/WB\/TUBOPRESS_ITALIA\" target=\"_blank\" rel=\"noopener\">Plataforma inform\u00e1tica para el env\u00edo de notificaciones<\/a><\/strong><\/span><\/p>\n<p>&nbsp;<\/p>\n<hr>\n<p>&nbsp;<\/p>\n<p style=\"text-align: center;\"><span style=\"color: #ff0000;\"><strong>Indicaciones t\u00e9cnicas<\/strong><\/span><\/p>\n<p>Para un conocimiento sint\u00e9tico y operativo sobre las modalidades para enviar las notificaciones, consulte el siguiente tutorial sobre c\u00f3mo realizar una notificaci\u00f3n por escrito:<\/p>\n<div style=\"width: 640px;\" class=\"wp-video\"><!--[if lt IE 9]><script>document.createElement('video');<\/script><![endif]-->\n<video class=\"wp-video-shortcode\" id=\"video-7417-1\" width=\"640\" height=\"360\" preload=\"metadata\" controls=\"controls\"><source type=\"video\/mp4\" src=\"https:\/\/tubopress.it\/wp-content\/uploads\/2024\/10\/effettuare-segnalazione-scritta.mp4?_=1\" \/><a href=\"https:\/\/tubopress.it\/wp-content\/uploads\/2024\/10\/effettuare-segnalazione-scritta.mp4\">https:\/\/tubopress.it\/wp-content\/uploads\/2024\/10\/effettuare-segnalazione-scritta.mp4<\/a><\/video><\/div>\n<p>&nbsp;<\/p>\n<p>Para un conocimiento anal\u00edtico y completo del sistema de gesti\u00f3n de notificaciones, descargue:<\/p>\n<ul>\n<li><strong><a href=\"https:\/\/tubopress.it\/wp-content\/uploads\/2024\/10\/Regolamento-whistleblowing-Tubopress.pdf\" target=\"_blank\" rel=\"noopener\">Reglamento para la notificaci\u00f3n de infracciones<\/a><\/strong><\/li>\n<\/ul>\n<p>Para conocer el tratamiento de los datos personales presentes en las notificaciones, es posible descargar la Pol\u00edtica de privacidad que explica qu\u00e9 informaci\u00f3n personal se recopila y c\u00f3mo se utiliza a trav\u00e9s de los canales destinados al env\u00edo de notificaciones.<\/p>\n<ul>\n<li><strong><a href=\"https:\/\/tubopress.it\/wp-content\/uploads\/2024\/10\/Informativa-Whisteblowing.pdf\" target=\"_blank\" rel=\"noopener\">Pol\u00edtica de Whistleblowing<\/a><\/strong><\/li>\n<\/ul>\n<p>&nbsp;<\/p>\n<hr>\n<p>&nbsp;<\/p>\n<p style=\"text-align: center;\"><span style=\"color: #ff0000;\"><strong>Notificaciones an\u00f3nimas<\/strong><\/span><\/p>\n<p>La plataforma inform\u00e1tica y algunos canales de notificaci\u00f3n (v\u00e9ase \u201cIndicaciones operativas\u201d) tambi\u00e9n pueden recibir notificaciones an\u00f3nimas; si la notificaci\u00f3n es \u201cpuntual, detallada y respaldada por documentaci\u00f3n adecuada\u201d, ser\u00e1 tenida en cuenta.<\/p>\n<p>El archivo de la notificaci\u00f3n an\u00f3nima seguir\u00e1 las mismas modalidades que las notificaciones identificadas, garantizando al denunciante la posibilidad de revelar su identidad al encargado de la gesti\u00f3n en un momento posterior.<\/p>\n        <\/div>\n    <\/div>\n<\/section>","protected":false},"excerpt":{"rendered":"","protected":false},"author":1,"featured_media":0,"parent":0,"menu_order":0,"comment_status":"closed","ping_status":"closed","template":"","meta":{"footnotes":""},"acf":[],"_links":{"self":[{"href":"https:\/\/tubopress.it\/es\/wp-json\/wp\/v2\/pages\/7417"}],"collection":[{"href":"https:\/\/tubopress.it\/es\/wp-json\/wp\/v2\/pages"}],"about":[{"href":"https:\/\/tubopress.it\/es\/wp-json\/wp\/v2\/types\/page"}],"author":[{"embeddable":true,"href":"https:\/\/tubopress.it\/es\/wp-json\/wp\/v2\/users\/1"}],"replies":[{"embeddable":true,"href":"https:\/\/tubopress.it\/es\/wp-json\/wp\/v2\/comments?post=7417"}],"version-history":[{"count":3,"href":"https:\/\/tubopress.it\/es\/wp-json\/wp\/v2\/pages\/7417\/revisions"}],"predecessor-version":[{"id":7866,"href":"https:\/\/tubopress.it\/es\/wp-json\/wp\/v2\/pages\/7417\/revisions\/7866"}],"wp:attachment":[{"href":"https:\/\/tubopress.it\/es\/wp-json\/wp\/v2\/media?parent=7417"}],"curies":[{"name":"wp","href":"https:\/\/api.w.org\/{rel}","templated":true}]}}