{"id":7424,"date":"2023-12-13T09:50:54","date_gmt":"2023-12-13T08:50:54","guid":{"rendered":"https:\/\/tubopress.it\/sostenibilidad\/"},"modified":"2026-05-12T14:24:07","modified_gmt":"2026-05-12T12:24:07","slug":"sostenibilidad","status":"publish","type":"page","link":"https:\/\/tubopress.it\/es\/sostenibilidad\/","title":{"rendered":"Sostenibilidad"},"content":{"rendered":"<section  class=\"section-hero-slider bg-primary position-relative\">\n    <div class=\"swiper\">\n        <div class=\"swiper-wrapper\">\n                                                <div class=\"swiper-slide\" style=\"background-image: url('https:\/\/tubopress.it\/wp-content\/uploads\/2024\/11\/41-e1732714910132.png');\">\n                        <div class=\"overlay-color d-lg-none\"><\/div>\n                        <div class=\"container\">\n                            <div class=\"row h-100\">\n                                <div class=\"col-12 col-lg-8 text-column h-100 d-flex flex-column justify-content-center\">\n                                    <h1 class=\"title-big-regular text-secondary mt-50 mt-lg-30 mt-xl-0 mb-40 mb-lg-50 tubopress-animation-slide-up tubopress-animate-slider\">Sostenibilidad medioambiental<\/h1>\n                                    <div class=\"txt-normal-regular text-white mb-30 tubopress-animation-slide-up tubopress-animate-slider tubopress-animation-delay-50\"><p style=\"text-align: left;\">\u00a1El socio ideal para tu proyecto de sostenibilidad medioambiental!<\/p>\n<hr>\n<p style=\"text-align: left;\">En nuestro peque\u00f1o, nos estamos moviendo hacia la transici\u00f3n ecol\u00f3gica respetando nuestro planeta, replanteando la manera en que producimos y desechamos para reducir el impacto ambiental y contribuir a una econom\u00eda que no explota ni extrae nuevos recursos, sino que reutiliza los ya existentes.<\/p>\n<p style=\"text-align: left;\">Tubopress Italia ofrece soluciones de embalaje eficientes que protegen el medio ambiente, para un futuro m\u00e1s verde y sostenible.<\/p>\n<p style=\"text-align: left;\">Si t\u00fa tambi\u00e9n quieres que el medio ambiente sea un lugar valioso para proteger, prueba nuestros tubos fabricados con material PE Green y PCR.<\/p>\n<p style=\"text-align: left;\">\n<\/div>\n                                                                                <p class=\"m-0 tubopress-animation-slide-up tubopress-animate-slider tubopress-animation-delay-100\">\n                                                <a href=\"https:\/\/tubopress.it\/es\/tubos\/\" class=\"btn txt-normal-regular text-center\">\n                                                    Explora nuestros productos                                                <\/a>\n                                            <\/p>\n                                                                    <\/div>\n                            <\/div>\n                        <\/div>\n                    <\/div>\n                                    <div class=\"swiper-slide\" style=\"background-image: url('https:\/\/tubopress.it\/wp-content\/uploads\/2025\/03\/image-stone-sigillo-garanzia_no-text.png');\">\n                        <div class=\"overlay-color d-lg-none\"><\/div>\n                        <div class=\"container\">\n                            <div class=\"row h-100\">\n                                <div class=\"col-12 col-lg-8 text-column h-100 d-flex flex-column justify-content-center\">\n                                    <h1 class=\"title-big-regular text-secondary mt-50 mt-lg-30 mt-xl-0 mb-40 mb-lg-50 tubopress-animation-slide-up tubopress-animate-slider\">Capsula <br>Low-Profile <\/h1>\n                                    <div class=\"txt-normal-regular text-white mb-30 tubopress-animation-slide-up tubopress-animate-slider tubopress-animation-delay-50\"><h2>Nuestro nuevo flip-top Slim<\/h2>\n<p>Ventajas:<\/p>\n<ul>\n<li>100% reciclable;<\/li>\n<li>M\u00e1s ligera que las c\u00e1psulas tradicionales;<\/li>\n<li>Disponible tanto en PP como en PE en di\u00e1metros de 35, 40 y 50 mm para capacidades de 30 a 300 ml; <\/li>\n<li>Acabado brillante y mate;<\/li>\n<li>Orificios disponibles: 1,5 &#8211; 3,0 &#8211; 5,0<\/li>\n<li>Opci\u00f3n de precinto de garant\u00eda desprendible<\/li>\n<\/ul>\n<p>&nbsp;<\/p>\n<p>&nbsp;<\/p>\n<p>&nbsp;<\/p>\n<\/div>\n                                                                                <p class=\"m-0 tubopress-animation-slide-up tubopress-animate-slider tubopress-animation-delay-100\">\n                                                <a href=\"https:\/\/tubopress.it\/es\/tubos\/\" class=\"btn txt-normal-regular text-center\">\n                                                    Explora nuestros productos                                                <\/a>\n                                            <\/p>\n                                                                    <\/div>\n                            <\/div>\n                        <\/div>\n                    <\/div>\n                                    <\/div>\n    <\/div>\n    <div class=\"swiper-pagination\"><\/div>\n                <div class=\"slider-progress-bar\"><\/div>\n        <\/section>\n\n<section  class=\"section-testo-immagine-2 bg-white\">\n    <div class=\"container\">\n                <div class=\"row \">\n            <div class=\"col-12 col-lg-6 tubopress-animate tubopress-animation-slide-up\">\n                <img decoding=\"async\" src=\"https:\/\/tubopress.it\/wp-content\/uploads\/2024\/08\/PCR-5-e1726067641723.png\" alt=\"\" class=\"img-fluid\">\n            <\/div>\n            <div class=\"col-12 col-lg-6 text-primary d-flex flex-column justify-content-center\">\n                <h2 class=\"eyelet-medium mb-20 mb-lg-40 mt-20 mt-lg-0 tubopress-animate tubopress-animation-slide-up tubopress-animation-delay-50\">Tubos en PCR (Post-Consumer Recycled)<\/h2>\n                <p class=\"m-0 txt-regular tubopress-animate tubopress-animation-slide-up tubopress-animation-delay-100\">Nuestros tubos PCR representan una elecci\u00f3n responsable para mitigar el problema de los residuos pl\u00e1sticos destinados a la incineraci\u00f3n o al vertedero.\n\n\u00bfPor qu\u00e9 elegir tubos en PCR?<br><br>\u2022 Los tubos fabricados con material reciclado postconsumo garantizan los mismos est\u00e1ndares de calidad y rendimiento que los tubos tradicionales.<\/p>\n            <\/div>\n        <\/div>\n    <\/div>\n<\/section>\n\n<section  class=\"section-testo-immagine-2 bg-white\">\n    <div class=\"container\">\n                <div class=\"row flex-row-reverse\">\n            <div class=\"col-12 col-lg-6 tubopress-animate tubopress-animation-slide-up\">\n                <img decoding=\"async\" src=\"https:\/\/tubopress.it\/wp-content\/uploads\/2024\/08\/110.png\" alt=\"\" class=\"img-fluid\">\n            <\/div>\n            <div class=\"col-12 col-lg-6 text-primary d-flex flex-column justify-content-center\">\n                <h2 class=\"eyelet-medium mb-20 mb-lg-40 mt-20 mt-lg-0 tubopress-animate tubopress-animation-slide-up tubopress-animation-delay-50\">Tubos en PE Green<\/h2>\n                <p class=\"m-0 txt-regular tubopress-animate tubopress-animation-slide-up tubopress-animation-delay-100\">Los tubos de pl\u00e1stico PE Green, certificados por Braskem bajo la marca \u00abI&#8217;m Green\u00bb, est\u00e1n fabricados con un biopol\u00edmero 100% reciclable, obtenido de la ca\u00f1a de az\u00facar y no del petr\u00f3leo como los pl\u00e1sticos convencionales, por lo que es un recurso renovable que, gracias a su proceso productivo, contribuye a reducir las emisiones de CO\u2082. El pl\u00e1stico PE Green puede utilizarse para producir tubos cil\u00edndricos, el\u00edpticos, labiales, c\u00e1nulas, monolayer y multilayer (Coex). \n<\/p>\n            <\/div>\n        <\/div>\n    <\/div>\n<\/section>\n\n<section  class=\"section-testo-immagine-2 bg-white\">\n    <div class=\"container\">\n                <div class=\"row \">\n            <div class=\"col-12 col-lg-6 tubopress-animate tubopress-animation-slide-up\">\n                <img decoding=\"async\" src=\"https:\/\/tubopress.it\/wp-content\/uploads\/2024\/08\/Mono-materiale-1.png\" alt=\"\" class=\"img-fluid\">\n            <\/div>\n            <div class=\"col-12 col-lg-6 text-primary d-flex flex-column justify-content-center\">\n                <h2 class=\"eyelet-medium mb-20 mb-lg-40 mt-20 mt-lg-0 tubopress-animate tubopress-animation-slide-up tubopress-animation-delay-50\">Tubos monomaterial<\/h2>\n                <p class=\"m-0 txt-regular tubopress-animate tubopress-animation-slide-up tubopress-animation-delay-100\">Nuestros tubos pueden ser fabricados \u00edntegramente en material PE, tanto el cuerpo como la tapa. \n\u00bfCu\u00e1les son las ventajas del monomaterial?\n<br><br>\u2022 100% reciclables: estos tubos son f\u00e1cilmente reciclables en los procesos normales de recogida selectiva.\n<br><br>\u2022 Versatilidad: Disponibles en di\u00e1metros 40 y 50, cubriendo una capacidad entre 50 y 300 ml.\n<br><br>\u2022 Alta resistencia: Garantizamos la misma resistencia y protecci\u00f3n del producto que se espera de los tubos tradicionales.<\/p>\n            <\/div>\n        <\/div>\n    <\/div>\n<\/section>\n\n<section  class=\"section-testo-semplice bg-light\">\n    <div class=\"container\">\n        <div class=\"text-primary txt-regular tubopress-animate tubopress-animation-slide-up\">\n            <p>Las principales recomendaciones para el dise\u00f1o del reciclaje relacionadas con la compatibilidad de los materiales de los tubos de PE son las siguientes:<\/p>\n<p>Se requiere un dise\u00f1o monomaterial (por ejemplo, cuerpo y hombro en PE y tapa en PE\/HDPE).<\/p>\n<p><strong>Para una completa compatibilidad con el reciclaje, el cuerpo del tubo, el hombro y la tapa deben estar constituidos por al menos el 90% de PE, y todas las caracter\u00edsticas del embalaje deben ser plenamente compatibles con el reciclaje.<\/strong><\/p>\n<p><strong>Para una compatibilidad limitada con el reciclaje, el cuerpo del tubo, el hombro y la tapa deben estar constituidos por al menos el 70% de PE, y todas las caracter\u00edsticas del embalaje deben ser plenamente compatibles con el reciclaje. Compatibilidad limitada con HDPE, si el PP es \u226410% en peso del peso total del embalaje. <\/strong><\/p>\n<p><strong>Baja compatibilidad con HDPE, si el PP est\u00e1 entre el 10% y el 30% en peso.<\/strong><\/p>\n<p>Para los tubos de PE, el contenido de HDPE debe maximizarse en comparaci\u00f3n con LDPE\/LLDPE.<\/p>\n<p>Para una completa compatibilidad con el reciclaje, el contenido de material barrera EVOH debe ser \u2264 6,0% en peso.<\/p>\n<p>Se prefieren masterbatches de color claro que no dificulten la detecci\u00f3n NIR.<\/p>\n<p>Para los tubos con dimensiones &lt; 500 ml, las etiquetas realizadas con superficies que no sean de PE en tubos de PE deben tener una cobertura &lt; 50%.<\/p>\n<p><strong>Cantidad de aditivos, pigmentos y cargas solo en la medida que la densidad del material total del tubo sea &lt; 0,970 g\/cm\u00b3.<\/strong><\/p>\n<p>La metalizaci\u00f3n de tapas y aplicadores solo est\u00e1 permitida si no se compromete la detecci\u00f3n del infrarrojo cercano (NIR).<\/p>\n<p>Respecto a los residuos de producto en el envase, se alcanza la plena compatibilidad con el reciclaje si el \u00edndice es &lt; 5%. Se alcanza una compatibilidad limitada con el reciclaje si el \u00edndice es &lt; 10%. <\/p>\n<p>&nbsp;<\/p>\n        <\/div>\n                    <\/div>\n<\/section>\n\n<section  class=\"section-cta-download\">\n    <div class=\"container\">\n        <div class=\"row justify-content-center\">\n            <div class=\"col-12 col-lg-9 text-center\">\n                <h2 class=\"text-primary title-xs-regular mb-20 mb-lg-40 tubopress-animate tubopress-animation-slide-up\">Sustainability Policy<\/h2>\n                <a href=\"https:\/\/tubopress.it\/wp-content\/uploads\/2026\/05\/Sustainability-Policy-EN.pdf\" class=\"btn btn-light-green txt-normal-bold tubopress-animate tubopress-animation-slide-up tubopress-animation-delay-50\" target=\"_blank\" download>\n                    Download                <\/a>\n            <\/div>\n        <\/div>\n    <\/div>\n<\/section>\n\n<section  class=\"section-text-scroll tubopress-animate tubopress-animation-slide-up bg-light\">\n    <div class=\"marquee-section\">\n        <h2 class=\"marquee title-big-light text-dark\">TUBOPRESS ITALIA <\/h2>\n        <h2 class=\"marquee marquee2 title-big-light text-dark\">TUBOPRESS ITALIA <\/h2>\n    <\/div>\n<\/section>","protected":false},"excerpt":{"rendered":"","protected":false},"author":1,"featured_media":0,"parent":0,"menu_order":0,"comment_status":"closed","ping_status":"closed","template":"","meta":{"footnotes":""},"acf":[],"_links":{"self":[{"href":"https:\/\/tubopress.it\/es\/wp-json\/wp\/v2\/pages\/7424"}],"collection":[{"href":"https:\/\/tubopress.it\/es\/wp-json\/wp\/v2\/pages"}],"about":[{"href":"https:\/\/tubopress.it\/es\/wp-json\/wp\/v2\/types\/page"}],"author":[{"embeddable":true,"href":"https:\/\/tubopress.it\/es\/wp-json\/wp\/v2\/users\/1"}],"replies":[{"embeddable":true,"href":"https:\/\/tubopress.it\/es\/wp-json\/wp\/v2\/comments?post=7424"}],"version-history":[{"count":3,"href":"https:\/\/tubopress.it\/es\/wp-json\/wp\/v2\/pages\/7424\/revisions"}],"predecessor-version":[{"id":18554,"href":"https:\/\/tubopress.it\/es\/wp-json\/wp\/v2\/pages\/7424\/revisions\/18554"}],"wp:attachment":[{"href":"https:\/\/tubopress.it\/es\/wp-json\/wp\/v2\/media?parent=7424"}],"curies":[{"name":"wp","href":"https:\/\/api.w.org\/{rel}","templated":true}]}}