{"id":7460,"date":"2023-12-15T09:46:34","date_gmt":"2023-12-15T08:46:34","guid":{"rendered":"https:\/\/tubopress.it\/nuestra-mission\/"},"modified":"2025-08-26T17:30:09","modified_gmt":"2025-08-26T15:30:09","slug":"nuestra-mission","status":"publish","type":"page","link":"https:\/\/tubopress.it\/es\/nuestra-mission\/","title":{"rendered":"Nuestra Mission"},"content":{"rendered":"<section  class=\"section-hero bg-primary position-relative alta\" style=\"background-image: url(https:\/\/tubopress.it\/wp-content\/uploads\/2024\/01\/mission-hero.jpg)\">\n            <div class=\"overlay-color\"><\/div>\n        <div class=\"container h-100\">\n        <div class=\"row h-100 align-items-center\">\n            <div class=\"col-12 z-1\">\n                <h1 class=\"text-white title-big-light tubopress-animate tubopress-animation-slide-up mb-20 text-center \">Nuestra Mission<\/h1>\n            <\/div>\n            <div class=\"text-info text-center\">\n                <p class=\"text-white txt-regular tubopress-animate tubopress-animation-slide-up tubopress-animation-delay-50\">\u00bfNuestro punto de vista?<\/p>\n                <p class=\"text-white txt-regular tubopress-animate tubopress-animation-slide-up tubopress-animation-delay-100\">\u00a1El trabajo en equipo es la clave del \u00e9xito, y nosotros somos un gran equipo!<\/p>\n            <\/div>\n        <\/div>\n    <\/div>\n<\/section>\n\n<section  class=\"section-titolo-testo bg-white\">\n    <div class=\"container\">\n        <h2 class=\"text-center text-primary title-s-regular mb-25 mb-lg-40 tubopress-animate tubopress-animation-slide-up\">\n            Nuestra Mission        <\/h2>\n        <div class=\"text-center text-primary txt-regular tubopress-animate tubopress-animation-slide-up tubopress-animation-delay-50\">\n            <p style=\"text-align: center;\">Los protagonistas de la \u201cmisi\u00f3n\u201d de Tubopress Italia: <strong>Galileo Pellegrini<\/strong>, licenciado en Ingenier\u00eda Electr\u00f3nica por el Polit\u00e9cnico de Mil\u00e1n en 1992; <strong>Giovanna Pellegrini<\/strong>, t\u00edtulo universitario de Int\u00e9rprete y Traductora por la Escuela Superior \u201cSilvio Pellico\u201d de Mil\u00e1n en 1989 y licenciada en Idiomas y Literaturas Extranjeras por la Universidad IULM de Mil\u00e1n en 1992.<\/p>\n<p style=\"text-align: center;\">\u00bfNuestro punto de vista? <strong>\u00a1El trabajo en equipo es la clave del \u00e9xito, y nosotros somos un gran equipo!<\/strong> Siempre hemos cre\u00eddo plenamente en nuestras capacidades y, con valent\u00eda y tenacidad, hemos perseguido nuestros sue\u00f1os. Con el \u00edmpetu de nuestra generaci\u00f3n tecnol\u00f3gica y gracias a la perseverancia y la determinaci\u00f3n, hemos alcanzado nuestras mayores satisfacciones. Estamos atentos a no dejar pasar las oportunidades que se nos presentan. Para nosotros, la suerte no existe: existe el momento en que el talento y la tenacidad se cruzan con la oportunidad.   <\/p>\n<p style=\"text-align: center;\">Hemos decidido diferenciarnos en el mercado con un envase original, fruto de nuestra intuici\u00f3n, y digno de satisfacer a una clientela prestigiosa y ambiciosa.<\/p>\n        <\/div>\n    <\/div>\n<\/section>\n\n<section  class=\"section-team bg-white position-relative\">\n   <div class=\"container position-relative z-1\">\n        <div class=\"row justify-content-around\">\n                                                <div class=\"col-12 col-lg-4 mt-10 mb-10 mt-lg-0 mb-lg-0\">\n                        <div class=\"mb-20 mb-lg-15 tubopress-animate tubopress-animation-slide-up\">\n                            <img decoding=\"async\" src=\"\" alt=\"\" class=\"img-fluid w-100\">\n                        <\/div>\n                        <div class=\"text-center\">\n                            <p class=\"name txt-regular mb-0 tubopress-animate tubopress-animation-slide-up tubopress-animation-delay-50\"><\/p>\n                            <p class=\"text-secondary txt-bold text-uppercase mb-0 tubopress-animate tubopress-animation-slide-up tubopress-animation-delay-100\"><\/p>\n                        <\/div>\n                    <\/div>\n                                    <div class=\"col-12 col-lg-4 mt-10 mb-10 mt-lg-0 mb-lg-0\">\n                        <div class=\"mb-20 mb-lg-15 tubopress-animate tubopress-animation-slide-up\">\n                            <img decoding=\"async\" src=\"\" alt=\"\" class=\"img-fluid w-100\">\n                        <\/div>\n                        <div class=\"text-center\">\n                            <p class=\"name txt-regular mb-0 tubopress-animate tubopress-animation-slide-up tubopress-animation-delay-50\"><\/p>\n                            <p class=\"text-secondary txt-bold text-uppercase mb-0 tubopress-animate tubopress-animation-slide-up tubopress-animation-delay-100\"><\/p>\n                        <\/div>\n                    <\/div>\n                                    <\/div>\n   <\/div>\n   <div class=\"overlay-color d-none d-lg-block\"><\/div>\n<\/section>\n\n<section  class=\"section-numeri bg-secondary\">\n    <div class=\"container\">\n        <div class=\"row\">\n            <div class=\"col-12 col-lg-6\">\n                <h2 class=\"text-white mb-20 mb-lg-50 title-s-regular tubopress-animate tubopress-animation-slide-up\">\u00c1reas de especializaci\u00f3n<\/h2>\n                                                            <p class=\"text-white mb-5 mb-lg-15 title-xs-regular tubopress-animate tubopress-animation-slide-up tubopress-animation-delay-50\">Cosm\u00e9tica<\/p>\n                                            <p class=\"text-white mb-5 mb-lg-15 title-xs-regular tubopress-animate tubopress-animation-slide-up tubopress-animation-delay-50\">Perfumer\u00eda<\/p>\n                                            <p class=\"text-white mb-5 mb-lg-15 title-xs-regular tubopress-animate tubopress-animation-slide-up tubopress-animation-delay-50\">Herborister\u00eda<\/p>\n                                            <p class=\"text-white mb-5 mb-lg-15 title-xs-regular tubopress-animate tubopress-animation-slide-up tubopress-animation-delay-50\">Industria farmac\u00e9utica<\/p>\n                                            <p class=\"text-white mb-5 mb-lg-15 title-xs-regular tubopress-animate tubopress-animation-slide-up tubopress-animation-delay-50\">Industria qu\u00edmica<\/p>\n                                                <\/div>\n            <div class=\"col-12 col-lg-6 text-center d-flex flex-column justify-content-between\">\n                                                           <div class=\"text-white mt-30 mt-lg-0\">\n                            <span class=\"font-number tubopress-animate tubopress-animation-slide-up tubopress-animation-delay-100\">+<\/span>\n                            <span class=\"font-number number number-count tubopress-animate tubopress-animation-slide-up tubopress-animation-delay-100\" data-target-value=\"60\">0<\/span>\n                            <span class=\"font-number tubopress-animate tubopress-animation-slide-up tubopress-animation-delay-100\"><\/span>\n                            <p class=\"eyelet-regular tubopress-animate tubopress-animation-slide-up tubopress-animation-delay-150\">a\u00f1os de experiencia<\/p>\n                       <\/div>\n                                           <div class=\"text-white mt-30 mt-lg-0\">\n                            <span class=\"font-number tubopress-animate tubopress-animation-slide-up tubopress-animation-delay-100\">+<\/span>\n                            <span class=\"font-number number number-count tubopress-animate tubopress-animation-slide-up tubopress-animation-delay-100\" data-target-value=\"40\">0<\/span>\n                            <span class=\"font-number tubopress-animate tubopress-animation-slide-up tubopress-animation-delay-100\">M<\/span>\n                            <p class=\"eyelet-regular tubopress-animate tubopress-animation-slide-up tubopress-animation-delay-150\">tubos producidos cada a\u00f1o<\/p>\n                       <\/div>\n                                                <\/div>\n        <\/div>\n    <\/div>\n<\/section>\n\n<section  class=\"section-immagini bg-white position-relative\">\n    <div class=\"container position-relative z-1\">\n        <div class=\"row gx-xxl-40\">\n                                                                                            <div class=\"col-12  col-lg-6 mb-25 tubopress-animate tubopress-animation-slide-up tubopress-animation-delay-100\">\n                        <a class=\"zoom-img\" data-gall=\"gallery-block-immagini-3ab683115dee58b634ac\" href=\"https:\/\/tubopress.it\/wp-content\/uploads\/2024\/01\/img-33.jpg\">\n                            <img decoding=\"async\" src=\"https:\/\/tubopress.it\/wp-content\/uploads\/2024\/01\/img-33-1327x780.jpg\" class=\"img-fluid\">\n                        <\/a>  \n                    <\/div>\n\n                                                        <div class=\"col-12  col-lg-6 mb-25 tubopress-animate tubopress-animation-slide-up tubopress-animation-delay-150\">\n                        <a class=\"zoom-img\" data-gall=\"gallery-block-immagini-3ab683115dee58b634ac\" href=\"https:\/\/tubopress.it\/wp-content\/uploads\/2024\/01\/Image-55.jpg\">\n                            <img decoding=\"async\" src=\"https:\/\/tubopress.it\/wp-content\/uploads\/2024\/01\/Image-55-648x390.jpg\" class=\"img-fluid\">\n                        <\/a>  \n                    <\/div>\n\n                                                        <div class=\"col-12  col-lg-4 mb-25 tubopress-animate tubopress-animation-slide-up tubopress-animation-delay-200\">\n                        <a class=\"zoom-img\" data-gall=\"gallery-block-immagini-3ab683115dee58b634ac\" href=\"https:\/\/tubopress.it\/wp-content\/uploads\/2024\/01\/Image-1.jpg\">\n                            <img decoding=\"async\" src=\"https:\/\/tubopress.it\/wp-content\/uploads\/2024\/01\/Image-1-841x780.jpg\" class=\"img-fluid\">\n                        <\/a>  \n                    <\/div>\n\n                                                        <div class=\"col-12  col-lg-8 mb-25 tubopress-animate tubopress-animation-slide-up tubopress-animation-delay-250\">\n                        <a class=\"zoom-img\" data-gall=\"gallery-block-immagini-3ab683115dee58b634ac\" href=\"https:\/\/tubopress.it\/wp-content\/uploads\/2024\/01\/img11.jpg\">\n                            <img decoding=\"async\" src=\"https:\/\/tubopress.it\/wp-content\/uploads\/2024\/01\/img11-872x390.jpg\" class=\"img-fluid\">\n                        <\/a>  \n                    <\/div>\n\n                                                        <div class=\"col-12  col-lg-6 mb-25 tubopress-animate tubopress-animation-slide-up tubopress-animation-delay-300\">\n                        <a class=\"zoom-img\" data-gall=\"gallery-block-immagini-3ab683115dee58b634ac\" href=\"https:\/\/tubopress.it\/wp-content\/uploads\/2024\/01\/img-3-2.jpg\">\n                            <img decoding=\"async\" src=\"https:\/\/tubopress.it\/wp-content\/uploads\/2024\/01\/img-3-2-1328x780.jpg\" class=\"img-fluid\">\n                        <\/a>  \n                    <\/div>\n\n                                                        <div class=\"col-12  col-lg-6 mb-25 tubopress-animate tubopress-animation-slide-up tubopress-animation-delay-350\">\n                        <a class=\"zoom-img\" data-gall=\"gallery-block-immagini-3ab683115dee58b634ac\" href=\"https:\/\/tubopress.it\/wp-content\/uploads\/2024\/01\/img-3-3.jpg\">\n                            <img decoding=\"async\" src=\"https:\/\/tubopress.it\/wp-content\/uploads\/2024\/01\/img-3-3-1328x780.jpg\" class=\"img-fluid\">\n                        <\/a>  \n                    <\/div>\n\n                                    <\/div>\n    <\/div>\n    <div class=\"overlay-color d-none d-lg-block\"><\/div>\n<\/section>\n\n<section  class=\"section-brand-partners\">\n    <div class=\"container tubopress-animate tubopress-animation-slide-up\">\n        <h2 class=\"text-primary title-xs-regular mb-20\">\n            Trabajamos con pasi\u00f3n para:        <\/h2>\n        <div class=\"swiper swiper-desktop d-none d-lg-block\">\n            <div class=\"swiper-wrapper\">\n                                                            <div class=\"swiper-slide\">\n                            <img decoding=\"async\" src=\"https:\/\/tubopress.it\/wp-content\/uploads\/2024\/10\/Versace.png\" alt=\"\" class=\"img-fluid\">\n                        <\/div>\n                                            <div class=\"swiper-slide\">\n                            <img decoding=\"async\" src=\"https:\/\/tubopress.it\/wp-content\/uploads\/2024\/10\/Augustinus-Bader.png\" alt=\"\" class=\"img-fluid\">\n                        <\/div>\n                                            <div class=\"swiper-slide\">\n                            <img decoding=\"async\" src=\"https:\/\/tubopress.it\/wp-content\/uploads\/2024\/10\/Collistar.png\" alt=\"\" class=\"img-fluid\">\n                        <\/div>\n                                            <div class=\"swiper-slide\">\n                            <img decoding=\"async\" src=\"https:\/\/tubopress.it\/wp-content\/uploads\/2024\/10\/Erbolario.png\" alt=\"\" class=\"img-fluid\">\n                        <\/div>\n                                            <div class=\"swiper-slide\">\n                            <img decoding=\"async\" src=\"https:\/\/tubopress.it\/wp-content\/uploads\/2024\/10\/Michael-Kors.png\" alt=\"\" class=\"img-fluid\">\n                        <\/div>\n                                            <div class=\"swiper-slide\">\n                            <img decoding=\"async\" src=\"https:\/\/tubopress.it\/wp-content\/uploads\/2024\/10\/Channoine.png\" alt=\"\" class=\"img-fluid\">\n                        <\/div>\n                                            <div class=\"swiper-slide\">\n                            <img decoding=\"async\" src=\"https:\/\/tubopress.it\/wp-content\/uploads\/2024\/10\/Moschino.png\" alt=\"\" class=\"img-fluid\">\n                        <\/div>\n                                            <div class=\"swiper-slide\">\n                            <img decoding=\"async\" src=\"https:\/\/tubopress.it\/wp-content\/uploads\/2024\/10\/LR.png\" alt=\"\" class=\"img-fluid\">\n                        <\/div>\n                                            <div class=\"swiper-slide\">\n                            <img decoding=\"async\" src=\"https:\/\/tubopress.it\/wp-content\/uploads\/2024\/10\/Guam.png\" alt=\"\" class=\"img-fluid\">\n                        <\/div>\n                                                <\/div>\n       <\/div>\n    <\/div>\n    <div class=\"swiper swiper-mobile d-block d-lg-none\">\n        <div class=\"swiper-wrapper\">\n                                                <div class=\"swiper-slide\">\n                        <img decoding=\"async\" src=\"https:\/\/tubopress.it\/wp-content\/uploads\/2024\/10\/Versace.png\" alt=\"\" class=\"img-fluid\">\n                    <\/div>\n                                    <div class=\"swiper-slide\">\n                        <img decoding=\"async\" src=\"https:\/\/tubopress.it\/wp-content\/uploads\/2024\/10\/Augustinus-Bader.png\" alt=\"\" class=\"img-fluid\">\n                    <\/div>\n                                    <div class=\"swiper-slide\">\n                        <img decoding=\"async\" src=\"https:\/\/tubopress.it\/wp-content\/uploads\/2024\/10\/Collistar.png\" alt=\"\" class=\"img-fluid\">\n                    <\/div>\n                                    <div class=\"swiper-slide\">\n                        <img decoding=\"async\" src=\"https:\/\/tubopress.it\/wp-content\/uploads\/2024\/10\/Erbolario.png\" alt=\"\" class=\"img-fluid\">\n                    <\/div>\n                                    <div class=\"swiper-slide\">\n                        <img decoding=\"async\" src=\"https:\/\/tubopress.it\/wp-content\/uploads\/2024\/10\/Michael-Kors.png\" alt=\"\" class=\"img-fluid\">\n                    <\/div>\n                                    <div class=\"swiper-slide\">\n                        <img decoding=\"async\" src=\"https:\/\/tubopress.it\/wp-content\/uploads\/2024\/10\/Channoine.png\" alt=\"\" class=\"img-fluid\">\n                    <\/div>\n                                    <div class=\"swiper-slide\">\n                        <img decoding=\"async\" src=\"https:\/\/tubopress.it\/wp-content\/uploads\/2024\/10\/Moschino.png\" alt=\"\" class=\"img-fluid\">\n                    <\/div>\n                                    <div class=\"swiper-slide\">\n                        <img decoding=\"async\" src=\"https:\/\/tubopress.it\/wp-content\/uploads\/2024\/10\/LR.png\" alt=\"\" class=\"img-fluid\">\n                    <\/div>\n                                    <div class=\"swiper-slide\">\n                        <img decoding=\"async\" src=\"https:\/\/tubopress.it\/wp-content\/uploads\/2024\/10\/Guam.png\" alt=\"\" class=\"img-fluid\">\n                    <\/div>\n                                    <\/div>\n    <\/div>\n<\/section>\n\n<section  class=\"section-contact\">\n    <div class=\"container\">\n        <h2 class=\"text-primary title-light mb-40 mb-lg-60 tubopress-animate tubopress-animation-slide-up\">\n            Contactos        <\/h2>\n        <div class=\"tubopress-animate tubopress-animation-slide-up tubopress-animation-delay-50\">\n            \n<div class=\"wpcf7 no-js\" id=\"wpcf7-f7-o1\" lang=\"en-US\" dir=\"ltr\">\n<div class=\"screen-reader-response\"><p role=\"status\" aria-live=\"polite\" aria-atomic=\"true\"><\/p> <ul><\/ul><\/div>\n<form action=\"\/es\/wp-json\/wp\/v2\/pages\/7460#wpcf7-f7-o1\" method=\"post\" class=\"wpcf7-form init\" aria-label=\"Contact form\" novalidate=\"novalidate\" data-status=\"init\">\n<div style=\"display: none;\">\n<input type=\"hidden\" name=\"_wpcf7\" value=\"7\" \/>\n<input type=\"hidden\" name=\"_wpcf7_version\" value=\"5.8.5\" \/>\n<input type=\"hidden\" name=\"_wpcf7_locale\" value=\"en_US\" \/>\n<input type=\"hidden\" name=\"_wpcf7_unit_tag\" value=\"wpcf7-f7-o1\" \/>\n<input type=\"hidden\" name=\"_wpcf7_container_post\" value=\"0\" \/>\n<input type=\"hidden\" name=\"_wpcf7_posted_data_hash\" value=\"\" \/>\n<\/div>\n<div class=\"row contact-form\">\n\t<div class=\"col-12 col-lg-6 mb-lg-20\">\n\t\t<p><span class=\"wpcf7-form-control-wrap\" data-name=\"your-name\"><input size=\"40\" class=\"wpcf7-form-control wpcf7-text wpcf7-validates-as-required form-control text-primary txt-m-regular\" aria-required=\"true\" aria-invalid=\"false\" placeholder=\"Name*\" value=\"\" type=\"text\" name=\"your-name\" \/><\/span>\n\t\t<\/p>\n\t<\/div>\n\t<div class=\"col-12 col-lg-6\"mb-lg-20>\n\t\t<p><span class=\"wpcf7-form-control-wrap\" data-name=\"your-surname\"><input size=\"40\" class=\"wpcf7-form-control wpcf7-text wpcf7-validates-as-required form-control text-primary txt-m-regular\" aria-required=\"true\" aria-invalid=\"false\" placeholder=\"Surname*\" value=\"\" type=\"text\" name=\"your-surname\" \/><\/span>\n\t\t<\/p>\n\t<\/div>\n\t<div class=\"col-12 col-lg-6 mb-lg-20\">\n\t\t<p><span class=\"wpcf7-form-control-wrap\" data-name=\"your-email\"><input size=\"40\" class=\"wpcf7-form-control wpcf7-email wpcf7-validates-as-required wpcf7-text wpcf7-validates-as-email form-control text-primary txt-m-regular\" aria-required=\"true\" aria-invalid=\"false\" placeholder=\"Email*\" value=\"\" type=\"email\" name=\"your-email\" \/><\/span>\n\t\t<\/p>\n\t<\/div>\n\t<div class=\"col-12 col-lg-6 mb-lg-20\">\n\t\t<p><span class=\"wpcf7-form-control-wrap\" data-name=\"your-type-inquiry\"><select class=\"wpcf7-form-control wpcf7-select wpcf7-validates-as-required form-select text-primary txt-m-regular\" aria-required=\"true\" aria-invalid=\"false\" name=\"your-type-inquiry\"><option value=\"\">Type of inquiry*<\/option><option value=\"Sales\">Sales<\/option><option value=\"After Sales\/Service\">After Sales\/Service<\/option><option value=\"Marketing\">Marketing<\/option><\/select><\/span>\n\t\t<\/p>\n\t<\/div>\n\t<div class=\"col-12 mb-lg-50\">\n\t\t<p><span class=\"wpcf7-form-control-wrap\" data-name=\"your-message\"><textarea cols=\"40\" rows=\"1\" class=\"wpcf7-form-control wpcf7-textarea wpcf7-validates-as-required form-control text-primary txt-m-regular\" aria-required=\"true\" aria-invalid=\"false\" placeholder=\"Message*\" name=\"your-message\"><\/textarea><\/span>\n\t\t<\/p>\n\t<\/div>\n\t<div class=\"col-12 col-lg d-flex align-items-center mt-20 mt-lg-0\">\n\t\t<p><span class=\"wpcf7-form-control-wrap\" data-name=\"your-consent\"><span class=\"wpcf7-form-control wpcf7-acceptance\"><span class=\"wpcf7-list-item\"><label><input type=\"checkbox\" name=\"your-consent\" value=\"1\" class=\"form-check-input\" id=\"privacy-check\" aria-invalid=\"false\" \/><span class=\"wpcf7-list-item-label\"><label class=\"form-check-label text-primary text-uppercase txt-xxs-regular \" for=\"privacy-check\"><span class=\"ms-5\">I ACCEPT <a class=\" href=\"\" target=\"_blank\">THE TERM OF USE <\/a> AND THE <a class=\"\" href=\"\" target=\"_blank\">PRIVACY POLICY<\/a><\/span><\/span><\/label><\/span><\/span><\/span>\n\t\t<\/p>\n\t<\/div>\n\t<div class=\"col-12 col-lg-auto d-flex justify-content-center justify-content-lg-end txt-regular mt-20 mt-lg-0\">\n\t\t<p><input class=\"wpcf7-form-control wpcf7-submit has-spinner btn\" type=\"submit\" value=\"Send\" \/>\n\t\t<\/p>\n\t<\/div>\n<\/div><div class=\"wpcf7-response-output\" aria-hidden=\"true\"><\/div>\n<\/form>\n<\/div>\n        <\/div>\n    <\/div>\n<\/section>","protected":false},"excerpt":{"rendered":"","protected":false},"author":1,"featured_media":0,"parent":0,"menu_order":0,"comment_status":"closed","ping_status":"closed","template":"","meta":{"footnotes":""},"acf":[],"_links":{"self":[{"href":"https:\/\/tubopress.it\/es\/wp-json\/wp\/v2\/pages\/7460"}],"collection":[{"href":"https:\/\/tubopress.it\/es\/wp-json\/wp\/v2\/pages"}],"about":[{"href":"https:\/\/tubopress.it\/es\/wp-json\/wp\/v2\/types\/page"}],"author":[{"embeddable":true,"href":"https:\/\/tubopress.it\/es\/wp-json\/wp\/v2\/users\/1"}],"replies":[{"embeddable":true,"href":"https:\/\/tubopress.it\/es\/wp-json\/wp\/v2\/comments?post=7460"}],"version-history":[{"count":3,"href":"https:\/\/tubopress.it\/es\/wp-json\/wp\/v2\/pages\/7460\/revisions"}],"predecessor-version":[{"id":8057,"href":"https:\/\/tubopress.it\/es\/wp-json\/wp\/v2\/pages\/7460\/revisions\/8057"}],"wp:attachment":[{"href":"https:\/\/tubopress.it\/es\/wp-json\/wp\/v2\/media?parent=7460"}],"curies":[{"name":"wp","href":"https:\/\/api.w.org\/{rel}","templated":true}]}}