{"id":7498,"date":"2023-12-12T16:55:23","date_gmt":"2023-12-12T15:55:23","guid":{"rendered":"https:\/\/tubopress.it\/nuestra-historia\/"},"modified":"2025-10-27T16:07:53","modified_gmt":"2025-10-27T15:07:53","slug":"nuestra-historia","status":"publish","type":"page","link":"https:\/\/tubopress.it\/es\/nuestra-historia\/","title":{"rendered":"Nuestra Historia"},"content":{"rendered":"<section  class=\"section-hero bg-primary position-relative bassa\" style=\"background-image: url(https:\/\/tubopress.it\/wp-content\/uploads\/2024\/12\/DSCN1121B-scaled-e1777041109465.jpg)\">\n            <div class=\"overlay-color\"><\/div>\n        <div class=\"container h-100\">\n        <div class=\"row h-100 align-items-center\">\n            <div class=\"col-12 z-1\">\n                <h1 class=\"text-white title-big-light tubopress-animate tubopress-animation-slide-up mb-20 text-start \"><\/h1>\n            <\/div>\n            <div class=\"text-info text-center\">\n                <p class=\"text-white txt-regular tubopress-animate tubopress-animation-slide-up tubopress-animation-delay-50\"><\/p>\n                <p class=\"text-white txt-regular tubopress-animate tubopress-animation-slide-up tubopress-animation-delay-100\"><\/p>\n            <\/div>\n        <\/div>\n    <\/div>\n<\/section>\n\n<section  class=\"section-titolo-testo bg-light\">\n    <div class=\"container\">\n        <h2 class=\"text-center text-primary title-s-regular mb-25 mb-lg-40 tubopress-animate tubopress-animation-slide-up\">\n            M\u00e1s de 60 a\u00f1os liderando el sector del packaging        <\/h2>\n        <div class=\"text-center text-primary txt-regular tubopress-animate tubopress-animation-slide-up tubopress-animation-delay-50\">\n            <div class=\"flex-shrink-0 flex flex-col relative items-end\">\n<div class=\"pt-0\">\n<div class=\"gizmo-bot-avatar flex h-8 w-8 items-center justify-center overflow-hidden rounded-full\">\n<p>En los primeros a\u00f1os, los esfuerzos se concentran principalmente en la producci\u00f3n de frascos de pl\u00e1stico, limitando la de los tubos que, sin embargo, en el transcurso de algunos a\u00f1os, pasa a dominar hasta imponerse en los a\u00f1os 80 como la actividad principal de la empresa.<\/p>\n<p>A partir de este momento, Tubopress Italia es la \u00fanica empresa en Italia que produce tubos con el sistema de inyecci\u00f3n-soplado \u201cPressblower Automat\u201d, patentado por la reconocida empresa alemana \u201cOssberger Turbinenfabrik\u201d de Weissenburg. Es el inicio de una larga historia de \u00e9xitos en Italia y en el extranjero, especialmente en Francia, gracias a la colaboraci\u00f3n con la prestigiosa firma francesa \u201cLancaster\u201d.<\/p>\n<p>Y luego, otro cambio radical a principios de los a\u00f1os 90: Tubopress Italia comienza a producir tubos extruidos y decorados en l\u00ednea. Esta innovaci\u00f3n abri\u00f3 el camino hacia un nuevo concepto de econom\u00eda empresarial, orientado a optimizar la producci\u00f3n, la organizaci\u00f3n, el dise\u00f1o y las inversiones, promoviendo un entorno de trabajo en el que el proceso de aprendizaje continuo, el sentido de colaboraci\u00f3n, de compartir y de responsabilidad sean los principios fundamentales sobre los cuales basar las oportunidades de crecimiento.<\/p>\n<p>&nbsp;<\/p>\n<p><img loading=\"lazy\" decoding=\"async\" class=\"aligncenter wp-image-492\" src=\"https:\/\/tubopress.it\/wp-content\/uploads\/2023\/12\/TubopressHeadStoria-1-300x167.jpg\" alt=\"\" width=\"640\" height=\"356\" srcset=\"https:\/\/tubopress.it\/wp-content\/uploads\/2023\/12\/TubopressHeadStoria-1-300x167.jpg 300w, https:\/\/tubopress.it\/wp-content\/uploads\/2023\/12\/TubopressHeadStoria-1-700x390.jpg 700w, https:\/\/tubopress.it\/wp-content\/uploads\/2023\/12\/TubopressHeadStoria-1-768x428.jpg 768w, https:\/\/tubopress.it\/wp-content\/uploads\/2023\/12\/TubopressHeadStoria-1-701x390.jpg 701w, https:\/\/tubopress.it\/wp-content\/uploads\/2023\/12\/TubopressHeadStoria-1.jpg 970w\" sizes=\"(max-width: 640px) 100vw, 640px\" \/><\/p>\n<\/div>\n<\/div>\n<\/div>\n        <\/div>\n    <\/div>\n<\/section>\n\n<section  class=\"section-titolo-testo bg-white\">\n    <div class=\"container\">\n        <h2 class=\"text-center text-primary title-s-regular mb-25 mb-lg-40 tubopress-animate tubopress-animation-slide-up\">\n            Nuestra Mission        <\/h2>\n        <div class=\"text-center text-primary txt-regular tubopress-animate tubopress-animation-slide-up tubopress-animation-delay-50\">\n            <p style=\"text-align: center;\" align=\"center\"><strong>El trabajo en equipo es la clave del \u00e9xito, y nosotros somos un gran equipo!<\/strong> Siempre hemos cre\u00eddo plenamente en nuestras capacidades y, con valent\u00eda y tenacidad, hemos perseguido nuestros sue\u00f1os. Con el \u00edmpetu de nuestra generaci\u00f3n tecnol\u00f3gica y gracias a la perseverancia y la determinaci\u00f3n, hemos alcanzado nuestras mayores satisfacciones. Estamos atentos a no dejar pasar las oportunidades que se nos presentan. Para nosotros, la suerte no existe: existe el momento en que el talento y la tenacidad se cruzan con la oportunidad.<\/p>\n<p style=\"text-align: center;\" align=\"center\">Hemos decidido diferenciarnos en el mercado con un envase original, fruto de nuestra intuici\u00f3n, y digno de satisfacer a una clientela prestigiosa y ambiciosa.<\/p>\n<p align=\"center\">\n<p align=\"center\"><img loading=\"lazy\" decoding=\"async\" class=\"wp-image-8354 size-medium aligncenter\" src=\"https:\/\/tubopress.it\/wp-content\/uploads\/2025\/10\/GP2.2-300x74.png\" alt=\"\" width=\"300\" height=\"74\" srcset=\"https:\/\/tubopress.it\/wp-content\/uploads\/2025\/10\/GP2.2-300x74.png 300w, https:\/\/tubopress.it\/wp-content\/uploads\/2025\/10\/GP2.2-768x190.png 768w, https:\/\/tubopress.it\/wp-content\/uploads\/2025\/10\/GP2.2-700x173.png 700w, https:\/\/tubopress.it\/wp-content\/uploads\/2025\/10\/GP2.2.png 1024w\" sizes=\"(max-width: 300px) 100vw, 300px\" \/><\/p>\n<p align=\"center\"><img decoding=\"async\" src=\"https:\/\/tubopress.it\/wp-content\/uploads\/2025\/10\/GP1.2-300x74.png\" \/><\/p>\n        <\/div>\n    <\/div>\n<\/section>\n\n<section  class=\"section-team bg-white position-relative\">\n   <div class=\"container position-relative z-1\">\n        <div class=\"row justify-content-around\">\n                                                <div class=\"col-12 col-lg-4 mt-10 mb-10 mt-lg-0 mb-lg-0\">\n                        <div class=\"mb-20 mb-lg-15 tubopress-animate tubopress-animation-slide-up\">\n                            <img decoding=\"async\" src=\"\" alt=\"\" class=\"img-fluid w-100\">\n                        <\/div>\n                        <div class=\"text-center\">\n                            <p class=\"name txt-regular mb-0 tubopress-animate tubopress-animation-slide-up tubopress-animation-delay-50\"><\/p>\n                            <p class=\"text-secondary txt-bold text-uppercase mb-0 tubopress-animate tubopress-animation-slide-up tubopress-animation-delay-100\"><\/p>\n                        <\/div>\n                    <\/div>\n                                    <div class=\"col-12 col-lg-4 mt-10 mb-10 mt-lg-0 mb-lg-0\">\n                        <div class=\"mb-20 mb-lg-15 tubopress-animate tubopress-animation-slide-up\">\n                            <img decoding=\"async\" src=\"\" alt=\"\" class=\"img-fluid w-100\">\n                        <\/div>\n                        <div class=\"text-center\">\n                            <p class=\"name txt-regular mb-0 tubopress-animate tubopress-animation-slide-up tubopress-animation-delay-50\"><\/p>\n                            <p class=\"text-secondary txt-bold text-uppercase mb-0 tubopress-animate tubopress-animation-slide-up tubopress-animation-delay-100\"><\/p>\n                        <\/div>\n                    <\/div>\n                                    <\/div>\n   <\/div>\n   <div class=\"overlay-color d-none d-lg-block\"><\/div>\n<\/section>\n\n<section  class=\"section-titolo-testo bg-white\">\n    <div class=\"container\">\n        <h2 class=\"text-center text-primary title-s-regular mb-25 mb-lg-40 tubopress-animate tubopress-animation-slide-up\">\n            El Oscar \u2013 Nuestra obra maestra        <\/h2>\n        <div class=\"text-center text-primary txt-regular tubopress-animate tubopress-animation-slide-up tubopress-animation-delay-50\">\n            <p><strong>El \u00d3scar italiano del embalaje<\/strong> fue otorgado a Tubopress en el a\u00f1o 2000 gracias al aspecto innovador del tubo Dolce &#038; Gabbana, que con el tiempo muchas casas de cosm\u00e9ticos de renombre han elegido para dar glamour a sus l\u00edneas de cosm\u00e9ticos de alta gama. Se trata de un tubo \u00ab\u00fanico\u00bb y \u00abelegante\u00bb que est\u00e1 totalmente impreso en caliente con un efecto espejo en combinaci\u00f3n con una c\u00e1psula metalizada.<\/p>\n<p><img loading=\"lazy\" decoding=\"async\" class=\"aligncenter wp-image-1460 size-large\" src=\"https:\/\/tubopress.it\/wp-content\/uploads\/2024\/03\/TubiTotalOffset-1024x475.jpg\" alt=\"\" width=\"640\" height=\"297\" srcset=\"https:\/\/tubopress.it\/wp-content\/uploads\/2024\/03\/TubiTotalOffset-1024x475.jpg 1024w, https:\/\/tubopress.it\/wp-content\/uploads\/2024\/03\/TubiTotalOffset-700x325.jpg 700w, https:\/\/tubopress.it\/wp-content\/uploads\/2024\/03\/TubiTotalOffset-300x139.jpg 300w, https:\/\/tubopress.it\/wp-content\/uploads\/2024\/03\/TubiTotalOffset-768x356.jpg 768w, https:\/\/tubopress.it\/wp-content\/uploads\/2024\/03\/TubiTotalOffset-840x390.jpg 840w, https:\/\/tubopress.it\/wp-content\/uploads\/2024\/03\/TubiTotalOffset.jpg 1200w\" sizes=\"(max-width: 640px) 100vw, 640px\" \/><\/p>\n        <\/div>\n    <\/div>\n<\/section>\n\n<section  class=\"section-text-scroll tubopress-animate tubopress-animation-slide-up bg-white\">\n    <div class=\"marquee-section\">\n        <h2 class=\"marquee title-big-light text-dark\"> Tubopress Italia: M\u00e1s de 60 a\u00f1os liderando el sector del packaging<\/h2>\n        <h2 class=\"marquee marquee2 title-big-light text-dark\"> Tubopress Italia: M\u00e1s de 60 a\u00f1os liderando el sector del packaging<\/h2>\n    <\/div>\n<\/section>","protected":false},"excerpt":{"rendered":"","protected":false},"author":1,"featured_media":0,"parent":0,"menu_order":0,"comment_status":"closed","ping_status":"closed","template":"","meta":{"footnotes":""},"acf":[],"_links":{"self":[{"href":"https:\/\/tubopress.it\/es\/wp-json\/wp\/v2\/pages\/7498"}],"collection":[{"href":"https:\/\/tubopress.it\/es\/wp-json\/wp\/v2\/pages"}],"about":[{"href":"https:\/\/tubopress.it\/es\/wp-json\/wp\/v2\/types\/page"}],"author":[{"embeddable":true,"href":"https:\/\/tubopress.it\/es\/wp-json\/wp\/v2\/users\/1"}],"replies":[{"embeddable":true,"href":"https:\/\/tubopress.it\/es\/wp-json\/wp\/v2\/comments?post=7498"}],"version-history":[{"count":3,"href":"https:\/\/tubopress.it\/es\/wp-json\/wp\/v2\/pages\/7498\/revisions"}],"predecessor-version":[{"id":8415,"href":"https:\/\/tubopress.it\/es\/wp-json\/wp\/v2\/pages\/7498\/revisions\/8415"}],"wp:attachment":[{"href":"https:\/\/tubopress.it\/es\/wp-json\/wp\/v2\/media?parent=7498"}],"curies":[{"name":"wp","href":"https:\/\/api.w.org\/{rel}","templated":true}]}}