{"id":4454,"date":"2023-12-12T16:55:23","date_gmt":"2023-12-12T15:55:23","guid":{"rendered":"https:\/\/lnx.babolapp.com\/notre-histoire\/"},"modified":"2025-10-27T16:10:36","modified_gmt":"2025-10-27T15:10:36","slug":"notre-histoire","status":"publish","type":"page","link":"https:\/\/tubopress.it\/fr\/notre-histoire\/","title":{"rendered":"Notre Histoire"},"content":{"rendered":"<section  class=\"section-hero bg-primary position-relative bassa\" style=\"background-image: url(https:\/\/tubopress.it\/wp-content\/uploads\/2024\/12\/DSCN1121B-scaled-e1777041109465.jpg)\">\n            <div class=\"overlay-color\"><\/div>\n        <div class=\"container h-100\">\n        <div class=\"row h-100 align-items-center\">\n            <div class=\"col-12 z-1\">\n                <h1 class=\"text-white title-big-light tubopress-animate tubopress-animation-slide-up mb-20 text-start \"><\/h1>\n            <\/div>\n            <div class=\"text-info text-center\">\n                <p class=\"text-white txt-regular tubopress-animate tubopress-animation-slide-up tubopress-animation-delay-50\"><\/p>\n                <p class=\"text-white txt-regular tubopress-animate tubopress-animation-slide-up tubopress-animation-delay-100\"><\/p>\n            <\/div>\n        <\/div>\n    <\/div>\n<\/section>\n\n<section  class=\"section-titolo-testo bg-light\">\n    <div class=\"container\">\n        <h2 class=\"text-center text-primary title-s-regular mb-25 mb-lg-40 tubopress-animate tubopress-animation-slide-up\">\n            Plus de 60 ans dans le domaine de l&#8217;emballage        <\/h2>\n        <div class=\"text-center text-primary txt-regular tubopress-animate tubopress-animation-slide-up tubopress-animation-delay-50\">\n            <div class=\"flex-shrink-0 flex flex-col relative items-end\">\n<div class=\"pt-0\">\n<div class=\"gizmo-bot-avatar flex h-8 w-8 items-center justify-center overflow-hidden rounded-full\">\n<p>Tubopress Italia a environ 60 ans d&rsquo;exp\u00e9rience dans la production d&#8217;emballages en plastique. Au d\u00e9but, l&rsquo;entreprise s&rsquo;est concentr\u00e9e principalement sur la fabrication de flacons en plastique, puis s&rsquo;est davantage orient\u00e9e vers la production de tubes. D\u00e8s les ann\u00e9es 1980, cette derni\u00e8re activit\u00e9 est devenue le c\u0153ur de l&rsquo;entreprise.<\/p>\n<p>Tubopress Italia est alors devenue la seule soci\u00e9t\u00e9 italienne \u00e0 produire des tubes selon le proc\u00e9d\u00e9 d&rsquo;injection-soufflage brevet\u00e9 par l&rsquo;entreprise allemande Ossberger Turbinenfabrik. Cela a men\u00e9 \u00e0 de nombreux succ\u00e8s en Italie et \u00e0 l&rsquo;\u00e9tranger, notamment gr\u00e2ce \u00e0 un partenariat avec la marque fran\u00e7aise Lancaster.<\/p>\n<p>Au d\u00e9but des ann\u00e9es 1990, Tubopress Italia a entam\u00e9 la production de tubes extrud\u00e9s et d\u00e9cor\u00e9s en ligne. Cette innovation a permis d&rsquo;optimiser la production, l&rsquo;organisation, la conception et les investissements, tout en favorisant un environnement de travail bas\u00e9 sur l&rsquo;apprentissage continu, la collaboration, le partage et la responsabilit\u00e9 &#8211; des principes cl\u00e9s pour sa croissance.<\/p>\n<p>&nbsp;<\/p>\n<p><img loading=\"lazy\" decoding=\"async\" class=\"aligncenter wp-image-492\" src=\"https:\/\/tubopress.it\/wp-content\/uploads\/2023\/12\/TubopressHeadStoria-1-300x167.jpg\" alt=\"\" width=\"640\" height=\"356\" srcset=\"https:\/\/tubopress.it\/wp-content\/uploads\/2023\/12\/TubopressHeadStoria-1-300x167.jpg 300w, https:\/\/tubopress.it\/wp-content\/uploads\/2023\/12\/TubopressHeadStoria-1-700x390.jpg 700w, https:\/\/tubopress.it\/wp-content\/uploads\/2023\/12\/TubopressHeadStoria-1-768x428.jpg 768w, https:\/\/tubopress.it\/wp-content\/uploads\/2023\/12\/TubopressHeadStoria-1-701x390.jpg 701w, https:\/\/tubopress.it\/wp-content\/uploads\/2023\/12\/TubopressHeadStoria-1.jpg 970w\" sizes=\"(max-width: 640px) 100vw, 640px\" \/><\/p>\n<\/div>\n<\/div>\n<\/div>\n        <\/div>\n    <\/div>\n<\/section>\n\n<section  class=\"section-titolo-testo bg-white\">\n    <div class=\"container\">\n        <h2 class=\"text-center text-primary title-s-regular mb-25 mb-lg-40 tubopress-animate tubopress-animation-slide-up\">\n            Notre Mission        <\/h2>\n        <div class=\"text-center text-primary txt-regular tubopress-animate tubopress-animation-slide-up tubopress-animation-delay-50\">\n            <p>&nbsp;<\/p>\n<p><strong>Le travail d&rsquo;\u00e9quipe est gagnant, et nous sommes une \u00e9quipe !<\/strong> Selon nous, le travail d&rsquo;\u00e9quipe est gagnant et nous formons une \u00e9quipe soud\u00e9e. Nous avons toujours cru en nos capacit\u00e9s et, avec courage et pers\u00e9v\u00e9rance, nous avons poursuivi nos objectifs. Gr\u00e2ce \u00e0 l&rsquo;enthousiasme de notre g\u00e9n\u00e9ration technologique, \u00e0 la pers\u00e9v\u00e9rance et \u00e0 la d\u00e9termination, nous avons connu nos plus grandes r\u00e9ussites. Nous savons saisir les opportunit\u00e9s qui se pr\u00e9sentent. Pour nous, la chance n&rsquo;est pas un hasard, mais le r\u00e9sultat de la rencontre entre le talent, la t\u00e9nacit\u00e9 et l&rsquo;opportunit\u00e9.<\/p>\n<p>Nous avons choisi un emballage unique et innovant, issu de notre intuition, afin de nous distinguer sur le march\u00e9 et de r\u00e9pondre aux attentes d&rsquo;une client\u00e8le haut de gamme et ambitieuse.<\/p>\n<p><img loading=\"lazy\" decoding=\"async\" class=\"wp-image-8354 size-medium aligncenter\" src=\"https:\/\/tubopress.it\/wp-content\/uploads\/2025\/10\/GP2.2-300x74.png\" alt=\"\" width=\"300\" height=\"74\" srcset=\"https:\/\/tubopress.it\/wp-content\/uploads\/2025\/10\/GP2.2-300x74.png 300w, https:\/\/tubopress.it\/wp-content\/uploads\/2025\/10\/GP2.2-768x190.png 768w, https:\/\/tubopress.it\/wp-content\/uploads\/2025\/10\/GP2.2-700x173.png 700w, https:\/\/tubopress.it\/wp-content\/uploads\/2025\/10\/GP2.2.png 1024w\" sizes=\"(max-width: 300px) 100vw, 300px\" \/><\/p>\n<p><img decoding=\"async\" src=\"https:\/\/tubopress.it\/wp-content\/uploads\/2025\/10\/GP1.2-300x74.png\" \/><\/p>\n        <\/div>\n    <\/div>\n<\/section>\n\n<section  class=\"section-team bg-white position-relative\">\n   <div class=\"container position-relative z-1\">\n        <div class=\"row justify-content-around\">\n                                                <div class=\"col-12 col-lg-4 mt-10 mb-10 mt-lg-0 mb-lg-0\">\n                        <div class=\"mb-20 mb-lg-15 tubopress-animate tubopress-animation-slide-up\">\n                            <img decoding=\"async\" src=\"\" alt=\"\" class=\"img-fluid w-100\">\n                        <\/div>\n                        <div class=\"text-center\">\n                            <p class=\"name txt-regular mb-0 tubopress-animate tubopress-animation-slide-up tubopress-animation-delay-50\"><\/p>\n                            <p class=\"text-secondary txt-bold text-uppercase mb-0 tubopress-animate tubopress-animation-slide-up tubopress-animation-delay-100\"><\/p>\n                        <\/div>\n                    <\/div>\n                                    <div class=\"col-12 col-lg-4 mt-10 mb-10 mt-lg-0 mb-lg-0\">\n                        <div class=\"mb-20 mb-lg-15 tubopress-animate tubopress-animation-slide-up\">\n                            <img decoding=\"async\" src=\"\" alt=\"\" class=\"img-fluid w-100\">\n                        <\/div>\n                        <div class=\"text-center\">\n                            <p class=\"name txt-regular mb-0 tubopress-animate tubopress-animation-slide-up tubopress-animation-delay-50\"><\/p>\n                            <p class=\"text-secondary txt-bold text-uppercase mb-0 tubopress-animate tubopress-animation-slide-up tubopress-animation-delay-100\"><\/p>\n                        <\/div>\n                    <\/div>\n                                    <\/div>\n   <\/div>\n   <div class=\"overlay-color d-none d-lg-block\"><\/div>\n<\/section>\n\n<section  class=\"section-titolo-testo bg-white\">\n    <div class=\"container\">\n        <h2 class=\"text-center text-primary title-s-regular mb-25 mb-lg-40 tubopress-animate tubopress-animation-slide-up\">\n            L&rsquo;Oscar \u2013 Notre chef-d&rsquo;\u0153uvre        <\/h2>\n        <div class=\"text-center text-primary txt-regular tubopress-animate tubopress-animation-slide-up tubopress-animation-delay-50\">\n            <p><strong>Le prix L&rsquo;Oscar italien<\/strong> de l&#8217;emballage a \u00e9t\u00e9 attribu\u00e9 \u00e0 Tubopress en 2000 pour le design innovant du tube Dolce &amp; Gabbana, que de nombreuses grandes marques de cosm\u00e9tiques ont choisi par la suite pour apporter du prestige \u00e0 leurs produits haut de gamme. Il s&rsquo;agit d&rsquo;un tube \u00e0 la fois singulier et \u00e9l\u00e9gant, enti\u00e8rement imprim\u00e9 \u00e0 chaud pour obtenir un effet miroir, avec une capsule m\u00e9tallis\u00e9e. <\/p>\n<p><img loading=\"lazy\" decoding=\"async\" class=\"aligncenter wp-image-1460 size-large\" src=\"https:\/\/tubopress.it\/wp-content\/uploads\/2024\/03\/TubiTotalOffset-1024x475.jpg\" alt=\"\" width=\"640\" height=\"297\" srcset=\"https:\/\/tubopress.it\/wp-content\/uploads\/2024\/03\/TubiTotalOffset-1024x475.jpg 1024w, https:\/\/tubopress.it\/wp-content\/uploads\/2024\/03\/TubiTotalOffset-700x325.jpg 700w, https:\/\/tubopress.it\/wp-content\/uploads\/2024\/03\/TubiTotalOffset-300x139.jpg 300w, https:\/\/tubopress.it\/wp-content\/uploads\/2024\/03\/TubiTotalOffset-768x356.jpg 768w, https:\/\/tubopress.it\/wp-content\/uploads\/2024\/03\/TubiTotalOffset-840x390.jpg 840w, https:\/\/tubopress.it\/wp-content\/uploads\/2024\/03\/TubiTotalOffset.jpg 1200w\" sizes=\"(max-width: 640px) 100vw, 640px\" \/><\/p>\n        <\/div>\n    <\/div>\n<\/section>\n\n<section  class=\"section-text-scroll tubopress-animate tubopress-animation-slide-up bg-white\">\n    <div class=\"marquee-section\">\n        <h2 class=\"marquee title-big-light text-dark\"> Tubopress Italia : plus de 50 ans d&rsquo;excellence dans l&#8217;emballage !<\/h2>\n        <h2 class=\"marquee marquee2 title-big-light text-dark\"> Tubopress Italia : plus de 50 ans d&rsquo;excellence dans l&#8217;emballage !<\/h2>\n    <\/div>\n<\/section>","protected":false},"excerpt":{"rendered":"","protected":false},"author":1,"featured_media":0,"parent":0,"menu_order":0,"comment_status":"closed","ping_status":"closed","template":"","meta":{"footnotes":""},"acf":[],"_links":{"self":[{"href":"https:\/\/tubopress.it\/fr\/wp-json\/wp\/v2\/pages\/4454"}],"collection":[{"href":"https:\/\/tubopress.it\/fr\/wp-json\/wp\/v2\/pages"}],"about":[{"href":"https:\/\/tubopress.it\/fr\/wp-json\/wp\/v2\/types\/page"}],"author":[{"embeddable":true,"href":"https:\/\/tubopress.it\/fr\/wp-json\/wp\/v2\/users\/1"}],"replies":[{"embeddable":true,"href":"https:\/\/tubopress.it\/fr\/wp-json\/wp\/v2\/comments?post=4454"}],"version-history":[{"count":2,"href":"https:\/\/tubopress.it\/fr\/wp-json\/wp\/v2\/pages\/4454\/revisions"}],"predecessor-version":[{"id":8420,"href":"https:\/\/tubopress.it\/fr\/wp-json\/wp\/v2\/pages\/4454\/revisions\/8420"}],"wp:attachment":[{"href":"https:\/\/tubopress.it\/fr\/wp-json\/wp\/v2\/media?parent=4454"}],"curies":[{"name":"wp","href":"https:\/\/api.w.org\/{rel}","templated":true}]}}