{"id":4471,"date":"2023-12-13T09:50:54","date_gmt":"2023-12-13T08:50:54","guid":{"rendered":"https:\/\/lnx.babolapp.com\/durabilite-environnementale\/"},"modified":"2025-03-25T14:19:27","modified_gmt":"2025-03-25T13:19:27","slug":"durabilite-environnementale","status":"publish","type":"page","link":"https:\/\/tubopress.it\/fr\/durabilite-environnementale\/","title":{"rendered":"Durabilit\u00e9 Environnementale"},"content":{"rendered":"<section  class=\"section-hero-slider bg-primary position-relative\">\n    <div class=\"swiper\">\n        <div class=\"swiper-wrapper\">\n                                                <div class=\"swiper-slide\" style=\"background-image: url('https:\/\/tubopress.it\/wp-content\/uploads\/2024\/11\/41-e1732714910132.png');\">\n                        <div class=\"overlay-color d-lg-none\"><\/div>\n                        <div class=\"container\">\n                            <div class=\"row h-100\">\n                                <div class=\"col-12 col-lg-8 text-column h-100 d-flex flex-column justify-content-center\">\n                                    <h1 class=\"title-big-regular text-secondary mt-50 mt-lg-30 mt-xl-0 mb-40 mb-lg-50 tubopress-animation-slide-up tubopress-animate-slider\">Durabilit\u00e9 Environnementale<\/h1>\n                                    <div class=\"txt-normal-regular text-white mb-30 tubopress-animation-slide-up tubopress-animate-slider tubopress-animation-delay-50\"><p style=\"text-align: left;\">Votre partenaire id\u00e9al pour des projets \u00e9cologiques !<\/p>\n<hr>\n<p style=\"text-align: left;\">\u00c0 notre \u00e9chelle, nous progressons vers la transition \u00e9cologique en respectant notre plan\u00e8te. Nous repensons nos m\u00e9thodes de production et de gestion des d\u00e9chets afin de r\u00e9duire notre impact environnemental et de contribuer \u00e0 une \u00e9conomie circulaire, en r\u00e9utilisant les ressources existantes plut\u00f4t que d&rsquo;en consommer de nouvelles.<\/p>\n<p style=\"text-align: left;\">Tubopress Italia propose des solutions d&#8217;emballage \u00e9cologiques pour un avenir plus vert et durable.<\/p>\n<p style=\"text-align: left;\">Si vous souhaitez \u00e9galement prot\u00e9ger notre environnement, essayez nos tubes fabriqu\u00e9s avec des mat\u00e9riaux en plastique recycl\u00e9 (PE Green et P.C.R).<\/p>\n<p style=\"text-align: left;\">\n<\/div>\n                                                                                <p class=\"m-0 tubopress-animation-slide-up tubopress-animate-slider tubopress-animation-delay-100\">\n                                                <a href=\"https:\/\/tubopress.it\/fr\/tubes-2\/\" class=\"btn txt-normal-regular text-center\">\n                                                    D\u00e9couvrez nos produits                                                <\/a>\n                                            <\/p>\n                                                                    <\/div>\n                            <\/div>\n                        <\/div>\n                    <\/div>\n                                    <div class=\"swiper-slide\" style=\"background-image: url('https:\/\/tubopress.it\/wp-content\/uploads\/2025\/03\/image-stone-sigillo-garanzia_no-text.png');\">\n                        <div class=\"overlay-color d-lg-none\"><\/div>\n                        <div class=\"container\">\n                            <div class=\"row h-100\">\n                                <div class=\"col-12 col-lg-8 text-column h-100 d-flex flex-column justify-content-center\">\n                                    <h1 class=\"title-big-regular text-secondary mt-50 mt-lg-30 mt-xl-0 mb-40 mb-lg-50 tubopress-animation-slide-up tubopress-animate-slider\">Capsule<br>Low-Profile <\/h1>\n                                    <div class=\"txt-normal-regular text-white mb-30 tubopress-animation-slide-up tubopress-animate-slider tubopress-animation-delay-50\"><h2>Notre nouveau Slim flip-top<\/h2>\n<p>Avantages:<\/p>\n<ul>\n<li>100 % recyclable ;<\/li>\n<li>Plus l\u00e9g\u00e8re que les capsules traditionnelles ;<\/li>\n<li>Disponible en PP et PE en diam\u00e8tre. 35 -40- 50 mm pour une capacit\u00e9 de 30 \u00e0 300 ml ; <\/li>\n<li>Finition brillante ou mate ;<\/li>\n<li>Orifices disponibles : 1,5 &#8211; 3,0 &#8211; 5,0<\/li>\n<li>Option de sceau de garantie d\u00e9tachable<\/li>\n<\/ul>\n<p>&nbsp;<\/p>\n<p>&nbsp;<\/p>\n<p>&nbsp;<\/p>\n<\/div>\n                                                                                <p class=\"m-0 tubopress-animation-slide-up tubopress-animate-slider tubopress-animation-delay-100\">\n                                                <a href=\"https:\/\/tubopress.it\/fr\/tubes-2\/\" class=\"btn txt-normal-regular text-center\">\n                                                    D\u00e9couvrez nos produits                                                <\/a>\n                                            <\/p>\n                                                                    <\/div>\n                            <\/div>\n                        <\/div>\n                    <\/div>\n                                    <\/div>\n    <\/div>\n    <div class=\"swiper-pagination\"><\/div>\n                <div class=\"slider-progress-bar\"><\/div>\n        <\/section>\n\n<section  class=\"section-testo-immagine-2 bg-white\">\n    <div class=\"container\">\n                <div class=\"row \">\n            <div class=\"col-12 col-lg-6 tubopress-animate tubopress-animation-slide-up\">\n                <img decoding=\"async\" src=\"https:\/\/tubopress.it\/wp-content\/uploads\/2024\/08\/PCR-5-e1726067641723.png\" alt=\"\" class=\"img-fluid\">\n            <\/div>\n            <div class=\"col-12 col-lg-6 text-primary d-flex flex-column justify-content-center\">\n                <h2 class=\"eyelet-medium mb-20 mb-lg-40 mt-20 mt-lg-0 tubopress-animate tubopress-animation-slide-up tubopress-animation-delay-50\">Tubes en P.C.R. (Post-Consumer Recycled)<\/h2>\n                <p class=\"m-0 txt-regular tubopress-animate tubopress-animation-slide-up tubopress-animation-delay-100\">Nos tubes P.C.R. offrent une solution responsable pour r\u00e9duire les d\u00e9chets plastiques destin\u00e9s \u00e0 \u00eatre br\u00fbl\u00e9s ou enterr\u00e9s.\nPourquoi choisir les tubes en P.C.R. ?<br>Les tubes en mat\u00e9riau recycl\u00e9 post-consommation garantissent les m\u00eames standards de qualit\u00e9 et de performance que les tubes traditionnels.<\/p>\n            <\/div>\n        <\/div>\n    <\/div>\n<\/section>\n\n<section  class=\"section-testo-immagine-2 bg-white\">\n    <div class=\"container\">\n                <div class=\"row flex-row-reverse\">\n            <div class=\"col-12 col-lg-6 tubopress-animate tubopress-animation-slide-up\">\n                <img decoding=\"async\" src=\"https:\/\/tubopress.it\/wp-content\/uploads\/2024\/08\/110.png\" alt=\"\" class=\"img-fluid\">\n            <\/div>\n            <div class=\"col-12 col-lg-6 text-primary d-flex flex-column justify-content-center\">\n                <h2 class=\"eyelet-medium mb-20 mb-lg-40 mt-20 mt-lg-0 tubopress-animate tubopress-animation-slide-up tubopress-animation-delay-50\">Tubes en PE Green<\/h2>\n                <p class=\"m-0 txt-regular tubopress-animate tubopress-animation-slide-up tubopress-animation-delay-100\">Les tubes en plastique PE Green, certifi\u00e9s par Braskem \u00ab\u00a0I&rsquo;m Green\u00a0\u00bb, sont fabriqu\u00e9s \u00e0 partir d&rsquo;un biopolym\u00e8re 100 % recyclable issu de la canne \u00e0 sucre, contrairement aux plastiques conventionnels qui sont d\u00e9riv\u00e9s du p\u00e9trole. Ce mat\u00e9riau renouvelable contribue \u00e0 la diminution des \u00e9missions de CO2 durant sa production. Le plastique PE Green peut \u00eatre utilis\u00e9 pour fabriquer divers types de tubes, qu&rsquo;ils soient cylindriques, ovales, pour les l\u00e8vres, les yeux, monocouche ou multicouche (Coex). \n<\/p>\n            <\/div>\n        <\/div>\n    <\/div>\n<\/section>\n\n<section  class=\"section-testo-immagine-2 bg-white\">\n    <div class=\"container\">\n                <div class=\"row \">\n            <div class=\"col-12 col-lg-6 tubopress-animate tubopress-animation-slide-up\">\n                <img decoding=\"async\" src=\"https:\/\/tubopress.it\/wp-content\/uploads\/2024\/08\/Mono-materiale-1.png\" alt=\"\" class=\"img-fluid\">\n            <\/div>\n            <div class=\"col-12 col-lg-6 text-primary d-flex flex-column justify-content-center\">\n                <h2 class=\"eyelet-medium mb-20 mb-lg-40 mt-20 mt-lg-0 tubopress-animate tubopress-animation-slide-up tubopress-animation-delay-50\">Tubes Mono-mat\u00e9riau<\/h2>\n                <p class=\"m-0 txt-regular tubopress-animate tubopress-animation-slide-up tubopress-animation-delay-100\">Nos tubes peuvent \u00eatre fabriqu\u00e9s enti\u00e8rement en poly\u00e9thyl\u00e8ne, tant le tube que le bouchon. \nQuels sont les avantages du mono-mat\u00e9riau ?\n<br><br>\u2022 100 % Recyclables : ces tubes sont facilement recyclables dans les processus de tri.\n<br><br>\u2022 Polyvalence : Disponibles en diam\u00e8tres 40 et 50 mm, couvrant une capacit\u00e9 de 50 \u00e0 300 ml.\n<br><br>\u2022 Haute R\u00e9sistance : Nous garantissons la m\u00eame r\u00e9sistance et protection du produit que celle attendue des tubes traditionnels.<\/p>\n            <\/div>\n        <\/div>\n    <\/div>\n<\/section>\n\n<section  class=\"section-testo-semplice bg-light\">\n    <div class=\"container\">\n        <div class=\"text-primary txt-regular tubopress-animate tubopress-animation-slide-up\">\n                    <\/div>\n                    <\/div>\n<\/section>\n\n<section  class=\"section-cta-download\">\n    <div class=\"container\">\n        <div class=\"row justify-content-center\">\n            <div class=\"col-12 col-lg-9 text-center\">\n                <h2 class=\"text-primary title-xs-regular mb-20 mb-lg-40 tubopress-animate tubopress-animation-slide-up\">Sustainability brochure<\/h2>\n                <a href=\"\" class=\"btn btn-light-green txt-normal-bold tubopress-animate tubopress-animation-slide-up tubopress-animation-delay-50\" target=\"_blank\" download>\n                    T\u00e9l\u00e9charger                <\/a>\n            <\/div>\n        <\/div>\n    <\/div>\n<\/section>\n\n<section  class=\"section-text-scroll tubopress-animate tubopress-animation-slide-up bg-light\">\n    <div class=\"marquee-section\">\n        <h2 class=\"marquee title-big-light text-dark\">TUBOPRESS ITALIA <\/h2>\n        <h2 class=\"marquee marquee2 title-big-light text-dark\">TUBOPRESS ITALIA <\/h2>\n    <\/div>\n<\/section>","protected":false},"excerpt":{"rendered":"","protected":false},"author":1,"featured_media":0,"parent":0,"menu_order":0,"comment_status":"closed","ping_status":"closed","template":"","meta":{"footnotes":""},"acf":[],"_links":{"self":[{"href":"https:\/\/tubopress.it\/fr\/wp-json\/wp\/v2\/pages\/4471"}],"collection":[{"href":"https:\/\/tubopress.it\/fr\/wp-json\/wp\/v2\/pages"}],"about":[{"href":"https:\/\/tubopress.it\/fr\/wp-json\/wp\/v2\/types\/page"}],"author":[{"embeddable":true,"href":"https:\/\/tubopress.it\/fr\/wp-json\/wp\/v2\/users\/1"}],"replies":[{"embeddable":true,"href":"https:\/\/tubopress.it\/fr\/wp-json\/wp\/v2\/comments?post=4471"}],"version-history":[{"count":3,"href":"https:\/\/tubopress.it\/fr\/wp-json\/wp\/v2\/pages\/4471\/revisions"}],"predecessor-version":[{"id":6165,"href":"https:\/\/tubopress.it\/fr\/wp-json\/wp\/v2\/pages\/4471\/revisions\/6165"}],"wp:attachment":[{"href":"https:\/\/tubopress.it\/fr\/wp-json\/wp\/v2\/media?parent=4471"}],"curies":[{"name":"wp","href":"https:\/\/api.w.org\/{rel}","templated":true}]}}