{"id":4488,"date":"2024-07-24T14:41:58","date_gmt":"2024-07-24T12:41:58","guid":{"rendered":"https:\/\/lnx.babolapp.com\/bien-etre-dentreprise\/"},"modified":"2025-03-24T14:45:31","modified_gmt":"2025-03-24T13:45:31","slug":"bien-etre-dentreprise","status":"publish","type":"page","link":"https:\/\/tubopress.it\/fr\/bien-etre-dentreprise\/","title":{"rendered":"Bien-\u00eatre d&rsquo;entreprise"},"content":{"rendered":"<section  class=\"section-hero bg-primary position-relative alta\" style=\"background-image: url(https:\/\/tubopress.it\/wp-content\/uploads\/2024\/07\/welfare-aziendale-1-e1721824990575.webp)\">\n            <div class=\"overlay-color\"><\/div>\n        <div class=\"container h-100\">\n        <div class=\"row h-100 align-items-center\">\n            <div class=\"col-12 z-1\">\n                <h1 class=\"text-white title-big-light tubopress-animate tubopress-animation-slide-up mb-20 text-center \">Bien-\u00eatre d&rsquo;entreprise<\/h1>\n            <\/div>\n            <div class=\"text-info text-center\">\n                <p class=\"text-white txt-regular tubopress-animate tubopress-animation-slide-up tubopress-animation-delay-50\">Nous valorisons le bien-\u00eatre de nos employ\u00e9s !<\/p>\n                <p class=\"text-white txt-regular tubopress-animate tubopress-animation-slide-up tubopress-animation-delay-100\"><\/p>\n            <\/div>\n        <\/div>\n    <\/div>\n<\/section><section  class=\"section-testo-semplice bg-light\">\n    <div class=\"container\">\n        <div class=\"text-primary txt-regular tubopress-animate tubopress-animation-slide-up\">\n            <p style=\"text-align: center;\">Chez TUBOPRESS, nous croyons que le bien-\u00eatre de nos employ\u00e9s est essentiel \u00e0 la r\u00e9ussite de l&rsquo;entreprise. C&rsquo;est pourquoi nous avons mis en place un programme de bien-\u00eatre visant \u00e0 am\u00e9liorer la qualit\u00e9 de vie de nos collaborateurs, tant au travail qu&rsquo;en dehors, en leur offrant des avantages concrets. <\/p>\n<p style=\"text-align: center;\">Chaque ann\u00e9e, nous r\u00e9compensons l&rsquo;engagement et le d\u00e9vouement de nos employ\u00e9s avec un bonus sp\u00e9cial, qu&rsquo;ils peuvent utiliser pour une vari\u00e9t\u00e9 de biens et de services gr\u00e2ce \u00e0 une plateforme d\u00e9di\u00e9e et avec le soutien de notre service des Ressources Humaines.<\/p>\n<p style=\"text-align: center;\">Nous sommes fiers d&rsquo;offrir un environnement de travail qui favorise non seulement le bien-\u00eatre, mais aussi l&rsquo;inclusion et le respect de chacun. Notre programme de bien-\u00eatre t\u00e9moigne de notre engagement envers l&rsquo;am\u00e9lioration continue des conditions de travail et vise \u00e0 apporter une valeur ajout\u00e9e \u00e0 la vie de nos employ\u00e9s, en reconnaissant et en r\u00e9compensant leur pr\u00e9cieuse contribution. <\/p>\n<p>&nbsp;<\/p>\n<p style=\"text-align: center;\"><img loading=\"lazy\" decoding=\"async\" class=\"alignnone wp-image-2691\" src=\"https:\/\/tubopress.it\/wp-content\/uploads\/2024\/07\/TubopressDIPwelfare2-300x300.png\" alt=\"\" width=\"400\" height=\"400\" srcset=\"https:\/\/tubopress.it\/wp-content\/uploads\/2024\/07\/TubopressDIPwelfare2-300x300.png 300w, https:\/\/tubopress.it\/wp-content\/uploads\/2024\/07\/TubopressDIPwelfare2-781x780.png 781w, https:\/\/tubopress.it\/wp-content\/uploads\/2024\/07\/TubopressDIPwelfare2-600x600.png 600w, https:\/\/tubopress.it\/wp-content\/uploads\/2024\/07\/TubopressDIPwelfare2-150x150.png 150w, https:\/\/tubopress.it\/wp-content\/uploads\/2024\/07\/TubopressDIPwelfare2-768x767.png 768w, https:\/\/tubopress.it\/wp-content\/uploads\/2024\/07\/TubopressDIPwelfare2-606x605.png 606w, https:\/\/tubopress.it\/wp-content\/uploads\/2024\/07\/TubopressDIPwelfare2-390x390.png 390w, https:\/\/tubopress.it\/wp-content\/uploads\/2024\/07\/TubopressDIPwelfare2.png 836w\" sizes=\"(max-width: 400px) 100vw, 400px\" \/><\/p>\n        <\/div>\n                    <\/div>\n<\/section>","protected":false},"excerpt":{"rendered":"","protected":false},"author":1,"featured_media":0,"parent":0,"menu_order":0,"comment_status":"closed","ping_status":"closed","template":"","meta":{"footnotes":""},"acf":[],"_links":{"self":[{"href":"https:\/\/tubopress.it\/fr\/wp-json\/wp\/v2\/pages\/4488"}],"collection":[{"href":"https:\/\/tubopress.it\/fr\/wp-json\/wp\/v2\/pages"}],"about":[{"href":"https:\/\/tubopress.it\/fr\/wp-json\/wp\/v2\/types\/page"}],"author":[{"embeddable":true,"href":"https:\/\/tubopress.it\/fr\/wp-json\/wp\/v2\/users\/1"}],"replies":[{"embeddable":true,"href":"https:\/\/tubopress.it\/fr\/wp-json\/wp\/v2\/comments?post=4488"}],"version-history":[{"count":3,"href":"https:\/\/tubopress.it\/fr\/wp-json\/wp\/v2\/pages\/4488\/revisions"}],"predecessor-version":[{"id":5910,"href":"https:\/\/tubopress.it\/fr\/wp-json\/wp\/v2\/pages\/4488\/revisions\/5910"}],"wp:attachment":[{"href":"https:\/\/tubopress.it\/fr\/wp-json\/wp\/v2\/media?parent=4488"}],"curies":[{"name":"wp","href":"https:\/\/api.w.org\/{rel}","templated":true}]}}