{"id":4564,"date":"2024-07-19T11:27:28","date_gmt":"2024-07-19T09:27:28","guid":{"rendered":"https:\/\/lnx.babolapp.com\/code-ethique\/"},"modified":"2025-04-08T09:30:14","modified_gmt":"2025-04-08T07:30:14","slug":"code-ethique","status":"publish","type":"page","link":"https:\/\/tubopress.it\/fr\/code-ethique\/","title":{"rendered":"Code \u00c9thique"},"content":{"rendered":"<section  class=\"section-hero bg-primary position-relative bassa\" style=\"background-image: url()\">\n            <div class=\"overlay-color\"><\/div>\n        <div class=\"container h-100\">\n        <div class=\"row h-100 align-items-center\">\n            <div class=\"col-12 z-1\">\n                <h1 class=\"text-white title-big-light tubopress-animate tubopress-animation-slide-up mb-20 text-center \">Code \u00c9thique<\/h1>\n            <\/div>\n            <div class=\"text-info text-center\">\n                <p class=\"text-white txt-regular tubopress-animate tubopress-animation-slide-up tubopress-animation-delay-50\"><\/p>\n                <p class=\"text-white txt-regular tubopress-animate tubopress-animation-slide-up tubopress-animation-delay-100\"><\/p>\n            <\/div>\n        <\/div>\n    <\/div>\n<\/section>\n\n<section  class=\"section-testo-semplice bg-light\">\n    <div class=\"container\">\n        <div class=\"text-primary txt-regular tubopress-animate tubopress-animation-slide-up\">\n            <p><!-- wp:paragraph --><\/p>\n<h1>1 OBJECTIFS<\/h1>\n<p>&nbsp;<\/p>\n<p>Ce document constitue le Code \u00c9thique de Tubopress Italia S.r.l. et repr\u00e9sente un \u00e9l\u00e9ment essentiel de notre identit\u00e9 d&rsquo;entreprise, orientant les comportements de tous ceux qui \u0153uvrent pour atteindre les objectifs de la Soci\u00e9t\u00e9.<\/p>\n<p>Tubopress Italia S.r.l. (ci-apr\u00e8s \u00ab\u00a0Tubopress\u00a0\u00bb ou \u00ab\u00a0la Soci\u00e9t\u00e9\u00a0\u00bb), \u00e0 travers ce Code \u00c9thique, d\u00e9finit et promeut les valeurs d&rsquo;\u00e9quit\u00e9, de loyaut\u00e9, d&rsquo;int\u00e9grit\u00e9 et de transparence, qui doivent inspirer les comportements de tous les acteurs impliqu\u00e9s dans nos activit\u00e9s.<\/p>\n<p>Notre engagement pour l&rsquo;excellence nous a amen\u00e9s \u00e0 formaliser les principes \u00e9thiques et les r\u00e8gles de conduite qui guident nos actions, afin de respecter les valeurs fondamentales de l&rsquo;\u00e9thique d&rsquo;entreprise. Ce Code \u00c9thique refl\u00e8te notre d\u00e9vouement au respect des lois en vigueur et des principes de l\u00e9galit\u00e9, garantissant ainsi la protection de notre image et de notre r\u00e9putation sur le march\u00e9. <\/p>\n<p>&nbsp;<\/p>\n<h1>2 TUBOPRESS<\/h1>\n<p>Tubopress est une entreprise leader dans la production d&#8217;emballages en plastique pour les industries cosm\u00e9tiques et pharmaceutiques. Chaque \u00e9tape de notre processus de production, de la conception \u00e0 la fabrication, est soigneusement g\u00e9r\u00e9e pour garantir des produits de haute qualit\u00e9 r\u00e9pondant aux besoins de nos clients. <\/p>\n<p>&nbsp;<\/p>\n<h1>3 DISPOSITIONS G\u00c9N\u00c9RALES<\/h1>\n<p>&nbsp;<\/p>\n<h2>3.1 Destinataires et champs d&rsquo;application<\/h2>\n<p>Les r\u00e8gles du pr\u00e9sent Code s&rsquo;appliquent \u00e0 tous les employ\u00e9s de Tubopress ainsi qu&rsquo;\u00e0 ceux qui \u0153uvrent pour atteindre les objectifs de la Soci\u00e9t\u00e9, y compris les actionnaires, les dirigeants, les collaborateurs externes, les consultants, les interm\u00e9diaires, les agents, les sous-traitants, les clients et les fournisseurs. Ces personnes constituent les destinataires du pr\u00e9sent Code (ci-apr\u00e8s les \u00ab\u00a0Destinataires\u00a0\u00bb). <\/p>\n<p>Les Destinataires sont tenus de conna\u00eetre et de respecter le contenu du Code \u00c9thique et de contribuer \u00e0 sa mise en \u0153uvre et \u00e0 sa diffusion. Les r\u00e8gles du Code compl\u00e8tent les comportements pr\u00e9vus par les lois et r\u00e8glements en vigueur ainsi que par les obligations contractuelles. Ce Code est valable tant en Italie qu&rsquo;\u00e0 l&rsquo;\u00e9tranger, en tenant compte des diff\u00e9rences r\u00e9glementaires et culturelles des divers contextes locaux.  <\/p>\n<h2>3.2 Diffusion<\/h2>\n<p>Tubopress s&rsquo;engage \u00e0 diffuser le Code aupr\u00e8s de tous les Destinataires afin qu&rsquo;ils puissent aligner leurs comportements sur ses principes. Le Code est publi\u00e9 sur le site internet de la Soci\u00e9t\u00e9 et est port\u00e9 \u00e0 la connaissance de tous ceux avec qui Tubopress entretient des relations commerciales. La Soci\u00e9t\u00e9 met \u00e0 disposition des outils d&rsquo;information et d&rsquo;\u00e9claircissement concernant l&rsquo;interpr\u00e9tation et la mise en \u0153uvre des r\u00e8gles contenues dans le Code.  <\/p>\n<p>&nbsp;<\/p>\n<p>&nbsp;<\/p>\n<h1>4 PRINCIPES \u00c9THIQUES<\/h1>\n<p>&nbsp;<\/p>\n<p>Les Destinataires du pr\u00e9sent Code doivent respecter les principes \u00e9thiques suivants dans l&rsquo;exercice de leurs activit\u00e9s men\u00e9es dans l&rsquo;int\u00e9r\u00eat ou au b\u00e9n\u00e9fice de la Soci\u00e9t\u00e9.<\/p>\n<h2>4.1 L\u00e9galit\u00e9<\/h2>\n<p>Respecter les lois nationales, communautaires et internationales, ainsi que les dispositions prises par les autorit\u00e9s comp\u00e9tentes.<\/p>\n<h2>4.2 Honn\u00eatet\u00e9, \u00e9quit\u00e9 et lutte contre la corruption<\/h2>\n<p>Adopter une conduite int\u00e8gre et loyale, en respectant les lois en vigueur, le Code \u00c9thique et le syst\u00e8me r\u00e9glementaire de l&rsquo;entreprise. Les pratiques de corruption, faveurs ill\u00e9gitimes et comportements collusifs sont interdits. <\/p>\n<h2>4.3 Impartialit\u00e9<\/h2>\n<p>\u00c9viter les discriminations fond\u00e9es sur l&rsquo;\u00e2ge, le sexe, la sexualit\u00e9, l&rsquo;ethnie, la nationalit\u00e9, les opinions politiques et religieuses.<\/p>\n<h2>4.4 Valeur de la personne<\/h2>\n<p>Promouvoir le respect de la dignit\u00e9 et de la s\u00e9curit\u00e9 de chaque individu, prot\u00e9ger les droits des travailleurs et lutter contre toute forme de discrimination et de harc\u00e8lement.<\/p>\n<h2>4.5 Transparence et exhaustivit\u00e9 des informations<\/h2>\n<p>Fournir des informations pr\u00e9cises, compl\u00e8tes et v\u00e9ridiques dans les communications d&rsquo;entreprise.<\/p>\n<h2>4.6 Confidentialit\u00e9 des informations<\/h2>\n<p>Prot\u00e9ger la confidentialit\u00e9 des informations d&rsquo;entreprise et des informations personnelles, en \u00e9vitant les usages inappropri\u00e9s ou non autoris\u00e9s.<\/p>\n<h2>4.7 Utilisation des ressources informatiques<\/h2>\n<p>Utiliser les ressources informatiques de l&rsquo;entreprise de mani\u00e8re responsable et conforme aux lois et r\u00e8glements de l&rsquo;entreprise.<\/p>\n<h2>4.8 Pr\u00e9vention des conflits d&rsquo;int\u00e9r\u00eats<\/h2>\n<p>\u00c9viter les situations o\u00f9 les int\u00e9r\u00eats personnels pourraient entrer en conflit avec ceux de la Soci\u00e9t\u00e9<\/p>\n<h2>4.9 Protection de la sant\u00e9 et de la s\u00e9curit\u00e9 au travail<\/h2>\n<p>Garantir un environnement de travail s\u00fbr et sain, en respectant les r\u00e9glementations en mati\u00e8re de sant\u00e9 et de s\u00e9curit\u00e9.<\/p>\n<h2>4.10 Protection de l&rsquo;environnement<\/h2>\n<p>Adopter des pratiques durables et respectueuses de l&rsquo;environnement dans toutes les activit\u00e9s de l&rsquo;entreprise.<\/p>\n<h2>4.11 Lutte contre le blanchiment d&rsquo;argent<\/h2>\n<p>Mettre en place des mesures pour pr\u00e9venir et lutter contre le blanchiment d&rsquo;argent et d&rsquo;autres activit\u00e9s illicites.<\/p>\n<h2>4.12 Protection de la concurrence<\/h2>\n<p>Promouvoir une concurrence loyale, en \u00e9vitant les pratiques anticoncurrentielles.<\/p>\n<h2>4.13 Qualit\u00e9<\/h2>\n<p>Poursuivre l&rsquo;excellence dans la production, en garantissant des produits de haute qualit\u00e9 qui r\u00e9pondent aux besoins des clients.<\/p>\n<h2>4.14 Excellence professionnelle<\/h2>\n<p>Promouvoir le d\u00e9veloppement professionnel des employ\u00e9s par une formation continue et des mises \u00e0 jour professionnelles.<\/p>\n<h2>4.15 Responsabilit\u00e9 sociale<\/h2>\n<p>S&rsquo;engager \u00e0 contribuer positivement \u00e0 la communaut\u00e9 et au contexte social dans lequel la Soci\u00e9t\u00e9 op\u00e8re.<\/p>\n<p>&nbsp;<\/p>\n<h1>5 CRIT\u00c8RES DE CONDUITE<\/h1>\n<p>&nbsp;<\/p>\n<h2>5.1 Transparence de l&rsquo;entreprise et contr\u00f4les internes<\/h2>\n<p>Tubopress adopte un syst\u00e8me de contr\u00f4le interne qui garantit la transparence et la l\u00e9gitimit\u00e9 des op\u00e9rations commerciales, promouvant une culture d&rsquo;entreprise bas\u00e9e sur l&rsquo;\u00e9thique et la l\u00e9galit\u00e9.<\/p>\n<h2>5.2 Relations avec les clients<\/h2>\n<p>Tubopress s&rsquo;engage \u00e0 garantir la plus grande satisfaction des clients en offrant des produits de haute qualit\u00e9 et en respectant les engagements contractuels. La Soci\u00e9t\u00e9 adopte des politiques commerciales transparentes et \u00e9quitables, fournissant des informations compl\u00e8tes et v\u00e9ridiques sur ses produits. <\/p>\n<h2>5.3 Relations avec les fournisseurs<\/h2>\n<p>Tubopress s\u00e9lectionne ses fournisseurs sur la base de crit\u00e8res de qualit\u00e9, de fiabilit\u00e9 et d&rsquo;int\u00e9grit\u00e9, en \u00e9tablissant des relations de collaboration fond\u00e9es sur la transparence et le respect mutuel. La Soci\u00e9t\u00e9 demande \u00e0 ses fournisseurs de se conformer aux principes \u00e9thiques du pr\u00e9sent Code. <\/p>\n<h2>5.4 Relations avec les collaborateurs externes<\/h2>\n<p>Tubopress fait appel \u00e0 des collaborateurs externes qui partagent les valeurs \u00e9thiques de la Soci\u00e9t\u00e9, en signant des contrats qui pr\u00e9voient le respect des principes du pr\u00e9sent Code.<\/p>\n<h2>5.5 Relations avec les employ\u00e9s<\/h2>\n<p>Tubopress valorise la contribution de ses employ\u00e9s en promouvant un environnement de travail positif et inclusif, fond\u00e9 sur le respect mutuel, la transparence et le m\u00e9rite. La Soci\u00e9t\u00e9 s&rsquo;engage \u00e0 garantir l&rsquo;\u00e9galit\u00e9 des chances, \u00e0 prot\u00e9ger la sant\u00e9 et la s\u00e9curit\u00e9 des travailleurs, et \u00e0 lutter contre toute forme de discrimination et de harc\u00e8lement. <\/p>\n<h2>5.6 Relations avec les institutions et l&rsquo;administration publique<\/h2>\n<p>Tubopress entretient des relations justes et transparentes avec les institutions et l&rsquo;administration publique, en respectant les r\u00e9glementations en vigueur et en promouvant une conduite \u00e9thique et responsable.<\/p>\n<h2>5.7 Relations avec les partis politiques, les organisations syndicales ou autres<\/h2>\n<p>Tubopress adopte une position de neutralit\u00e9 envers les partis politiques et les organisations syndicales, en respectant la libert\u00e9 d&rsquo;association de ses employ\u00e9s.<\/p>\n<h2>5.8 Relations avec les m\u00e9dias<\/h2>\n<p>Tubopress g\u00e8re ses relations avec les m\u00e9dias de mani\u00e8re transparente et professionnelle, en fournissant des informations pr\u00e9cises et en temps voulu sur les activit\u00e9s de l&rsquo;entreprise.<\/p>\n<h2>5.9 Gestion des cadeaux, parrainages et dons<\/h2>\n<p>Tubopress r\u00e9glemente la gestion des cadeaux, parrainages et dons, en s&rsquo;assurant qu&rsquo;ils sont conformes aux principes de transparence et d&rsquo;\u00e9quit\u00e9, et qu&rsquo;ils ne sont pas utilis\u00e9s pour obtenir des avantages indus.<\/p>\n<p>&nbsp;<\/p>\n<h1>6 SIGNALISATION DES ILL\u00c9GALIT\u00c9S &#8211; CANAUX ET MODALIT\u00c9S<\/h1>\n<p>&nbsp;<\/p>\n<h2>6.1 R\u00e9glementation<\/h2>\n<p>Conform\u00e9ment au d\u00e9cret l\u00e9gislatif 24\/23, la Soci\u00e9t\u00e9 a mis en place plusieurs canaux pour signaler les ill\u00e9galit\u00e9s et les violations des r\u00e8gles internes. <\/p>\n<h2>6.2 Exclusions<\/h2>\n<p>Ne sont pas consid\u00e9r\u00e9es comme des violations signalables :<\/p>\n<ul>\n<li>Les contestations, revendications, demandes li\u00e9es aux relations personnelles du plaignant dans le cadre du travail, telles que : litiges professionnels, r\u00e9clamations salariales, conflits interpersonnels entre le plaignant et d&rsquo;autres personnes travaillant dans le m\u00eame contexte.<\/li>\n<li>Les irr\u00e9gularit\u00e9s dans la gestion ou l&rsquo;organisation des activit\u00e9s de l&rsquo;entreprise.<\/li>\n<li>Les informations non fond\u00e9es et bas\u00e9es sur des rumeurs<\/li>\n<\/ul>\n<p>non soutenues par des preuves documentaires.<\/p>\n<ul>\n<li>Les informations d\u00e9j\u00e0 totalement publiques.<\/li>\n<\/ul>\n<h2>6.3 Canaux internes de signalement pr\u00e9vus par la Soci\u00e9t\u00e9<\/h2>\n<p>La Soci\u00e9t\u00e9 a pr\u00e9vu trois canaux de signalement :<\/p>\n<ol>\n<li>Signalement en ligne via une plateforme d\u00e9di\u00e9e.<\/li>\n<li>Signalement par courrier.<\/li>\n<li>Signalement via une rencontre en personne.<\/li>\n<\/ol>\n<h2>6.4 Canal informatique &#8211; Plateforme d\u00e9di\u00e9e<\/h2>\n<p>La personne signalant peut effectuer un signalement via la <em>plateforme d\u00e9di\u00e9e<\/em>, librement accessible depuis le site Internet de l\u2019institution, en cliquant sur l\u2019\u00e9l\u00e9ment de menu \u00ab <em>Signaler des activit\u00e9s ill\u00e9gales<\/em> \u00bb et en proc\u00e9dant selon les instructions qui y sont fournies.<\/p>\n<p>La connexion \u00e0 la plateforme se fait via le menu \u00ab <em>Signalement d\u2019activit\u00e9s ill\u00e9gales<\/em> \u00bb, sur le site institutionnel de la Soci\u00e9t\u00e9 ou directement au lien suivant :<\/p>\n<p><a href=\"https:\/\/areariservata.mygovernance.it\/#!\/WB\/TUBOPRESS_ITALIA\">https:\/\/areariservata.mygovernance.it\/#!\/WB\/TUBOPRESS_ITALIA<\/a><\/p>\n<p>Pour plus de d\u00e9tails op\u00e9rationnels sur l&rsquo;utilisation de la plateforme, veuillez vous r\u00e9f\u00e9rer au document \u00ab Operational guidelines for the submission of reports \u00bb, disponible sur le site web de l&rsquo;institution.<\/p>\n<h2>6.5 Rapport postal<\/h2>\n<p>Il est possible de faire le signalement en l&rsquo;envoyant par courrier<strong>. <\/strong>Il est recommand\u00e9 d&rsquo;ins\u00e9rer les donn\u00e9es du rapport dans deux enveloppes scell\u00e9es, comprenant, dans la premi\u00e8re, les donn\u00e9es d&rsquo;identification du d\u00e9clarant, ainsi qu&rsquo;une copie d&rsquo;une pi\u00e8ce d&rsquo;identit\u00e9 ; dans le deuxi\u00e8me, l\u2019objet du rapport ; Les deux enveloppes doivent ensuite \u00eatre plac\u00e9es dans une troisi\u00e8me enveloppe portant la mention \u00e0 l&rsquo;ext\u00e9rieur : \u00ab <em>NE PAS OUVRIR<\/em> &#8211; <em>Confidentiel \/ Personnel au responsable hi\u00e9rarchique<\/em> \u00bb et envoy\u00e9es \u00e0 l&rsquo;adresse suivante : <\/p>\n<p>Responsable des ressources humaines<\/p>\n<p>Via Rodolfo Morandi, 66<\/p>\n<p>20054 Segrate MI<\/p>\n<h2>6.6 Rapports lors d&rsquo;une r\u00e9union en personne<\/h2>\n<p>Il est possible pour la personne signalant de demander \u00e0 \u00eatre entendue en personne en envoyant une demande postale \u00e0 l&rsquo;adresse ci-dessus, en indiquant sur la demande \u00ab <em>NE PAS OUVRIR<\/em> &#8211; <em>R\u00e9serv\u00e9 \/ Personnel au responsable signalant<\/em> \u00bb ou en saisissant la demande dans le canal \u00e9lectronique.<\/p>\n<p>Le contenu de la r\u00e9union avec le responsable peut \u00eatre document\u00e9 par ce dernier au moyen d&rsquo;un enregistrement sur un appareil adapt\u00e9 au stockage et \u00e0 l&rsquo;\u00e9coute ou au moyen d&rsquo;un proc\u00e8s-verbal que la personne d\u00e9clarante peut v\u00e9rifier, rectifier et confirmer en signant<\/p>\n<p>&nbsp;<\/p>\n<h1>7 DISPOSITIONS FINALES<\/h1>\n<p>&nbsp;<\/p>\n<h2>7.1 Mise en \u0153uvre et contr\u00f4le<\/h2>\n<p>Tubopress s&rsquo;engage \u00e0 assurer la mise en \u0153uvre et le contr\u00f4le du pr\u00e9sent Code d&rsquo;\u00e9thique en mettant en place une entit\u00e9 interne (\u00ab gestionnaire \u00bb) charg\u00e9e de surveiller son application et de g\u00e9rer les \u00e9ventuels signalements de violations.<\/p>\n<h2>7.2 Violations et cons\u00e9quences des sanctions<\/h2>\n<p>Les violations du pr\u00e9sent Code d\u2019\u00e9thique entra\u00eeneront l\u2019application de sanctions disciplinaires proportionnelles \u00e0 la gravit\u00e9 des infractions, dans le respect des lois et r\u00e8glements de l\u2019entreprise en vigueur.<\/p>\n<h2>7.3 Mises \u00e0 jour<\/h2>\n<p>Tubopress se r\u00e9serve le droit de mettre \u00e0 jour p\u00e9riodiquement ce Code d&rsquo;\u00e9thique afin de l&rsquo;adapter aux \u00e9volutions r\u00e9glementaires et aux besoins de l&rsquo;entreprise.<\/p>\n<p><!-- \/wp:paragraph --><\/p>\n        <\/div>\n                            <div class=\"text-center mt-25 mt-lg-40 tubopress-animate tubopress-animation-slide-up tubopress-animation-delay-50\">\n                <a href=\"https:\/\/tubopress.it\/fr\/code-ethique\/\" class=\"btn btn-light-green txt-s-medium text-decoration-none\">\n                    TELECHARGER                <\/a>\n            <\/div>\n            <\/div>\n<\/section>","protected":false},"excerpt":{"rendered":"","protected":false},"author":1,"featured_media":0,"parent":0,"menu_order":0,"comment_status":"closed","ping_status":"closed","template":"","meta":{"footnotes":""},"acf":[],"_links":{"self":[{"href":"https:\/\/tubopress.it\/fr\/wp-json\/wp\/v2\/pages\/4564"}],"collection":[{"href":"https:\/\/tubopress.it\/fr\/wp-json\/wp\/v2\/pages"}],"about":[{"href":"https:\/\/tubopress.it\/fr\/wp-json\/wp\/v2\/types\/page"}],"author":[{"embeddable":true,"href":"https:\/\/tubopress.it\/fr\/wp-json\/wp\/v2\/users\/1"}],"replies":[{"embeddable":true,"href":"https:\/\/tubopress.it\/fr\/wp-json\/wp\/v2\/comments?post=4564"}],"version-history":[{"count":3,"href":"https:\/\/tubopress.it\/fr\/wp-json\/wp\/v2\/pages\/4564\/revisions"}],"predecessor-version":[{"id":6393,"href":"https:\/\/tubopress.it\/fr\/wp-json\/wp\/v2\/pages\/4564\/revisions\/6393"}],"wp:attachment":[{"href":"https:\/\/tubopress.it\/fr\/wp-json\/wp\/v2\/media?parent=4564"}],"curies":[{"name":"wp","href":"https:\/\/api.w.org\/{rel}","templated":true}]}}