{"id":4582,"date":"2023-12-05T09:29:00","date_gmt":"2023-12-05T08:29:00","guid":{"rendered":"https:\/\/lnx.babolapp.com\/cookie-policy\/"},"modified":"2025-03-25T14:08:59","modified_gmt":"2025-03-25T13:08:59","slug":"cookie-policy","status":"publish","type":"page","link":"https:\/\/tubopress.it\/fr\/cookie-policy\/","title":{"rendered":"Politique relative aux cookies"},"content":{"rendered":"<section  class=\"section-hero bg-primary position-relative bassa\" style=\"background-image: url()\">\n            <div class=\"overlay-color\"><\/div>\n        <div class=\"container h-100\">\n        <div class=\"row h-100 align-items-center\">\n            <div class=\"col-12 z-1\">\n                <h1 class=\"text-white title-big-light tubopress-animate tubopress-animation-slide-up mb-20 text-center \">Politique relative aux cookies<\/h1>\n            <\/div>\n            <div class=\"text-info text-center\">\n                <p class=\"text-white txt-regular tubopress-animate tubopress-animation-slide-up tubopress-animation-delay-50\"><\/p>\n                <p class=\"text-white txt-regular tubopress-animate tubopress-animation-slide-up tubopress-animation-delay-100\"><\/p>\n            <\/div>\n        <\/div>\n    <\/div>\n<\/section>\n\n<section  class=\"section-testo-semplice bg-white\">\n    <div class=\"container\">\n        <div class=\"text-primary txt-regular tubopress-animate tubopress-animation-slide-up\">\n            <p>La pr\u00e9sente politique vise \u00e0 d\u00e9crire de mani\u00e8re claire et transparente les types de cookies utilis\u00e9s par le site internet <a href=\"http:\/\/www.tubopress.it\">www.tubopress.it<\/a>, ainsi qu\u2019\u00e0 expliquer et d\u00e9finir ceux \u00e9ventuellement utilis\u00e9s par des tiers impliqu\u00e9s dans le traitement des donn\u00e9es personnelles des utilisateurs qui consultent ce site internet et utilisent les services propos\u00e9s.<\/p>\n<h5>QU&rsquo;EST-CE QUE LES COOKIES ?<\/h5>\n<p>Les cookies sont de petits fichiers enregistr\u00e9s sur votre ordinateur (ou autres dispositifs permettant la navigation sur internet, tels que les smartphones ou tablettes) par le navigateur utilis\u00e9 pour naviguer (comme Firefox, Chrome, Internet Explorer, etc.).<\/p>\n<h5>POURQUOI UTILISE-T-ON DES COOKIES ?<\/h5>\n<p>La majorit\u00e9 des sites web utilise un ou plusieurs cookies pour m\u00e9moriser divers types d&rsquo;informations. Ces informations peuvent \u00eatre essentielles pour l&rsquo;utilisation du site (par exemple, pour un site e-commerce, un cookie peut servir \u00e0 m\u00e9moriser les articles pr\u00e9sents dans le panier) ou peuvent \u00eatre destin\u00e9es \u00e0 profiler l&rsquo;utilisateur (par exemple, pour effectuer des op\u00e9rations de remarketing ou de reciblage).<\/p>\n<h5>QUEL TYPE DE COOKIES EST UTILIS\u00c9 SUR CE SITE ?<\/h5>\n<p>Le site <a href=\"http:\/\/www.tubopress.it\/\">www.tubopress.it<\/a> utilise des cookies techniques ou de session strictement n\u00e9cessaires \u00e0 l&rsquo;utilisation du site par les utilisateurs, il utilise des cookies tiers (en particulier des cookies Google) tandis qu&rsquo;il n&rsquo;utilise pas de cookies pour le remarketing ou pour profiler l&rsquo;utilisateur.<\/p>\n<p>Nous vous rappelons que les cookies techniques sont ceux utilis\u00e9s dans le seul but de \u00ab r\u00e9aliser la transmission d&rsquo;une communication sur un r\u00e9seau de communications \u00e9lectroniques, ou dans la mesure strictement n\u00e9cessaire au fournisseur d&rsquo;un service de la soci\u00e9t\u00e9 de l&rsquo;information explicitement demand\u00e9 par l&rsquo;abonn\u00e9 ou l&rsquo;utilisateur pour fournir ce service \u00bb (voir art. 122, paragraphe 1, du Code). Ils ne sont pas utilis\u00e9s \u00e0 d&rsquo;autres fins et sont normalement install\u00e9s directement par le propri\u00e9taire ou le gestionnaire du site Web. L&rsquo;installation de ces cookies ne n\u00e9cessite pas le consentement pr\u00e9alable des utilisateurs.  <\/p>\n<p>Tous les cookies autres que ceux techniques indiqu\u00e9s ci-dessus ne sont install\u00e9s ou activ\u00e9s qu&rsquo;apr\u00e8s le consentement expr\u00e8s de l&rsquo;utilisateur lors de sa premi\u00e8re visite sur le site. Le consentement peut \u00eatre exprim\u00e9 de mani\u00e8re g\u00e9n\u00e9rale, en interagissant avec la br\u00e8ve banni\u00e8re d&rsquo;information sur la page d&rsquo;accueil du site, selon les modalit\u00e9s indiqu\u00e9es dans cette banni\u00e8re (en cliquant sur le bouton ACCEPTER ; ou en poursuivant la navigation) ; ou elle peut \u00eatre fournie ou refus\u00e9e de mani\u00e8re s\u00e9lective, selon les m\u00e9thodes indiqu\u00e9es ci-dessous. Ce consentement est suivi lors des visites ult\u00e9rieures. Toutefois, l&rsquo;utilisateur a toujours la possibilit\u00e9 de r\u00e9voquer en tout ou en partie le consentement d\u00e9j\u00e0 exprim\u00e9.   <\/p>\n<ol>\n<li>Cookies de profilage publicitaire g\u00e9r\u00e9s directement par le propri\u00e9taire du site : aucun cookie de ce type n&rsquo;est utilis\u00e9.<\/li>\n<li>Cookies g\u00e9r\u00e9s par des tiers : des cookies tiers sont utilis\u00e9s, notamment ceux de Google, pour lesquels il est recommand\u00e9 de consulter la politique de Google disponible ici : <a href=\"https:\/\/policies.google.com\/technologies\/%20cookies?hl=it\">https:\/\/policies.google.com\/technologies\/ cookies?hl=it<\/a><\/li>\n<\/ol>\n<p>Comment d\u00e9sactiver les cookies via les param\u00e8tres du navigateur<\/p>\n<p>Veuillez noter que la d\u00e9sactivation des cookies techniques par l&rsquo;utilisateur pourrait r\u00e9duire ou rendre indisponibles les fonctionnalit\u00e9s du Site.<\/p>\n<p>Vous trouverez ci-dessous des liens expliquant comment d\u00e9sactiver les cookies pour les navigateurs les plus populaires (pour les autres navigateurs que vous pourriez utiliser, nous vous sugg\u00e9rons de rechercher cette option dans l&rsquo;aide du logiciel).<\/p>\n<p><strong>Internet Explorer<\/strong>: <a href=\"https:\/\/support.microsoft.com\/it-it\/help\/17442\/windows-internet-explorer-delete-manage-cookies\">https:\/\/support.microsoft.com\/it-it\/help\/17442\/windows-internet-explorer-delete-manage-cookies <\/a> <\/p>\n<p><strong>Google Chrome<\/strong>: <a href=\"https:\/\/support.google.com\/chrome\/answer\/95647?hl=it\">https:\/\/support.google.com\/chrome\/answer\/95647?hl=it<\/a><\/p>\n<p><strong>Mozilla Firefox<\/strong>: <a href=\"https:\/\/support.mozilla.org\/it\/kb\/Gestione%20dei%20cookie\">https:\/\/support.mozilla.org\/it\/kb\/Gestione%20dei%20cookie <\/a> <\/p>\n<p><strong>Opera<\/strong>: <a href=\"http:\/\/help.opera.com\/Windows\/10.00\/it\/cookies.html\">http:\/\/help.opera.com\/Windows\/10.00\/it\/cookies.html<\/a><\/p>\n<p><strong>Apple Safari<\/strong>: <a href=\"https:\/\/support.apple.com\/kb\/PH19214?locale=it_IT\">https:\/\/support.apple.com\/kb\/PH19214?locale=it_IT <\/a> <\/p>\n<p>&nbsp;<\/p>\n<p>Rev. 1\/2018 du 24 mai 2018<\/p>\n<p>&nbsp;<\/p>\n<p>TUBOPRESS ITALIA S.R.L. &#8211; VIA MORANDI, 66 &#8211; 20054 SEGRATE (MI) ITALY &#8211; C.FISC\/P.IVA 08264270151<\/p>\n        <\/div>\n                    <\/div>\n<\/section>","protected":false},"excerpt":{"rendered":"","protected":false},"author":1,"featured_media":0,"parent":0,"menu_order":0,"comment_status":"closed","ping_status":"closed","template":"","meta":{"footnotes":""},"acf":[],"_links":{"self":[{"href":"https:\/\/tubopress.it\/fr\/wp-json\/wp\/v2\/pages\/4582"}],"collection":[{"href":"https:\/\/tubopress.it\/fr\/wp-json\/wp\/v2\/pages"}],"about":[{"href":"https:\/\/tubopress.it\/fr\/wp-json\/wp\/v2\/types\/page"}],"author":[{"embeddable":true,"href":"https:\/\/tubopress.it\/fr\/wp-json\/wp\/v2\/users\/1"}],"replies":[{"embeddable":true,"href":"https:\/\/tubopress.it\/fr\/wp-json\/wp\/v2\/comments?post=4582"}],"version-history":[{"count":2,"href":"https:\/\/tubopress.it\/fr\/wp-json\/wp\/v2\/pages\/4582\/revisions"}],"predecessor-version":[{"id":6163,"href":"https:\/\/tubopress.it\/fr\/wp-json\/wp\/v2\/pages\/4582\/revisions\/6163"}],"wp:attachment":[{"href":"https:\/\/tubopress.it\/fr\/wp-json\/wp\/v2\/media?parent=4582"}],"curies":[{"name":"wp","href":"https:\/\/api.w.org\/{rel}","templated":true}]}}