{"id":4588,"date":"2023-12-15T09:46:34","date_gmt":"2023-12-15T08:46:34","guid":{"rendered":"https:\/\/lnx.babolapp.com\/notre-mission\/"},"modified":"2025-08-26T17:29:38","modified_gmt":"2025-08-26T15:29:38","slug":"notre-mission","status":"publish","type":"page","link":"https:\/\/tubopress.it\/fr\/notre-mission\/","title":{"rendered":"Notre Mission"},"content":{"rendered":"<section  class=\"section-hero bg-primary position-relative alta\" style=\"background-image: url(https:\/\/tubopress.it\/wp-content\/uploads\/2024\/01\/mission-hero.jpg)\">\n            <div class=\"overlay-color\"><\/div>\n        <div class=\"container h-100\">\n        <div class=\"row h-100 align-items-center\">\n            <div class=\"col-12 z-1\">\n                <h1 class=\"text-white title-big-light tubopress-animate tubopress-animation-slide-up mb-20 text-center \">Notre Mission<\/h1>\n            <\/div>\n            <div class=\"text-info text-center\">\n                <p class=\"text-white txt-regular tubopress-animate tubopress-animation-slide-up tubopress-animation-delay-50\">Notre point de vue ?<\/p>\n                <p class=\"text-white txt-regular tubopress-animate tubopress-animation-slide-up tubopress-animation-delay-100\">Le travail d&rsquo;\u00e9quipe est gagnant, et nous sommes une \u00e9quipe !<\/p>\n            <\/div>\n        <\/div>\n    <\/div>\n<\/section>\n\n<section  class=\"section-titolo-testo bg-white\">\n    <div class=\"container\">\n        <h2 class=\"text-center text-primary title-s-regular mb-25 mb-lg-40 tubopress-animate tubopress-animation-slide-up\">\n            Notre Mission        <\/h2>\n        <div class=\"text-center text-primary txt-regular tubopress-animate tubopress-animation-slide-up tubopress-animation-delay-50\">\n            <p style=\"text-align: center;\">Les acteurs cl\u00e9s de la \u00ab mission \u00bb de Tubopress Italia sont <strong>Galileo Pellegrini<\/strong>, qui a obtenu son dipl\u00f4me d&rsquo;ing\u00e9nieur \u00e9lectronique au Politecnico di Milano en 1992, et <strong>Giovanna Pellegrini<\/strong>, dipl\u00f4m\u00e9e en interpr\u00e9tation et traduction de l&rsquo;\u00c9cole Sup\u00e9rieure \u00ab Silvio Pellico \u00bb de Milan en 1989 et titulaire d&rsquo;une licence en langues et litt\u00e9ratures \u00e9trang\u00e8res de l&rsquo;Universit\u00e9 IULM de Milan en 1992.<\/p>\n<p style=\"text-align: center;\">Notre point de vue ? <strong>Le travail d&rsquo;\u00e9quipe est gagnant, et nous sommes une \u00e9quipe !<\/strong> Selon nous, le travail d&rsquo;\u00e9quipe est gagnant et nous formons une \u00e9quipe soud\u00e9e. Nous avons toujours cru en nos capacit\u00e9s et, avec courage et pers\u00e9v\u00e9rance, nous avons poursuivi nos objectifs. Gr\u00e2ce \u00e0 l&rsquo;enthousiasme de notre g\u00e9n\u00e9ration technologique, \u00e0 la pers\u00e9v\u00e9rance et \u00e0 la d\u00e9termination, nous avons connu nos plus grandes r\u00e9ussites. Nous savons saisir les opportunit\u00e9s qui se pr\u00e9sentent. Pour nous, la chance n&rsquo;est pas un hasard, mais le r\u00e9sultat de la rencontre entre le talent, la t\u00e9nacit\u00e9 et l&rsquo;opportunit\u00e9.   <\/p>\n<p style=\"text-align: center;\">Nous avons choisi un emballage unique et innovant, issu de notre intuition, afin de nous distinguer sur le march\u00e9 et de r\u00e9pondre aux attentes d&rsquo;une client\u00e8le haut de gamme et ambitieuse.<\/p>\n        <\/div>\n    <\/div>\n<\/section>\n\n<section  class=\"section-team bg-white position-relative\">\n   <div class=\"container position-relative z-1\">\n        <div class=\"row justify-content-around\">\n                                                <div class=\"col-12 col-lg-4 mt-10 mb-10 mt-lg-0 mb-lg-0\">\n                        <div class=\"mb-20 mb-lg-15 tubopress-animate tubopress-animation-slide-up\">\n                            <img decoding=\"async\" src=\"\" alt=\"\" class=\"img-fluid w-100\">\n                        <\/div>\n                        <div class=\"text-center\">\n                            <p class=\"name txt-regular mb-0 tubopress-animate tubopress-animation-slide-up tubopress-animation-delay-50\"><\/p>\n                            <p class=\"text-secondary txt-bold text-uppercase mb-0 tubopress-animate tubopress-animation-slide-up tubopress-animation-delay-100\"><\/p>\n                        <\/div>\n                    <\/div>\n                                    <div class=\"col-12 col-lg-4 mt-10 mb-10 mt-lg-0 mb-lg-0\">\n                        <div class=\"mb-20 mb-lg-15 tubopress-animate tubopress-animation-slide-up\">\n                            <img decoding=\"async\" src=\"\" alt=\"\" class=\"img-fluid w-100\">\n                        <\/div>\n                        <div class=\"text-center\">\n                            <p class=\"name txt-regular mb-0 tubopress-animate tubopress-animation-slide-up tubopress-animation-delay-50\"><\/p>\n                            <p class=\"text-secondary txt-bold text-uppercase mb-0 tubopress-animate tubopress-animation-slide-up tubopress-animation-delay-100\"><\/p>\n                        <\/div>\n                    <\/div>\n                                    <\/div>\n   <\/div>\n   <div class=\"overlay-color d-none d-lg-block\"><\/div>\n<\/section>\n\n<section  class=\"section-numeri bg-secondary\">\n    <div class=\"container\">\n        <div class=\"row\">\n            <div class=\"col-12 col-lg-6\">\n                <h2 class=\"text-white mb-20 mb-lg-50 title-s-regular tubopress-animate tubopress-animation-slide-up\">Domaines d&rsquo;expertise<\/h2>\n                                                            <p class=\"text-white mb-5 mb-lg-15 title-xs-regular tubopress-animate tubopress-animation-slide-up tubopress-animation-delay-50\">Cosmetics<\/p>\n                                            <p class=\"text-white mb-5 mb-lg-15 title-xs-regular tubopress-animate tubopress-animation-slide-up tubopress-animation-delay-50\">Perfumery<\/p>\n                                            <p class=\"text-white mb-5 mb-lg-15 title-xs-regular tubopress-animate tubopress-animation-slide-up tubopress-animation-delay-50\">Herbalist<\/p>\n                                            <p class=\"text-white mb-5 mb-lg-15 title-xs-regular tubopress-animate tubopress-animation-slide-up tubopress-animation-delay-50\">Pharma<\/p>\n                                            <p class=\"text-white mb-5 mb-lg-15 title-xs-regular tubopress-animate tubopress-animation-slide-up tubopress-animation-delay-50\">Chemicals<\/p>\n                                                <\/div>\n            <div class=\"col-12 col-lg-6 text-center d-flex flex-column justify-content-between\">\n                                                           <div class=\"text-white mt-30 mt-lg-0\">\n                            <span class=\"font-number tubopress-animate tubopress-animation-slide-up tubopress-animation-delay-100\">+<\/span>\n                            <span class=\"font-number number number-count tubopress-animate tubopress-animation-slide-up tubopress-animation-delay-100\" data-target-value=\"60\">0<\/span>\n                            <span class=\"font-number tubopress-animate tubopress-animation-slide-up tubopress-animation-delay-100\"><\/span>\n                            <p class=\"eyelet-regular tubopress-animate tubopress-animation-slide-up tubopress-animation-delay-150\">ann\u00e9es d&rsquo;exp\u00e9rience<\/p>\n                       <\/div>\n                                           <div class=\"text-white mt-30 mt-lg-0\">\n                            <span class=\"font-number tubopress-animate tubopress-animation-slide-up tubopress-animation-delay-100\">+<\/span>\n                            <span class=\"font-number number number-count tubopress-animate tubopress-animation-slide-up tubopress-animation-delay-100\" data-target-value=\"40\">0<\/span>\n                            <span class=\"font-number tubopress-animate tubopress-animation-slide-up tubopress-animation-delay-100\">M<\/span>\n                            <p class=\"eyelet-regular tubopress-animate tubopress-animation-slide-up tubopress-animation-delay-150\">tubes produits ann\u00e9es<\/p>\n                       <\/div>\n                                                <\/div>\n        <\/div>\n    <\/div>\n<\/section>\n\n<section  class=\"section-immagini bg-white position-relative\">\n    <div class=\"container position-relative z-1\">\n        <div class=\"row gx-xxl-40\">\n                                                                                            <div class=\"col-12  col-lg-6 mb-25 tubopress-animate tubopress-animation-slide-up tubopress-animation-delay-100\">\n                        <a class=\"zoom-img\" data-gall=\"gallery-block-immagini-de658fae66492aa51f36\" href=\"https:\/\/tubopress.it\/wp-content\/uploads\/2024\/01\/img-33.jpg\">\n                            <img decoding=\"async\" src=\"https:\/\/tubopress.it\/wp-content\/uploads\/2024\/01\/img-33-1327x780.jpg\" class=\"img-fluid\">\n                        <\/a>  \n                    <\/div>\n\n                                                        <div class=\"col-12  col-lg-6 mb-25 tubopress-animate tubopress-animation-slide-up tubopress-animation-delay-150\">\n                        <a class=\"zoom-img\" data-gall=\"gallery-block-immagini-de658fae66492aa51f36\" href=\"https:\/\/tubopress.it\/wp-content\/uploads\/2024\/01\/Image-55.jpg\">\n                            <img decoding=\"async\" src=\"https:\/\/tubopress.it\/wp-content\/uploads\/2024\/01\/Image-55-648x390.jpg\" class=\"img-fluid\">\n                        <\/a>  \n                    <\/div>\n\n                                                        <div class=\"col-12  col-lg-4 mb-25 tubopress-animate tubopress-animation-slide-up tubopress-animation-delay-200\">\n                        <a class=\"zoom-img\" data-gall=\"gallery-block-immagini-de658fae66492aa51f36\" href=\"https:\/\/tubopress.it\/wp-content\/uploads\/2024\/01\/Image-1.jpg\">\n                            <img decoding=\"async\" src=\"https:\/\/tubopress.it\/wp-content\/uploads\/2024\/01\/Image-1-841x780.jpg\" class=\"img-fluid\">\n                        <\/a>  \n                    <\/div>\n\n                                                        <div class=\"col-12  col-lg-8 mb-25 tubopress-animate tubopress-animation-slide-up tubopress-animation-delay-250\">\n                        <a class=\"zoom-img\" data-gall=\"gallery-block-immagini-de658fae66492aa51f36\" href=\"https:\/\/tubopress.it\/wp-content\/uploads\/2024\/01\/img11.jpg\">\n                            <img decoding=\"async\" src=\"https:\/\/tubopress.it\/wp-content\/uploads\/2024\/01\/img11-872x390.jpg\" class=\"img-fluid\">\n                        <\/a>  \n                    <\/div>\n\n                                                        <div class=\"col-12  col-lg-6 mb-25 tubopress-animate tubopress-animation-slide-up tubopress-animation-delay-300\">\n                        <a class=\"zoom-img\" data-gall=\"gallery-block-immagini-de658fae66492aa51f36\" href=\"https:\/\/tubopress.it\/wp-content\/uploads\/2024\/01\/img-3-2.jpg\">\n                            <img decoding=\"async\" src=\"https:\/\/tubopress.it\/wp-content\/uploads\/2024\/01\/img-3-2-1328x780.jpg\" class=\"img-fluid\">\n                        <\/a>  \n                    <\/div>\n\n                                                        <div class=\"col-12  col-lg-6 mb-25 tubopress-animate tubopress-animation-slide-up tubopress-animation-delay-350\">\n                        <a class=\"zoom-img\" data-gall=\"gallery-block-immagini-de658fae66492aa51f36\" href=\"https:\/\/tubopress.it\/wp-content\/uploads\/2024\/01\/img-3-3.jpg\">\n                            <img decoding=\"async\" src=\"https:\/\/tubopress.it\/wp-content\/uploads\/2024\/01\/img-3-3-1328x780.jpg\" class=\"img-fluid\">\n                        <\/a>  \n                    <\/div>\n\n                                    <\/div>\n    <\/div>\n    <div class=\"overlay-color d-none d-lg-block\"><\/div>\n<\/section>\n\n<section  class=\"section-brand-partners\">\n    <div class=\"container tubopress-animate tubopress-animation-slide-up\">\n        <h2 class=\"text-primary title-xs-regular mb-20\">\n            Nous travaillons avec passion pour:        <\/h2>\n        <div class=\"swiper swiper-desktop d-none d-lg-block\">\n            <div class=\"swiper-wrapper\">\n                                                            <div class=\"swiper-slide\">\n                            <img decoding=\"async\" src=\"https:\/\/tubopress.it\/wp-content\/uploads\/2024\/10\/Versace.png\" alt=\"\" class=\"img-fluid\">\n                        <\/div>\n                                            <div class=\"swiper-slide\">\n                            <img decoding=\"async\" src=\"https:\/\/tubopress.it\/wp-content\/uploads\/2024\/10\/Augustinus-Bader.png\" alt=\"\" class=\"img-fluid\">\n                        <\/div>\n                                            <div class=\"swiper-slide\">\n                            <img decoding=\"async\" src=\"https:\/\/tubopress.it\/wp-content\/uploads\/2024\/10\/Collistar.png\" alt=\"\" class=\"img-fluid\">\n                        <\/div>\n                                            <div class=\"swiper-slide\">\n                            <img decoding=\"async\" src=\"https:\/\/tubopress.it\/wp-content\/uploads\/2024\/10\/Erbolario.png\" alt=\"\" class=\"img-fluid\">\n                        <\/div>\n                                            <div class=\"swiper-slide\">\n                            <img decoding=\"async\" src=\"https:\/\/tubopress.it\/wp-content\/uploads\/2024\/10\/Michael-Kors.png\" alt=\"\" class=\"img-fluid\">\n                        <\/div>\n                                            <div class=\"swiper-slide\">\n                            <img decoding=\"async\" src=\"https:\/\/tubopress.it\/wp-content\/uploads\/2024\/10\/Channoine.png\" alt=\"\" class=\"img-fluid\">\n                        <\/div>\n                                            <div class=\"swiper-slide\">\n                            <img decoding=\"async\" src=\"https:\/\/tubopress.it\/wp-content\/uploads\/2024\/10\/Moschino.png\" alt=\"\" class=\"img-fluid\">\n                        <\/div>\n                                            <div class=\"swiper-slide\">\n                            <img decoding=\"async\" src=\"https:\/\/tubopress.it\/wp-content\/uploads\/2024\/10\/LR.png\" alt=\"\" class=\"img-fluid\">\n                        <\/div>\n                                            <div class=\"swiper-slide\">\n                            <img decoding=\"async\" src=\"https:\/\/tubopress.it\/wp-content\/uploads\/2024\/10\/Guam.png\" alt=\"\" class=\"img-fluid\">\n                        <\/div>\n                                                <\/div>\n       <\/div>\n    <\/div>\n    <div class=\"swiper swiper-mobile d-block d-lg-none\">\n        <div class=\"swiper-wrapper\">\n                                                <div class=\"swiper-slide\">\n                        <img decoding=\"async\" src=\"https:\/\/tubopress.it\/wp-content\/uploads\/2024\/10\/Versace.png\" alt=\"\" class=\"img-fluid\">\n                    <\/div>\n                                    <div class=\"swiper-slide\">\n                        <img decoding=\"async\" src=\"https:\/\/tubopress.it\/wp-content\/uploads\/2024\/10\/Augustinus-Bader.png\" alt=\"\" class=\"img-fluid\">\n                    <\/div>\n                                    <div class=\"swiper-slide\">\n                        <img decoding=\"async\" src=\"https:\/\/tubopress.it\/wp-content\/uploads\/2024\/10\/Collistar.png\" alt=\"\" class=\"img-fluid\">\n                    <\/div>\n                                    <div class=\"swiper-slide\">\n                        <img decoding=\"async\" src=\"https:\/\/tubopress.it\/wp-content\/uploads\/2024\/10\/Erbolario.png\" alt=\"\" class=\"img-fluid\">\n                    <\/div>\n                                    <div class=\"swiper-slide\">\n                        <img decoding=\"async\" src=\"https:\/\/tubopress.it\/wp-content\/uploads\/2024\/10\/Michael-Kors.png\" alt=\"\" class=\"img-fluid\">\n                    <\/div>\n                                    <div class=\"swiper-slide\">\n                        <img decoding=\"async\" src=\"https:\/\/tubopress.it\/wp-content\/uploads\/2024\/10\/Channoine.png\" alt=\"\" class=\"img-fluid\">\n                    <\/div>\n                                    <div class=\"swiper-slide\">\n                        <img decoding=\"async\" src=\"https:\/\/tubopress.it\/wp-content\/uploads\/2024\/10\/Moschino.png\" alt=\"\" class=\"img-fluid\">\n                    <\/div>\n                                    <div class=\"swiper-slide\">\n                        <img decoding=\"async\" src=\"https:\/\/tubopress.it\/wp-content\/uploads\/2024\/10\/LR.png\" alt=\"\" class=\"img-fluid\">\n                    <\/div>\n                                    <div class=\"swiper-slide\">\n                        <img decoding=\"async\" src=\"https:\/\/tubopress.it\/wp-content\/uploads\/2024\/10\/Guam.png\" alt=\"\" class=\"img-fluid\">\n                    <\/div>\n                                    <\/div>\n    <\/div>\n<\/section>\n\n<section  class=\"section-contact\">\n    <div class=\"container\">\n        <h2 class=\"text-primary title-light mb-40 mb-lg-60 tubopress-animate tubopress-animation-slide-up\">\n            Contacts        <\/h2>\n        <div class=\"tubopress-animate tubopress-animation-slide-up tubopress-animation-delay-50\">\n            \n<div class=\"wpcf7 no-js\" id=\"wpcf7-f5711-o1\" lang=\"fr-FR\" dir=\"ltr\">\n<div class=\"screen-reader-response\"><p role=\"status\" aria-live=\"polite\" aria-atomic=\"true\"><\/p> <ul><\/ul><\/div>\n<form action=\"\/fr\/wp-json\/wp\/v2\/pages\/4588#wpcf7-f5711-o1\" method=\"post\" class=\"wpcf7-form init\" aria-label=\"Formulaire de contact\" novalidate=\"novalidate\" data-status=\"init\">\n<div style=\"display: none;\">\n<input type=\"hidden\" name=\"_wpcf7\" value=\"5711\" \/>\n<input type=\"hidden\" name=\"_wpcf7_version\" value=\"5.8.5\" \/>\n<input type=\"hidden\" name=\"_wpcf7_locale\" value=\"fr_FR\" \/>\n<input type=\"hidden\" name=\"_wpcf7_unit_tag\" value=\"wpcf7-f5711-o1\" \/>\n<input type=\"hidden\" name=\"_wpcf7_container_post\" value=\"0\" \/>\n<input type=\"hidden\" name=\"_wpcf7_posted_data_hash\" value=\"\" \/>\n<\/div>\n<div class=\"row contact-form\">\n\t<div class=\"col-12 col-lg-6 mb-lg-20\">\n\t\t<p><span class=\"wpcf7-form-control-wrap\" data-name=\"your-name\"><input size=\"40\" class=\"wpcf7-form-control wpcf7-text wpcf7-validates-as-required form-control text-primary txt-m-regular\" aria-required=\"true\" aria-invalid=\"false\" placeholder=\"Nom*\" value=\"\" type=\"text\" name=\"your-name\" \/><\/span>\n\t\t<\/p>\n\t<\/div>\n\t<div class=\"col-12 col-lg-6\" mb-lg-20=\"\">\n\t\t<p><span class=\"wpcf7-form-control-wrap\" data-name=\"your-surname\"><input size=\"40\" class=\"wpcf7-form-control wpcf7-text wpcf7-validates-as-required form-control text-primary txt-m-regular\" aria-required=\"true\" aria-invalid=\"false\" placeholder=\"Nom de famille*\" value=\"\" type=\"text\" name=\"your-surname\" \/><\/span>\n\t\t<\/p>\n\t<\/div>\n\t<div class=\"col-12 col-lg-6 mb-lg-20\">\n\t\t<p><span class=\"wpcf7-form-control-wrap\" data-name=\"your-email\"><input size=\"40\" class=\"wpcf7-form-control wpcf7-email wpcf7-validates-as-required wpcf7-text wpcf7-validates-as-email form-control text-primary txt-m-regular\" aria-required=\"true\" aria-invalid=\"false\" placeholder=\"Email*\" value=\"\" type=\"email\" name=\"your-email\" \/><\/span>\n\t\t<\/p>\n\t<\/div>\n\t<div class=\"col-12 col-lg-6 mb-lg-20\">\n\t\t<p><span class=\"wpcf7-form-control-wrap\" data-name=\"your-type-inquiry\"><select class=\"wpcf7-form-control wpcf7-select wpcf7-validates-as-required form-select text-primary txt-m-regular\" aria-required=\"true\" aria-invalid=\"false\" name=\"your-type-inquiry\"><option value=\"\">Type of inquiry*<\/option><option value=\"Sales\">Sales<\/option><option value=\"After Sales\/Service\">After Sales\/Service<\/option><option value=\"Marketing\">Marketing<\/option><\/select><\/span>\n\t\t<\/p>\n\t<\/div>\n\t<div class=\"col-12 mb-lg-50\">\n\t\t<p><span class=\"wpcf7-form-control-wrap\" data-name=\"your-message\"><textarea cols=\"40\" rows=\"1\" class=\"wpcf7-form-control wpcf7-textarea wpcf7-validates-as-required form-control text-primary txt-m-regular\" aria-required=\"true\" aria-invalid=\"false\" placeholder=\"Message*\" name=\"your-message\"><\/textarea><\/span>\n\t\t<\/p>\n\t<\/div>\n\t<div class=\"col-12 col-lg d-flex align-items-center mt-20 mt-lg-0\">\n\t\t<p><span class=\"wpcf7-form-control-wrap\" data-name=\"your-consent\"><span class=\"wpcf7-form-control wpcf7-acceptance\"><span class=\"wpcf7-list-item\"><label><input type=\"checkbox\" name=\"your-consent\" value=\"1\" class=\"form-check-input\" id=\"privacy-check\" aria-invalid=\"false\" \/><span class=\"wpcf7-list-item-label\"><label class=\"form-check-label text-primary text-uppercase txt-xxs-regular \" for=\"privacy-check\"><span class=\"ms-5\">J&rsquo;ACCEPTE LES <a class=\" href=\" target=\"_blank\">CONDITIONS D&rsquo;UTILISATION<\/a> ET LA <a class=\"\" href=\"\" target=\"_blank\">PRIVACY POLICY<\/a><\/span><\/span><\/label><\/span><\/span><\/span>\n\t\t<\/p>\n\t<\/div>\n\t<div class=\"col-12 col-lg-auto d-flex justify-content-center justify-content-lg-end txt-regular mt-20 mt-lg-0\">\n\t\t<p><input class=\"wpcf7-form-control wpcf7-submit has-spinner btn\" type=\"submit\" value=\"Send\" \/>\n\t\t<\/p>\n\t<\/div>\n<\/div><div class=\"wpcf7-response-output\" aria-hidden=\"true\"><\/div>\n<\/form>\n<\/div>\n        <\/div>\n    <\/div>\n<\/section>","protected":false},"excerpt":{"rendered":"","protected":false},"author":1,"featured_media":0,"parent":0,"menu_order":0,"comment_status":"closed","ping_status":"closed","template":"","meta":{"footnotes":""},"acf":[],"_links":{"self":[{"href":"https:\/\/tubopress.it\/fr\/wp-json\/wp\/v2\/pages\/4588"}],"collection":[{"href":"https:\/\/tubopress.it\/fr\/wp-json\/wp\/v2\/pages"}],"about":[{"href":"https:\/\/tubopress.it\/fr\/wp-json\/wp\/v2\/types\/page"}],"author":[{"embeddable":true,"href":"https:\/\/tubopress.it\/fr\/wp-json\/wp\/v2\/users\/1"}],"replies":[{"embeddable":true,"href":"https:\/\/tubopress.it\/fr\/wp-json\/wp\/v2\/comments?post=4588"}],"version-history":[{"count":3,"href":"https:\/\/tubopress.it\/fr\/wp-json\/wp\/v2\/pages\/4588\/revisions"}],"predecessor-version":[{"id":8056,"href":"https:\/\/tubopress.it\/fr\/wp-json\/wp\/v2\/pages\/4588\/revisions\/8056"}],"wp:attachment":[{"href":"https:\/\/tubopress.it\/fr\/wp-json\/wp\/v2\/media?parent=4588"}],"curies":[{"name":"wp","href":"https:\/\/api.w.org\/{rel}","templated":true}]}}