{"id":4642,"date":"2023-12-05T09:29:24","date_gmt":"2023-12-05T08:29:24","guid":{"rendered":"https:\/\/lnx.babolapp.com\/politique-de-confidentialite\/"},"modified":"2025-03-06T09:29:07","modified_gmt":"2025-03-06T08:29:07","slug":"politique-de-confidentialite","status":"publish","type":"page","link":"https:\/\/tubopress.it\/fr\/politique-de-confidentialite\/","title":{"rendered":"Politique de Confidentialit\u00e9"},"content":{"rendered":"<section  class=\"section-hero bg-primary position-relative bassa\" style=\"background-image: url()\">\n            <div class=\"overlay-color\"><\/div>\n        <div class=\"container h-100\">\n        <div class=\"row h-100 align-items-center\">\n            <div class=\"col-12 z-1\">\n                <h1 class=\"text-white title-big-light tubopress-animate tubopress-animation-slide-up mb-20 text-center \">Politique de Confidentialit\u00e9<\/h1>\n            <\/div>\n            <div class=\"text-info text-center\">\n                <p class=\"text-white txt-regular tubopress-animate tubopress-animation-slide-up tubopress-animation-delay-50\"><\/p>\n                <p class=\"text-white txt-regular tubopress-animate tubopress-animation-slide-up tubopress-animation-delay-100\">INFORMATION SUR LE TRAITEMENT DES DONN\u00c9ES PERSONNELLES CONFORM\u00c9MENT AUX ARTICLES 13-14 R\u00c8G. UE 2016\/679<\/p>\n            <\/div>\n        <\/div>\n    <\/div>\n<\/section><section  class=\"section-testo-semplice bg-white\">\n    <div class=\"container\">\n        <div class=\"text-primary txt-regular tubopress-animate tubopress-animation-slide-up\">\n            <h4 style=\"text-align: center;\">SUJETS CONCERN\u00c9S : UTILISATEURS DU SITE WEB<\/h4>\n<p>La pr\u00e9sente politique de confidentialit\u00e9 a pour but de d\u00e9crire de mani\u00e8re claire et transparente les modalit\u00e9s de gestion du site internet <a href=\"http:\/\/www.tubopress.it\/\">www.tubopress.it<\/a> en ce qui concerne le traitement des donn\u00e9es personnelles des utilisateurs qui le consultent et utilisent les services propos\u00e9s. Il s&rsquo;agit d&rsquo;une information fournie conform\u00e9ment \u00e0 l&rsquo;article 13 du d\u00e9cret l\u00e9gislatif n\u00b0 196\/2003, Code italien en mati\u00e8re de protection des donn\u00e9es personnelles, \u00e0 la d\u00e9cision \u00e9mise par l&rsquo;Autorit\u00e9 de protection des donn\u00e9es \u00ab Identification des modalit\u00e9s simplifi\u00e9es pour l&rsquo;information et l&rsquo;obtention du consentement pour l&rsquo;utilisation des cookies \u00bb du 8 mai 2014, ainsi qu&rsquo;\u00e0 la Recommandation n\u00b0 2\/2001 adopt\u00e9e le 17 mai 2001 par les autorit\u00e9s europ\u00e9ennes de protection des donn\u00e9es personnelles r\u00e9unies au sein du Groupe cr\u00e9\u00e9 par l&rsquo;article 29 de la directive n\u00b0 95\/46\/CE. La pr\u00e9sente Politique contient \u00e9galement les informations requises par l&rsquo;article 13 du R\u00e8glement (UE) 2016\/679, relatif \u00e0 la protection des personnes physiques en ce qui concerne le traitement des donn\u00e9es personnelles (ci-apr\u00e8s \u00ab RGPD \u00bb), sous r\u00e9serve des modifications et des adaptations qui seront n\u00e9cessaires suite \u00e0 l&rsquo;harmonisation du Code de confidentialit\u00e9, ainsi que des interventions l\u00e9gislatives europ\u00e9ennes ou nationales et\/ou des d\u00e9cisions des autorit\u00e9s de contr\u00f4le post\u00e9rieures \u00e0 la publication du pr\u00e9sent document.         <\/p>\n<h4 style=\"text-align: center;\">TYPES DE DONN\u00c9ES TRAIT\u00c9ES<\/h4>\n<h4>a) Donn\u00e9es fournies volontairement par l&rsquo;utilisateur<\/h4>\n<p>Les donn\u00e9es personnelles fournies volontairement et facultativement par les utilisateurs qui interagissent avec ce site sont trait\u00e9es par du personnel interne \u00e0 l&rsquo;entreprise, sp\u00e9cialement autoris\u00e9 \u00e0 traiter ces donn\u00e9es, uniquement dans le but de r\u00e9pondre aux demandes formul\u00e9es. Ces donn\u00e9es ne sont pas communiqu\u00e9es \u00e0 des tiers, sauf si la communication est impos\u00e9e par des obligations l\u00e9gales. <\/p>\n<h4>Les principales modalit\u00e9s d&rsquo;interaction sont les suivantes :<\/h4>\n<p>Envoi de courriels aux adresses indiqu\u00e9es sur le site<br \/>L&rsquo;envoi facultatif, explicite et volontaire de courriers \u00e9lectroniques aux adresses indiqu\u00e9es sur ce site implique l&rsquo;acquisition de l&rsquo;adresse de l&rsquo;exp\u00e9diteur, n\u00e9cessaire pour r\u00e9pondre aux demandes, ainsi que des \u00e9ventuelles autres donn\u00e9es personnelles incluses dans le message.<br \/>Remplissage du formulaire de collecte de donn\u00e9es (demande de contact)<br \/>Le site permet aux personnes int\u00e9ress\u00e9es de demander des informations en saisissant certaines donn\u00e9es personnelles (telles que le nom et le pr\u00e9nom, l&rsquo;e-mail). Ces donn\u00e9es seront trait\u00e9es, manuellement et par des moyens informatiques, par le personnel de l&rsquo;entreprise sp\u00e9cialement autoris\u00e9, uniquement dans le but de r\u00e9pondre \u00e0 la demande de l&rsquo;utilisateur. Les donn\u00e9es personnelles fournies dans le formulaire ne sont pas obligatoires, mais le fait de ne pas les fournir pourrait rendre impossible l&rsquo;acc\u00e8s \u00e0 certaines fonctionnalit\u00e9s. La fourniture des donn\u00e9es et leur traitement aux fins susmentionn\u00e9es sont strictement n\u00e9cessaires pour l&rsquo;ex\u00e9cution de la demande. \u00c0 tout moment, la personne concern\u00e9e peut exercer les droits reconnus par l&rsquo;article 7 du d\u00e9cret l\u00e9gislatif n\u00b0 196\/2003, comme pr\u00e9cis\u00e9 dans la section intitul\u00e9e \u00ab DROITS DE LA PERSONNE CONCERN\u00c9E \u00bb.<\/p>\n<h4>Inscription \u00e0 la zone r\u00e9serv\u00e9e<\/h4>\n<p>L&rsquo;utilisateur souhaitant recevoir les bulletins d&rsquo;information p\u00e9riodiques de l&rsquo;entreprise et\/ou acc\u00e9der aux publications et\/ou \u00e0 la zone de t\u00e9l\u00e9chargement (cette derni\u00e8re \u00e9tant accessible uniquement aux utilisateurs inscrits \u00e0 la zone r\u00e9serv\u00e9e de l&rsquo;entreprise) doit remplir le formulaire d&rsquo;inscription et consentir au traitement de ses donn\u00e9es. Les donn\u00e9es personnelles demand\u00e9es (nom et pr\u00e9nom) permettent au personnel autoris\u00e9 de l&rsquo;entreprise de fournir le nom d&rsquo;utilisateur et le mot de passe n\u00e9cessaires pour acc\u00e9der \u00e0 ces zones r\u00e9serv\u00e9es. Les donn\u00e9es seront enregistr\u00e9es sur un fichier \u00e9lectronique et\/ou informatique s\u00e9curis\u00e9 et trait\u00e9es de mani\u00e8re strictement confidentielle, conform\u00e9ment \u00e0 la l\u00e9gislation en vigueur. Les donn\u00e9es personnelles ne seront en aucun cas communiqu\u00e9es \u00e0 des tiers ni diffus\u00e9es d&rsquo;aucune autre mani\u00e8re. \u00c0 tout moment, la personne concern\u00e9e pourra exercer les droits reconnus par l&rsquo;article 7 du d\u00e9cret l\u00e9gislatif n\u00b0 196\/2003, comme pr\u00e9cis\u00e9 dans la section \u00ab DROITS DE LA PERSONNE CONCERN\u00c9E \u00bb.      <\/p>\n<h4>b) Donn\u00e9es de navigation<\/h4>\n<p>Les syst\u00e8mes informatiques et les proc\u00e9dures logicielles utilis\u00e9s pour le fonctionnement de ce site web collectent, au cours de leur fonctionnement normal, certaines donn\u00e9es personnelles dont la transmission est implicite dans l&rsquo;utilisation des protocoles de communication Internet.<br \/>Ces informations ne sont pas collect\u00e9es pour \u00eatre associ\u00e9es \u00e0 des personnes identifiables, mais, de par leur nature, elles pourraient permettre d&rsquo;identifier les utilisateurs, \u00e0 travers le traitement et les associations avec des donn\u00e9es d\u00e9tenues par des tiers. Ces informations incluent les adresses IP ou les noms de domaine des ordinateurs utilis\u00e9s par les utilisateurs se connectant au site, les adresses en notation URI (Uniform Resource Identifier) des ressources demand\u00e9es, l&rsquo;heure de la demande, la m\u00e9thode utilis\u00e9e pour soumettre la demande au serveur, la taille du fichier obtenu, etc.<br \/>Ces donn\u00e9es sont utilis\u00e9es uniquement \u00e0 des fins statistiques anonymes et agr\u00e9g\u00e9es concernant l&rsquo;utilisation du site et pour en v\u00e9rifier le bon fonctionnement, et sont conserv\u00e9es de mani\u00e8re permanente sur les serveurs de tiers (fournisseur d&rsquo;h\u00e9bergement). Les donn\u00e9es pourraient \u00eatre utilis\u00e9es pour d\u00e9terminer la responsabilit\u00e9 en cas d&rsquo;\u00e9ventuelles infractions informatiques visant le site.<\/p>\n<h4>c) Cookie<\/h4>\n<p>Ce site utilise des cookies techniques et des cookies de tiers. Il n&rsquo;utilise pas de cookies de profilage. Pour plus d&rsquo;informations sur les cookies, veuillez consulter la <a href=\"https:\/\/tubopress.it\/fr\/cookie-policy\/\">Politique relative aux cookies<\/a>.  <\/p>\n<h4 style=\"text-align: center;\">MODALIT\u00c9S DE TRAITEMENT<\/h4>\n<p>Le traitement des donn\u00e9es sera effectu\u00e9 conform\u00e9ment aux principes de loyaut\u00e9, de lic\u00e9it\u00e9 et de transparence, et pourra \u00eatre effectu\u00e9 \u00e0 l&rsquo;aide d&rsquo;outils \u00e9lectroniques, informatiques et t\u00e9l\u00e9matiques, y compris des m\u00e9thodes automatis\u00e9es, pour les stocker, les g\u00e9rer et les transmettre. Les m\u00e9thodologies appliqu\u00e9es garantissent que l&rsquo;acc\u00e8s aux donn\u00e9es est limit\u00e9 aux seules personnes autoris\u00e9es par nos soins. <\/p>\n<h4 style=\"text-align: center;\">FACULT\u00c9 DE FOURNIR DES DONN\u00c9ES<\/h4>\n<p>\u00c0 l&rsquo;exception des donn\u00e9es de navigation n\u00e9cessaires \u00e0 l&rsquo;ex\u00e9cution des protocoles informatiques, la fourniture de donn\u00e9es personnelles par les utilisateurs est facultative. <\/p>\n<h4 style=\"text-align: center;\">P\u00c9RIODE DE CONSERVATION DES DONN\u00c9ES<\/h4>\n<p>Les donn\u00e9es des utilisateurs seront trait\u00e9es pendant la dur\u00e9e n\u00e9cessaire \u00e0 la gestion du site.  <\/p>\n<h4 style=\"text-align: center;\">DROITS DE LA PERSONNE CONCERN\u00c9E<\/h4>\n<p>En votre qualit\u00e9 de partie int\u00e9ress\u00e9e, vous disposez des droits pr\u00e9vus \u00e0 l&rsquo;art. 7 Code de confidentialit\u00e9 et art. 15 RGPD et notamment les droits \u00e0 : obtenir la confirmation de l&rsquo;existence ou non de donn\u00e9es \u00e0 caract\u00e8re personnel vous concernant, m\u00eame si elles ne sont pas encore enregistr\u00e9es, et leur communication sous une forme intelligible ; obtenir l\u2019indication : a) de l\u2019origine des donn\u00e9es personnelles ; <\/p>\n<ol>\n<li>des finalit\u00e9s et des modalit\u00e9s du traitement ;<\/li>\n<li>de la logique appliqu\u00e9e en cas de traitement effectu\u00e9 \u00e0 l\u2019aide d\u2019instruments \u00e9lectroniques ;<\/li>\n<li>des donn\u00e9es d&rsquo;identification du propri\u00e9taire, des g\u00e9rants et du repr\u00e9sentant d\u00e9sign\u00e9 conform\u00e9ment \u00e0 l&rsquo;art. 5, paragraphe 2 du Code de confidentialit\u00e9 et 3, paragraphe 1, du RGPD ; e) les sujets ou cat\u00e9gories de sujets auxquels les donn\u00e9es \u00e0 caract\u00e8re personnel peuvent \u00eatre communiqu\u00e9es ou qui peuvent en prendre connaissance en leur qualit\u00e9 de repr\u00e9sentant d\u00e9sign\u00e9 sur le territoire de l&rsquo;\u00c9tat, de responsables ou de personnes charg\u00e9es ; <\/li>\n<\/ol>\n<p>obtenir:<\/p>\n<ol>\n<li>la mise \u00e0 jour, la rectification ou, lorsqu&rsquo;il y a int\u00e9r\u00eat, l&rsquo;int\u00e9gration des donn\u00e9es ;<\/li>\n<li>ll&rsquo;annulation, la transformation sous forme anonyme ou le blocage des donn\u00e9es trait\u00e9es en violation de la loi, y compris les donn\u00e9es dont la conservation n&rsquo;est pas n\u00e9cessaire au regard des finalit\u00e9s pour lesquelles les donn\u00e9es ont \u00e9t\u00e9 collect\u00e9es ou trait\u00e9es ult\u00e9rieurement ;<\/li>\n<li>l&rsquo;attestation que les op\u00e9rations vis\u00e9es aux lettres a) et b) ont \u00e9t\u00e9 port\u00e9es \u00e0 la connaissance, \u00e9galement en ce qui concerne leur contenu, de ceux \u00e0 qui les donn\u00e9es ont \u00e9t\u00e9 communiqu\u00e9es ou diffus\u00e9es, sauf dans le cas o\u00f9 cette r\u00e9alisation se r\u00e9v\u00e8le impossible ou comporte un emploi de moyens manifestement disproportionn\u00e9 par rapport au droit prot\u00e9g\u00e9 ;  <\/li>\n<\/ol>\n<p>de s&rsquo;opposer, en tout ou en partie :<\/p>\n<ol>\n<li>pour des motifs l\u00e9gitimes au traitement des donn\u00e9es \u00e0 caract\u00e8re personnel vous concernant, m\u00eame si elles sont pertinentes au regard des finalit\u00e9s de la collecte ;<\/li>\n<li>au traitement des donn\u00e9es personnelles vous concernant \u00e0 des fins d&rsquo;envoi de mat\u00e9riel publicitaire ou de vente directe ou pour la r\u00e9alisation d&rsquo;\u00e9tudes de march\u00e9 ou de communication commerciale, par l&rsquo;utilisation de syst\u00e8mes d&rsquo;appel automatis\u00e9s sans intervention d&rsquo;un op\u00e9rateur par courrier \u00e9lectronique et\/ou par des m\u00e9thodes de marketing traditionnelles par t\u00e9l\u00e9phone et\/ou courrier papier. Il est \u00e0 noter que le droit d&rsquo;opposition de l&rsquo;int\u00e9ress\u00e9, pr\u00e9vu au point b) pr\u00e9c\u00e9dent, \u00e0 des fins de marketing direct via des m\u00e9thodes automatis\u00e9es, s&rsquo;\u00e9tend aux m\u00e9thodes traditionnelles et que dans tous les cas, la possibilit\u00e9 pour l&rsquo;int\u00e9ress\u00e9 d&rsquo;exercer le droit d&rsquo;opposition m\u00eame seulement en partie reste intacte. Par cons\u00e9quent, l&rsquo;int\u00e9ress\u00e9 peut d\u00e9cider de recevoir uniquement des communications par des moyens traditionnels ou uniquement des communications automatis\u00e9es ou aucun des deux types de communication.  <\/li>\n<\/ol>\n<p>Le cas \u00e9ch\u00e9ant, vous disposez \u00e9galement des droits \u00e9nonc\u00e9s aux articles. 16-21 RGPD (Droit de rectification, droit \u00e0 l\u2019oubli, droit \u00e0 la limitation du traitement, droit \u00e0 la portabilit\u00e9 des donn\u00e9es, droit d\u2019opposition), ainsi que le droit d\u2019introduire une r\u00e9clamation aupr\u00e8s de l\u2019Autorit\u00e9 garante.<\/p>\n<h4 style=\"text-align: center;\">MODALIT\u00c9S D&rsquo;EXERCICE DES DROITS<\/h4>\n<p>Vous pouvez exercer vos droits \u00e0 tout moment en envoyant<\/p>\n<ul>\n<li>une lettre recommand\u00e9e \u00e0 TUBOPRESS ITALIA SRL Via Morandi, 66 &#8211; 20090 SEGRATE (MI) \u00e0 l&rsquo;attention du Responsable du Traitement, Ing. Galileo Pellegrini, <\/li>\n<li>ou par e-mail \u00e0 l&rsquo;adresse <a href=\"mailto:privacy@tubopress.it\">privacy@tubopress.it<\/a><\/li>\n<\/ul>\n<h4 style=\"text-align: center;\">TITULAIRE ET RESPONSABLE DU TRAITEMENT<\/h4>\n<p>Le Responsable du traitement est TUBOPRESS ITALIA SRL &#8211; Via Morandi n. 66 20054 Segrate (Milano), nella persona del Ing. Galileo Pellegrini cod. fisc PLLGLL62D03F205P. E-MAIL <a href=\"mailto:privacy@tubopress.it\">privacy@tubopress.it<\/a> <\/p>\n<h4 style=\"text-align: center;\">MOD\u00c8LE DE GESTION DE LA PROTECTION DES DONN\u00c9ES<\/h4>\n<p>Veuillez noter que, afin de se conformer au RGPD, Tubopress Italia srl \u200b\u200b\u200b\u200bpr\u00e9pare un mod\u00e8le d&rsquo;organisation de la confidentialit\u00e9, identifiant les r\u00f4les et les responsabilit\u00e9s concernant le traitement des donn\u00e9es personnelles. Le Responsable du traitement a d\u00e9sign\u00e9 par \u00e9crit les personnes autoris\u00e9es \u00e0 traiter les donn\u00e9es, conform\u00e9ment \u00e0 l&rsquo;art. 30 du Code de confidentialit\u00e9, les employ\u00e9s des fonctions de l&rsquo;entreprise sont charg\u00e9s de poursuivre les finalit\u00e9s susmentionn\u00e9es et de leur fournir des instructions ad\u00e9quates. Les Donn\u00e9es peuvent \u00eatre trait\u00e9es par des tiers, auxquels la Soci\u00e9t\u00e9 fait appel \u00e0 des fins de maintenance du syst\u00e8me d&rsquo;information de l&rsquo;entreprise ou de gestion du site Internet. Ces sujets fonctionneront en tant que sous-traitants de donn\u00e9es, en leur fournissant des instructions op\u00e9rationnelles ad\u00e9quates. La liste compl\u00e8te et mise \u00e0 jour des Responsables du traitement peut \u00eatre obtenue sur demande aupr\u00e8s de la soci\u00e9t\u00e9 aux coordonn\u00e9es indiqu\u00e9es ci-dessus.     <\/p>\n<p>&nbsp;<\/p>\n<p>Rev. 1\/2018 du 24 mai 2018<\/p>\n<p>&nbsp;<\/p>\n<p>TUBOPRESS ITALIA S.R.L. &#8211; VIA MORANDI, 66 &#8211; 20054 SEGRATE (MI) ITALY &#8211; C.FISC\/P.IVA 08264270151<\/p>\n        <\/div>\n                    <\/div>\n<\/section>","protected":false},"excerpt":{"rendered":"","protected":false},"author":1,"featured_media":0,"parent":0,"menu_order":0,"comment_status":"closed","ping_status":"closed","template":"","meta":{"footnotes":""},"acf":[],"_links":{"self":[{"href":"https:\/\/tubopress.it\/fr\/wp-json\/wp\/v2\/pages\/4642"}],"collection":[{"href":"https:\/\/tubopress.it\/fr\/wp-json\/wp\/v2\/pages"}],"about":[{"href":"https:\/\/tubopress.it\/fr\/wp-json\/wp\/v2\/types\/page"}],"author":[{"embeddable":true,"href":"https:\/\/tubopress.it\/fr\/wp-json\/wp\/v2\/users\/1"}],"replies":[{"embeddable":true,"href":"https:\/\/tubopress.it\/fr\/wp-json\/wp\/v2\/comments?post=4642"}],"version-history":[{"count":3,"href":"https:\/\/tubopress.it\/fr\/wp-json\/wp\/v2\/pages\/4642\/revisions"}],"predecessor-version":[{"id":4955,"href":"https:\/\/tubopress.it\/fr\/wp-json\/wp\/v2\/pages\/4642\/revisions\/4955"}],"wp:attachment":[{"href":"https:\/\/tubopress.it\/fr\/wp-json\/wp\/v2\/media?parent=4642"}],"curies":[{"name":"wp","href":"https:\/\/api.w.org\/{rel}","templated":true}]}}