{"id":4648,"date":"2024-09-11T11:05:21","date_gmt":"2024-09-11T09:05:21","guid":{"rendered":"https:\/\/lnx.babolapp.com\/signalement-dinfractions\/"},"modified":"2025-03-21T16:26:49","modified_gmt":"2025-03-21T15:26:49","slug":"signalement-dinfractions","status":"publish","type":"page","link":"https:\/\/tubopress.it\/fr\/signalement-dinfractions\/","title":{"rendered":"Signalement d&rsquo;infractions"},"content":{"rendered":"<section  class=\"section-hero bg-primary position-relative bassa\" style=\"background-image: url()\">\n            <div class=\"overlay-color\"><\/div>\n        <div class=\"container h-100\">\n        <div class=\"row h-100 align-items-center\">\n            <div class=\"col-12 z-1\">\n                <h1 class=\"text-white title-big-light tubopress-animate tubopress-animation-slide-up mb-20 text-center \">Signalement d&rsquo;infractions<\/h1>\n            <\/div>\n            <div class=\"text-info text-center\">\n                <p class=\"text-white txt-regular tubopress-animate tubopress-animation-slide-up tubopress-animation-delay-50\">(cd. whistleblowing)<\/p>\n                <p class=\"text-white txt-regular tubopress-animate tubopress-animation-slide-up tubopress-animation-delay-100\"><\/p>\n            <\/div>\n        <\/div>\n    <\/div>\n<\/section><section  class=\"section-titolo-testo bg-light\">\n    <div class=\"container\">\n        <h2 class=\"text-start text-primary title-s-regular mb-25 mb-lg-40 tubopress-animate tubopress-animation-slide-up\">\n            SIGNALER DES INFRACTIONS ET IRR\u00c9GULARIT\u00c9S         <\/h2>\n        <div class=\"text-start text-primary txt-regular tubopress-animate tubopress-animation-slide-up tubopress-animation-delay-50\">\n            <p>Chez TUBOPRESS, nous nous engageons \u00e0 assurer un milieu de travail ouvert et conforme aux lois en place. C&rsquo;est pour cette raison que nous avons \u00e9tabli un moyen s\u00e9curis\u00e9 pour <strong>signaler des comportements ill\u00e9gaux et des anomalies.<\/strong> Gr\u00e2ce \u00e0 un syst\u00e8me informatique d\u00e9di\u00e9, les personnes suivantes peuvent signaler des activit\u00e9s ill\u00e9gales et des irr\u00e9gularit\u00e9s dont elles ont pris connaissance dans le cadre de leur relation professionnelle : <\/p>\n<ul>\n<li>les employ\u00e9s sous contrat,<\/li>\n<li>&#8211; les travailleurs ind\u00e9pendants, les titulaires de contrats de collaboration continue, et ceux avec une collaboration \u00ab organis\u00e9e par le donneur d&rsquo;ordre \u00bb,<\/li>\n<li>les employ\u00e9s ou collaborateurs fournissant des biens, services ou r\u00e9alisant des \u0153uvres pour le compte de tiers,<\/li>\n<li>les professionnels ind\u00e9pendants et les consultants,<\/li>\n<li>les b\u00e9n\u00e9voles et les stagiaires, m\u00eame non r\u00e9mun\u00e9r\u00e9s,<\/li>\n<li>les actionnaires et les personnes ayant des fonctions d&rsquo;administration, de direction, de contr\u00f4le, de surveillance ou de repr\u00e9sentation.<\/li>\n<\/ul>\n<p>Le syst\u00e8me informatique emploie un protocole de cryptage qui assure une s\u00e9curit\u00e9 accrue pour pr\u00e9server la confidentialit\u00e9 de l&rsquo;identit\u00e9 du lanceur d&rsquo;alerte, du contenu de l&rsquo;alerte et des documents associ\u00e9s. La loi prot\u00e8ge le lanceur d&rsquo;alerte contre les repr\u00e9sailles, et son identit\u00e9 demeure strictement confidentielle. <\/p>\n<p>&nbsp;<\/p>\n<hr>\n<p style=\"text-align: center;\">Pour soumettre un signalement, veuillez consulter le lien de la plateforme en ligne d\u00e9di\u00e9e \u00e0 cet effet:<\/p>\n<p style=\"text-align: center;\"><span style=\"color: #0000ff;\"><strong><a style=\"color: #0000ff;\" href=\"https:\/\/areariservata.mygovernance.it\/#!\/WB\/TUBOPRESS_ITALIA\" target=\"_blank\" rel=\"noopener\">Plateforme informatique pour soumettre un signalement<\/a><\/strong><\/span><\/p>\n<p>&nbsp;<\/p>\n<hr>\n<p>&nbsp;<\/p>\n<p style=\"text-align: center;\"><span style=\"color: #ff0000;\"><strong>Indications techniques<\/strong><\/span><\/p>\n<p>Pour un aper\u00e7u rapide et pratique des modalit\u00e9s de soumission des signalements, veuillez visionner le tutoriel suivant sur comment soumettre un signalement \u00e9crit :<\/p>\n<div style=\"width: 640px;\" class=\"wp-video\"><!--[if lt IE 9]><script>document.createElement('video');<\/script><![endif]-->\n<video class=\"wp-video-shortcode\" id=\"video-4648-1\" width=\"640\" height=\"360\" preload=\"metadata\" controls=\"controls\"><source type=\"video\/mp4\" src=\"https:\/\/tubopress.it\/wp-content\/uploads\/2024\/10\/effettuare-segnalazione-scritta.mp4?_=1\" \/><a href=\"https:\/\/tubopress.it\/wp-content\/uploads\/2024\/10\/effettuare-segnalazione-scritta.mp4\">https:\/\/tubopress.it\/wp-content\/uploads\/2024\/10\/effettuare-segnalazione-scritta.mp4<\/a><\/video><\/div>\n<p>&nbsp;<\/p>\n<p>Pour une connaissance d\u00e9taill\u00e9e et compl\u00e8te du syst\u00e8me de gestion des signalements, veuillez t\u00e9l\u00e9charger :<\/p>\n<ul>\n<li><strong><a href=\"https:\/\/tubopress.it\/wp-content\/uploads\/2024\/10\/Regolamento-whistleblowing-Tubopress.pdf\" target=\"_blank\" rel=\"noopener\">R\u00e8glement pour le signalement des violations<\/a><\/strong><\/li>\n<\/ul>\n<p>Si vous voulez en apprendre davantage sur la fa\u00e7on dont les donn\u00e9es personnelles fournies dans les signalements sont trait\u00e9es, vous pouvez t\u00e9l\u00e9charger la Politique de confidentialit\u00e9. Celle-ci d\u00e9crit quelles informations personnelles sont recueillies et comment elles sont utilis\u00e9es par les canaux de signalement.<\/p>\n<ul>\n<li><strong><a href=\"https:\/\/tubopress.it\/wp-content\/uploads\/2024\/10\/Informativa-Whisteblowing.pdf\" target=\"_blank\" rel=\"noopener\">Politique de confidentialit\u00e9 Whisteblowing<\/a><\/strong><\/li>\n<\/ul>\n<p>&nbsp;<\/p>\n<hr>\n<p>&nbsp;<\/p>\n<p style=\"text-align: center;\"><span style=\"color: #ff0000;\"><strong>Rapports anonymes<\/strong><\/span><\/p>\n<p>La plateforme informatique et certains canaux de signalement (voir \u00ab Mode d\u2019emploi \u00bb) peuvent \u00e9galement accepter des signalements anonymes. Si le signalement est \u00ab ponctuel, d\u00e9taill\u00e9 et \u00e9tay\u00e9 par une documentation appropri\u00e9e \u00bb, il sera pris en consid\u00e9ration. L&rsquo;archivage des signalements anonymes suivra les m\u00eames proc\u00e9dures que les signalements ouverts afin de garantir que le signalant pourra r\u00e9v\u00e9ler ult\u00e9rieurement son identit\u00e9 au responsable d\u00e9sign\u00e9.<\/p>\n        <\/div>\n    <\/div>\n<\/section>","protected":false},"excerpt":{"rendered":"","protected":false},"author":1,"featured_media":0,"parent":0,"menu_order":0,"comment_status":"closed","ping_status":"closed","template":"","meta":{"footnotes":""},"acf":[],"_links":{"self":[{"href":"https:\/\/tubopress.it\/fr\/wp-json\/wp\/v2\/pages\/4648"}],"collection":[{"href":"https:\/\/tubopress.it\/fr\/wp-json\/wp\/v2\/pages"}],"about":[{"href":"https:\/\/tubopress.it\/fr\/wp-json\/wp\/v2\/types\/page"}],"author":[{"embeddable":true,"href":"https:\/\/tubopress.it\/fr\/wp-json\/wp\/v2\/users\/1"}],"replies":[{"embeddable":true,"href":"https:\/\/tubopress.it\/fr\/wp-json\/wp\/v2\/comments?post=4648"}],"version-history":[{"count":3,"href":"https:\/\/tubopress.it\/fr\/wp-json\/wp\/v2\/pages\/4648\/revisions"}],"predecessor-version":[{"id":5896,"href":"https:\/\/tubopress.it\/fr\/wp-json\/wp\/v2\/pages\/4648\/revisions\/5896"}],"wp:attachment":[{"href":"https:\/\/tubopress.it\/fr\/wp-json\/wp\/v2\/media?parent=4648"}],"curies":[{"name":"wp","href":"https:\/\/api.w.org\/{rel}","templated":true}]}}