{"id":5678,"date":"2023-12-05T09:29:44","date_gmt":"2023-12-05T08:29:44","guid":{"rendered":"https:\/\/lnx.babolapp.com\/credits-2\/"},"modified":"2025-03-24T13:11:11","modified_gmt":"2025-03-24T12:11:11","slug":"credits","status":"publish","type":"page","link":"https:\/\/tubopress.it\/fr\/credits\/","title":{"rendered":"Cr\u00e9dits"},"content":{"rendered":"<section  class=\"section-hero bg-primary position-relative bassa\" style=\"background-image: url()\">\n            <div class=\"overlay-color\"><\/div>\n        <div class=\"container h-100\">\n        <div class=\"row h-100 align-items-center\">\n            <div class=\"col-12 z-1\">\n                <h1 class=\"text-white title-big-light tubopress-animate tubopress-animation-slide-up mb-20 text-center \">Cr\u00e9dits<\/h1>\n            <\/div>\n            <div class=\"text-info text-center\">\n                <p class=\"text-white txt-regular tubopress-animate tubopress-animation-slide-up tubopress-animation-delay-50\"><\/p>\n                <p class=\"text-white txt-regular tubopress-animate tubopress-animation-slide-up tubopress-animation-delay-100\"><\/p>\n            <\/div>\n        <\/div>\n    <\/div>\n<\/section><section  class=\"section-testo-semplice bg-light\">\n    <div class=\"container\">\n        <div class=\"text-primary txt-regular tubopress-animate tubopress-animation-slide-up\">\n            <p><strong>D\u00e9veloppement et conception du site Web<\/strong> : Babol Communication S.r.l.<\/p>\n<p><strong>Contenu et r\u00e9daction :<\/strong> [Nome o Team interno]<\/p>\n<p><strong>Photographies et images<\/strong> : [Nom du photographe\/de la banque d&rsquo;images, par exemple [Shutterstock, Unsplash]<\/p>\n<p><strong>Mise en \u0153uvre et gestion du r\u00e9f\u00e9rencement :<\/strong> [Nome Agenzia]<\/p>\n<p><strong>Plateforme utilis\u00e9e :<\/strong> [Nome del CMS o del software utilizzato]<\/p>\n<p>&nbsp;<\/p>\n<p>Tout le contenu et les images sont la propri\u00e9t\u00e9 de <strong>TUBOPRESS ITALIA S.R.L.<\/strong><\/p>\n        <\/div>\n                    <\/div>\n<\/section>","protected":false},"excerpt":{"rendered":"","protected":false},"author":1,"featured_media":0,"parent":0,"menu_order":0,"comment_status":"closed","ping_status":"closed","template":"","meta":{"footnotes":""},"acf":[],"_links":{"self":[{"href":"https:\/\/tubopress.it\/fr\/wp-json\/wp\/v2\/pages\/5678"}],"collection":[{"href":"https:\/\/tubopress.it\/fr\/wp-json\/wp\/v2\/pages"}],"about":[{"href":"https:\/\/tubopress.it\/fr\/wp-json\/wp\/v2\/types\/page"}],"author":[{"embeddable":true,"href":"https:\/\/tubopress.it\/fr\/wp-json\/wp\/v2\/users\/1"}],"replies":[{"embeddable":true,"href":"https:\/\/tubopress.it\/fr\/wp-json\/wp\/v2\/comments?post=5678"}],"version-history":[{"count":3,"href":"https:\/\/tubopress.it\/fr\/wp-json\/wp\/v2\/pages\/5678\/revisions"}],"predecessor-version":[{"id":5777,"href":"https:\/\/tubopress.it\/fr\/wp-json\/wp\/v2\/pages\/5678\/revisions\/5777"}],"wp:attachment":[{"href":"https:\/\/tubopress.it\/fr\/wp-json\/wp\/v2\/media?parent=5678"}],"curies":[{"name":"wp","href":"https:\/\/api.w.org\/{rel}","templated":true}]}}