{"id":6971,"date":"2025-06-13T17:30:20","date_gmt":"2025-06-13T15:30:20","guid":{"rendered":"https:\/\/tubopress.it\/lignes-directrices-design-for-recycling\/"},"modified":"2025-09-18T10:18:10","modified_gmt":"2025-09-18T08:18:10","slug":"lignes-directrices-design-for-recycling","status":"publish","type":"page","link":"https:\/\/tubopress.it\/fr\/lignes-directrices-design-for-recycling\/","title":{"rendered":"Le guide de la Recyclabilit\u00e9 des tubes"},"content":{"rendered":"<section  class=\"section-hero bg-primary position-relative alta\" style=\"background-image: url(https:\/\/tubopress.it\/wp-content\/uploads\/2025\/09\/Recycling-Image-4.png)\">\n        <div class=\"container h-100\">\n        <div class=\"row h-100 align-items-center\">\n            <div class=\"col-12 z-1\">\n                <h1 class=\"text-white title-big-light tubopress-animate tubopress-animation-slide-up mb-20 text-center \"><\/h1>\n            <\/div>\n            <div class=\"text-info text-center\">\n                <p class=\"text-white txt-regular tubopress-animate tubopress-animation-slide-up tubopress-animation-delay-50\"><\/p>\n                <p class=\"text-white txt-regular tubopress-animate tubopress-animation-slide-up tubopress-animation-delay-100\"><\/p>\n            <\/div>\n        <\/div>\n    <\/div>\n<\/section>\n\n<section  class=\"section-testo-semplice bg-secondary\">\n    <div class=\"container\">\n        <div class=\"text-primary txt-regular tubopress-animate tubopress-animation-slide-up\">\n            <p style=\"color: #ffffff; text-align: left;\"><strong>Nous proposons des tubes en plastique conformes aux principes de l\u2019\u00e9conomie circulaire et au R\u00e8glement UE 2025\/40, connu sous le nom de Packaging and Packaging Waste Regulation (PPWR). Selon ce r\u00e8glement, d\u2019ici 2030, tous les emballages mis sur le march\u00e9 devront \u00eatre recyclables et contenir un pourcentage minimum de mati\u00e8re recycl\u00e9e post-consommation, qui, dans le cas sp\u00e9cifique des tubes en plastique, est fix\u00e9 \u00e0 35%.<\/strong><\/p>\n        <\/div>\n                    <\/div>\n<\/section>\n\n<section  class=\"section-titolo-testo bg-white\">\n    <div class=\"container\">\n        <h2 class=\"text-center text-primary title-s-regular mb-25 mb-lg-40 tubopress-animate tubopress-animation-slide-up\">\n            Comportement du tube au recyclage &#8211; Lignes directrices        <\/h2>\n        <div class=\"text-center text-primary txt-regular tubopress-animate tubopress-animation-slide-up tubopress-animation-delay-50\">\n            <p style=\"text-align: left;\">Les tubes en plastique sont des emballages enti\u00e8rement recyclables \u00e0 condition que certains crit\u00e8res de conception pour le recyclage soient respect\u00e9s.<br \/>\nLes principales recommandations pour la compatibilit\u00e9 des mat\u00e9riaux avec le recyclage sont les suivantes<\/p>\n<ul>\n<li style=\"text-align: left;\">Utiliser une capsule fabriqu\u00e9e avec la m\u00eame mati\u00e8re PE que le corps du tube pour produire un emballage mono-mati\u00e8re et faciliter le recyclage<\/li>\n<li style=\"text-align: left;\">Tubes PE monocouche avec bouchons \u00e0 vis en PP. Dans ce cas, le consommateur final<br \/>\npeut d\u00e9visser le bouchon pour le s\u00e9parer du recyclage<\/li>\n<li style=\"text-align: left;\">Tubes multicouches en Coex dans lesquels la barri\u00e8re en EVOH ne d\u00e9passe pas<br \/>\n6 % du poids total du mat\u00e9riau du tube.<\/li>\n<li style=\"text-align: left;\">Une densit\u00e9 pr\u00e9dominante de PEHD afin que le pourcentage de PCR soit<br \/>\nplus \u00e9lev\u00e9 : le m\u00e9lange suivant 80% PEHD -20% PELLD est recommand\u00e9.<\/li>\n<li style=\"text-align: left;\">Privil\u00e9gier un tube de couleur claire<\/li>\n<li style=\"text-align: left;\">Encre d&rsquo;impression de couleur claire<\/li>\n<li style=\"text-align: left;\">Impression sur tubes de pr\u00e9f\u00e9rence avec une couverture minimale de la surface.<\/li>\n<li style=\"text-align: left;\">Le sceau de garantie (alu.) ou sleeve d&rsquo;inviolabilit\u00e9 car enlev\u00e9s par l&rsquo;utilisateur final<br \/>\navant l&rsquo;utilisation.<\/li>\n<\/ul>\n        <\/div>\n    <\/div>\n<\/section>","protected":false},"excerpt":{"rendered":"","protected":false},"author":1,"featured_media":0,"parent":0,"menu_order":0,"comment_status":"closed","ping_status":"closed","template":"","meta":{"footnotes":""},"acf":[],"_links":{"self":[{"href":"https:\/\/tubopress.it\/fr\/wp-json\/wp\/v2\/pages\/6971"}],"collection":[{"href":"https:\/\/tubopress.it\/fr\/wp-json\/wp\/v2\/pages"}],"about":[{"href":"https:\/\/tubopress.it\/fr\/wp-json\/wp\/v2\/types\/page"}],"author":[{"embeddable":true,"href":"https:\/\/tubopress.it\/fr\/wp-json\/wp\/v2\/users\/1"}],"replies":[{"embeddable":true,"href":"https:\/\/tubopress.it\/fr\/wp-json\/wp\/v2\/comments?post=6971"}],"version-history":[{"count":3,"href":"https:\/\/tubopress.it\/fr\/wp-json\/wp\/v2\/pages\/6971\/revisions"}],"predecessor-version":[{"id":8131,"href":"https:\/\/tubopress.it\/fr\/wp-json\/wp\/v2\/pages\/6971\/revisions\/8131"}],"wp:attachment":[{"href":"https:\/\/tubopress.it\/fr\/wp-json\/wp\/v2\/media?parent=6971"}],"curies":[{"name":"wp","href":"https:\/\/api.w.org\/{rel}","templated":true}]}}